{"id":2191,"date":"2020-10-18T10:52:25","date_gmt":"2020-10-18T08:52:25","guid":{"rendered":"https:\/\/guc.asso.fr\/gucescrime\/?page_id=2191"},"modified":"2025-06-09T08:54:38","modified_gmt":"2025-06-09T06:54:38","slug":"archives","status":"publish","type":"page","link":"https:\/\/guc.asso.fr\/gucescrime\/index.php\/guc-escrime\/le-club\/archives\/","title":{"rendered":"Biblioth\u00e8que de photos"},"content":{"rendered":"\n<p><strong>Liens vers des archives photos : par saisons<\/strong><br><\/p>\n\n\n\n<p>Saison <a href=\"http:\/\/escr-photos.guc.asso.fr\/photos_saisons_2024_25_26\/\"><strong><mark style=\"background-color:rgba(0, 0, 0, 0)\" class=\"has-inline-color has-vivid-purple-color\">2024-25<\/mark><\/strong> et 25-26<\/a><br>Saisons <a href=\"http:\/\/escr-photos.guc.asso.fr\/photos_saisons_2022_23_24\/\"><mark style=\"background-color:rgba(0, 0, 0, 0)\" class=\"has-inline-color has-vivid-cyan-blue-color\">2022-23 et 23-24<\/mark><\/a><br>Saisons <a href=\"http:\/\/escr-photos.guc.asso.fr\/photos_saisons_2020_21_22\/\">2020-21 et 21-22<\/a><br>Saisons <a href=\"http:\/\/escr-photos.guc.asso.fr\/photos_saisons_2018_19_20\/\">2018-19 et 19-20<\/a><br>Saisons <a href=\"http:\/\/escr-photos.guc.asso.fr\/photos_saisons_2016_17_18\/\">2016-17 et 17-18<\/a><br>Saisons <a href=\"http:\/\/escr-photos.guc.asso.fr\/photos_saisons_2014_15_16\/\">2014-15 et 15-16<\/a><br>Saisons <a href=\"http:\/\/escr-photos.guc.asso.fr\/photos_saisons_2012_13_14\/\">2012-13 et 13-14<\/a><br>Saisons<a href=\"http:\/\/escr-photos.guc.asso.fr\/photos_saisons_2010_2011_2012\/\"> 2010-11 et 11-12<\/a><br>Saisons <a href=\"http:\/\/escr-photos.guc.asso.fr\/photos_compet_2008_09_10\/\">2008-09 et 09-10<\/a><br>Saisons <a href=\"http:\/\/escr-photos.guc.asso.fr\/photos_compet_2006_07_08\/\">2006-07 et 07-08<\/a><\/p>\n\n\n\n<p>Liens vers les <strong><a href=\"http:\/\/escr-photos.guc.asso.fr\/fonds_ecrans_affiches\/Guc_voeux\/index.html\">cartes de v\u0153ux du club<\/a><\/strong><\/p>\n\n\n\n<p>Liens vers des <strong>archives photos : <a href=\"http:\/\/escr-photos.guc.asso.fr\/photos_resumes\/\">r\u00e9sum\u00e9s saisons pr\u00e9c\u00e9dentes<\/a><\/strong><\/p>\n\n\n\n<p>Liens vers les <strong><a href=\"http:\/\/escr-photos.guc.asso.fr\/fonds_ecrans_affiches\/\">collections d&rsquo;affiches et de fonds d&rsquo;\u00e9crans<\/a><\/strong><\/p>\n\n\n\n<p>Liens vers des <a href=\"http:\/\/escr-photos.guc.asso.fr\/photos_th%c3%a8mes\/\"><strong>diaporamas par th\u00e8me<\/strong><\/a> (baby, comp\u00e9titions, \u00e9coles, entra\u00eenements)<\/p>\n\n\n\n<p><\/p>\n","protected":false},"excerpt":{"rendered":"<p>Liens vers des archives photos : par saisons Saison 2024-25 et 25-26Saisons 2022-23 et 23-24Saisons 2020-21 et 21-22Saisons 2018-19 et 19-20Saisons 2016-17 et 17-18Saisons 2014-15 et 15-16Saisons 2012-13 et 13-14Saisons 2010-11 et 11-12Saisons 2008-09 et 09-10Saisons 2006-07 et 07-08 Liens vers les cartes de v\u0153ux du club Liens vers des archives photos : r\u00e9sum\u00e9s saisons &hellip; <a href=\"https:\/\/guc.asso.fr\/gucescrime\/index.php\/guc-escrime\/le-club\/archives\/\" class=\"more-link\">Lire la suite <span class=\"screen-reader-text\">Biblioth\u00e8que de photos<\/span><\/a><\/p>\n","protected":false},"author":1,"featured_media":0,"parent":1779,"menu_order":0,"comment_status":"closed","ping_status":"closed","template":"","meta":{"jetpack_post_was_ever_published":false,"footnotes":""},"class_list":["post-2191","page","type-page","status-publish","hentry"],"yoast_head":"<!-- This site is optimized with the Yoast SEO plugin v24.2 - https:\/\/yoast.com\/wordpress\/plugins\/seo\/ -->\n<title>Biblioth\u00e8que de photos - GUC-Escrime<\/title>\n<meta name=\"description\" content=\"GUC-Escrime Biblioth\u00e8que de photos photos ; voeux ; affiches; fond d&#039;\u00e9crans\" \/>\n<meta name=\"robots\" content=\"index, follow, max-snippet:-1, max-image-preview:large, max-video-preview:-1\" \/>\n<link rel=\"canonical\" href=\"https:\/\/guc.asso.fr\/gucescrime\/index.php\/guc-escrime\/le-club\/archives\/\" \/>\n<meta property=\"og:locale\" content=\"fr_FR\" \/>\n<meta property=\"og:type\" content=\"article\" \/>\n<meta property=\"og:title\" content=\"Biblioth\u00e8que de photos - GUC-Escrime\" \/>\n<meta property=\"og:description\" content=\"GUC-Escrime Biblioth\u00e8que de photos photos ; voeux ; affiches; fond d&#039;\u00e9crans\" \/>\n<meta property=\"og:url\" content=\"https:\/\/guc.asso.fr\/gucescrime\/index.php\/guc-escrime\/le-club\/archives\/\" \/>\n<meta property=\"og:site_name\" content=\"GUC-Escrime\" \/>\n<meta property=\"article:publisher\" content=\"https:\/\/www.facebook.com\/gucescrime\" \/>\n<meta property=\"article:modified_time\" content=\"2025-06-09T06:54:38+00:00\" \/>\n<meta name=\"twitter:card\" content=\"summary_large_image\" \/>\n<meta name=\"twitter:label1\" content=\"Dur\u00e9e de lecture estim\u00e9e\" \/>\n\t<meta name=\"twitter:data1\" content=\"1 minute\" \/>\n<script type=\"application\/ld+json\" class=\"yoast-schema-graph\">{\"@context\":\"https:\/\/schema.org\",\"@graph\":[{\"@type\":\"WebPage\",\"@id\":\"https:\/\/guc.asso.fr\/gucescrime\/index.php\/guc-escrime\/le-club\/archives\/\",\"url\":\"https:\/\/guc.asso.fr\/gucescrime\/index.php\/guc-escrime\/le-club\/archives\/\",\"name\":\"Biblioth\u00e8que de photos - GUC-Escrime\",\"isPartOf\":{\"@id\":\"https:\/\/guc.asso.fr\/gucescrime\/#website\"},\"datePublished\":\"2020-10-18T08:52:25+00:00\",\"dateModified\":\"2025-06-09T06:54:38+00:00\",\"description\":\"GUC-Escrime Biblioth\u00e8que de photos photos ; voeux ; affiches; fond d'\u00e9crans\",\"breadcrumb\":{\"@id\":\"https:\/\/guc.asso.fr\/gucescrime\/index.php\/guc-escrime\/le-club\/archives\/#breadcrumb\"},\"inLanguage\":\"fr-FR\",\"potentialAction\":[{\"@type\":\"ReadAction\",\"target\":[\"https:\/\/guc.asso.fr\/gucescrime\/index.php\/guc-escrime\/le-club\/archives\/\"]}]},{\"@type\":\"BreadcrumbList\",\"@id\":\"https:\/\/guc.asso.fr\/gucescrime\/index.php\/guc-escrime\/le-club\/archives\/#breadcrumb\",\"itemListElement\":[{\"@type\":\"ListItem\",\"position\":1,\"name\":\"Accueil\",\"item\":\"https:\/\/guc.asso.fr\/gucescrime\/\"},{\"@type\":\"ListItem\",\"position\":2,\"name\":\"GUC Escrime\",\"item\":\"https:\/\/guc.asso.fr\/gucescrime\/\"},{\"@type\":\"ListItem\",\"position\":3,\"name\":\"Le club\",\"item\":\"http:\/\/guc.asso.fr\/gucescrime\/index.php\/guc-escrime\/le-club\/\"},{\"@type\":\"ListItem\",\"position\":4,\"name\":\"Biblioth\u00e8que de photos\"}]},{\"@type\":\"WebSite\",\"@id\":\"https:\/\/guc.asso.fr\/gucescrime\/#website\",\"url\":\"https:\/\/guc.asso.fr\/gucescrime\/\",\"name\":\"GUC-Escrime\",\"description\":\"L&#039;art du fleuret et l&#039;esprit du sport \u00e0 Grenoble\",\"publisher\":{\"@id\":\"https:\/\/guc.asso.fr\/gucescrime\/#organization\"},\"potentialAction\":[{\"@type\":\"SearchAction\",\"target\":{\"@type\":\"EntryPoint\",\"urlTemplate\":\"https:\/\/guc.asso.fr\/gucescrime\/?s={search_term_string}\"},\"query-input\":{\"@type\":\"PropertyValueSpecification\",\"valueRequired\":true,\"valueName\":\"search_term_string\"}}],\"inLanguage\":\"fr-FR\"},{\"@type\":\"Organization\",\"@id\":\"https:\/\/guc.asso.fr\/gucescrime\/#organization\",\"name\":\"GUC-Escrime\",\"url\":\"https:\/\/guc.asso.fr\/gucescrime\/\",\"logo\":{\"@type\":\"ImageObject\",\"inLanguage\":\"fr-FR\",\"@id\":\"https:\/\/guc.asso.fr\/gucescrime\/#\/schema\/logo\/image\/\",\"url\":\"https:\/\/i0.wp.com\/guc.asso.fr\/gucescrime\/wp-content\/uploads\/2018\/06\/logo_GUC2014_JV_h0250.png?fit=186%2C250\",\"contentUrl\":\"https:\/\/i0.wp.com\/guc.asso.fr\/gucescrime\/wp-content\/uploads\/2018\/06\/logo_GUC2014_JV_h0250.png?fit=186%2C250\",\"width\":186,\"height\":250,\"caption\":\"GUC-Escrime\"},\"image\":{\"@id\":\"https:\/\/guc.asso.fr\/gucescrime\/#\/schema\/logo\/image\/\"},\"sameAs\":[\"https:\/\/www.facebook.com\/gucescrime\"]}]}<\/script>\n<!-- \/ Yoast SEO plugin. -->","yoast_head_json":{"title":"Biblioth\u00e8que de photos - GUC-Escrime","description":"GUC-Escrime Biblioth\u00e8que de photos photos ; voeux ; affiches; fond d'\u00e9crans","robots":{"index":"index","follow":"follow","max-snippet":"max-snippet:-1","max-image-preview":"max-image-preview:large","max-video-preview":"max-video-preview:-1"},"canonical":"https:\/\/guc.asso.fr\/gucescrime\/index.php\/guc-escrime\/le-club\/archives\/","og_locale":"fr_FR","og_type":"article","og_title":"Biblioth\u00e8que de photos - GUC-Escrime","og_description":"GUC-Escrime Biblioth\u00e8que de photos photos ; voeux ; affiches; fond d'\u00e9crans","og_url":"https:\/\/guc.asso.fr\/gucescrime\/index.php\/guc-escrime\/le-club\/archives\/","og_site_name":"GUC-Escrime","article_publisher":"https:\/\/www.facebook.com\/gucescrime","article_modified_time":"2025-06-09T06:54:38+00:00","twitter_card":"summary_large_image","twitter_misc":{"Dur\u00e9e de lecture estim\u00e9e":"1 minute"},"schema":{"@context":"https:\/\/schema.org","@graph":[{"@type":"WebPage","@id":"https:\/\/guc.asso.fr\/gucescrime\/index.php\/guc-escrime\/le-club\/archives\/","url":"https:\/\/guc.asso.fr\/gucescrime\/index.php\/guc-escrime\/le-club\/archives\/","name":"Biblioth\u00e8que de photos - GUC-Escrime","isPartOf":{"@id":"https:\/\/guc.asso.fr\/gucescrime\/#website"},"datePublished":"2020-10-18T08:52:25+00:00","dateModified":"2025-06-09T06:54:38+00:00","description":"GUC-Escrime Biblioth\u00e8que de photos photos ; voeux ; affiches; fond d'\u00e9crans","breadcrumb":{"@id":"https:\/\/guc.asso.fr\/gucescrime\/index.php\/guc-escrime\/le-club\/archives\/#breadcrumb"},"inLanguage":"fr-FR","potentialAction":[{"@type":"ReadAction","target":["https:\/\/guc.asso.fr\/gucescrime\/index.php\/guc-escrime\/le-club\/archives\/"]}]},{"@type":"BreadcrumbList","@id":"https:\/\/guc.asso.fr\/gucescrime\/index.php\/guc-escrime\/le-club\/archives\/#breadcrumb","itemListElement":[{"@type":"ListItem","position":1,"name":"Accueil","item":"https:\/\/guc.asso.fr\/gucescrime\/"},{"@type":"ListItem","position":2,"name":"GUC Escrime","item":"https:\/\/guc.asso.fr\/gucescrime\/"},{"@type":"ListItem","position":3,"name":"Le club","item":"http:\/\/guc.asso.fr\/gucescrime\/index.php\/guc-escrime\/le-club\/"},{"@type":"ListItem","position":4,"name":"Biblioth\u00e8que de photos"}]},{"@type":"WebSite","@id":"https:\/\/guc.asso.fr\/gucescrime\/#website","url":"https:\/\/guc.asso.fr\/gucescrime\/","name":"GUC-Escrime","description":"L&#039;art du fleuret et l&#039;esprit du sport \u00e0 Grenoble","publisher":{"@id":"https:\/\/guc.asso.fr\/gucescrime\/#organization"},"potentialAction":[{"@type":"SearchAction","target":{"@type":"EntryPoint","urlTemplate":"https:\/\/guc.asso.fr\/gucescrime\/?s={search_term_string}"},"query-input":{"@type":"PropertyValueSpecification","valueRequired":true,"valueName":"search_term_string"}}],"inLanguage":"fr-FR"},{"@type":"Organization","@id":"https:\/\/guc.asso.fr\/gucescrime\/#organization","name":"GUC-Escrime","url":"https:\/\/guc.asso.fr\/gucescrime\/","logo":{"@type":"ImageObject","inLanguage":"fr-FR","@id":"https:\/\/guc.asso.fr\/gucescrime\/#\/schema\/logo\/image\/","url":"https:\/\/i0.wp.com\/guc.asso.fr\/gucescrime\/wp-content\/uploads\/2018\/06\/logo_GUC2014_JV_h0250.png?fit=186%2C250","contentUrl":"https:\/\/i0.wp.com\/guc.asso.fr\/gucescrime\/wp-content\/uploads\/2018\/06\/logo_GUC2014_JV_h0250.png?fit=186%2C250","width":186,"height":250,"caption":"GUC-Escrime"},"image":{"@id":"https:\/\/guc.asso.fr\/gucescrime\/#\/schema\/logo\/image\/"},"sameAs":["https:\/\/www.facebook.com\/gucescrime"]}]}},"jetpack_sharing_enabled":true,"jetpack_shortlink":"https:\/\/wp.me\/Pa0KHz-zl","_links":{"self":[{"href":"https:\/\/guc.asso.fr\/gucescrime\/index.php\/wp-json\/wp\/v2\/pages\/2191","targetHints":{"allow":["GET"]}}],"collection":[{"href":"https:\/\/guc.asso.fr\/gucescrime\/index.php\/wp-json\/wp\/v2\/pages"}],"about":[{"href":"https:\/\/guc.asso.fr\/gucescrime\/index.php\/wp-json\/wp\/v2\/types\/page"}],"author":[{"embeddable":true,"href":"https:\/\/guc.asso.fr\/gucescrime\/index.php\/wp-json\/wp\/v2\/users\/1"}],"replies":[{"embeddable":true,"href":"https:\/\/guc.asso.fr\/gucescrime\/index.php\/wp-json\/wp\/v2\/comments?post=2191"}],"version-history":[{"count":12,"href":"https:\/\/guc.asso.fr\/gucescrime\/index.php\/wp-json\/wp\/v2\/pages\/2191\/revisions"}],"predecessor-version":[{"id":3612,"href":"https:\/\/guc.asso.fr\/gucescrime\/index.php\/wp-json\/wp\/v2\/pages\/2191\/revisions\/3612"}],"up":[{"embeddable":true,"href":"https:\/\/guc.asso.fr\/gucescrime\/index.php\/wp-json\/wp\/v2\/pages\/1779"}],"wp:attachment":[{"href":"https:\/\/guc.asso.fr\/gucescrime\/index.php\/wp-json\/wp\/v2\/media?parent=2191"}],"curies":[{"name":"wp","href":"https:\/\/api.w.org\/{rel}","templated":true}]}}