{"id":1779,"date":"2020-06-07T16:57:03","date_gmt":"2020-06-07T14:57:03","guid":{"rendered":"https:\/\/guc.asso.fr\/gucescrime\/?page_id=1779"},"modified":"2020-06-26T23:38:43","modified_gmt":"2020-06-26T21:38:43","slug":"le-club","status":"publish","type":"page","link":"https:\/\/guc.asso.fr\/gucescrime\/index.php\/guc-escrime\/le-club\/","title":{"rendered":"Le club"},"content":{"rendered":"\n<p><strong>Le Grenoble Universit\u00e9 Club (GUC)<\/strong> f\u00e9d\u00e8re 23 associations sportives \u00e0 but non lucratif (loi de 1901) <strong>ouvertes \u00e0 tous et \u00e0 tous les \u00e2ges<\/strong>. <\/p>\n\n\n\n<p><strong>Le GUC Escrime<\/strong> est sp\u00e9cialis\u00e9 dans la pratique du <a href=\"http:\/\/guc.asso.fr\/gucescrime\/wp-content\/uploads\/2018\/08\/dessin-regles-fleuret-seul_1.jpg\" target=\"_blank\" rel=\"noopener noreferrer\"><strong>fleuret<\/strong><\/a>. Son objectif est de permettre \u00e0 chacun de progresser selon son niveau, son \u00e2ge et ses attentes, pour obtenir la r\u00e9ussite sportive en comp\u00e9tition ou simplement se livrer \u00e0 un exercice physique \u00e0 la fois ludique, exigeant et intelligent.<\/p>\n\n\n\n<div style=\"height:20px\" aria-hidden=\"true\" class=\"wp-block-spacer\"><\/div>\n\n\n\n<div class=\"wp-block-jetpack-tiled-gallery aligncenter is-style-rectangular\"><div class=\"tiled-gallery__gallery\"><div class=\"tiled-gallery__row\"><div class=\"tiled-gallery__col\"><figure class=\"tiled-gallery__item\"><img decoding=\"async\" data-attachment-id=\"463\" data-permalink=\"https:\/\/guc.asso.fr\/gucescrime\/konica-minolta-digital-camera\/\" data-orig-file=\"https:\/\/i0.wp.com\/guc.asso.fr\/gucescrime\/wp-content\/uploads\/2018\/07\/gener_PICT5219.jpg?fit=207%2C220&amp;ssl=1\" data-orig-size=\"207,220\" data-comments-opened=\"0\" data-image-meta=\"{&quot;aperture&quot;:&quot;16&quot;,&quot;credit&quot;:&quot;&quot;,&quot;camera&quot;:&quot;DYNAX 5D&quot;,&quot;caption&quot;:&quot;KONICA MINOLTA DIGITAL CAMERA&quot;,&quot;created_timestamp&quot;:&quot;1180352244&quot;,&quot;copyright&quot;:&quot;&quot;,&quot;focal_length&quot;:&quot;26&quot;,&quot;iso&quot;:&quot;100&quot;,&quot;shutter_speed&quot;:&quot;0.016666666666667&quot;,&quot;title&quot;:&quot;KONICA MINOLTA DIGITAL CAMERA&quot;,&quot;orientation&quot;:&quot;1&quot;}\" data-image-title=\"\" data-image-description=\"\" data-image-caption=\"\" data-medium-file=\"https:\/\/i0.wp.com\/guc.asso.fr\/gucescrime\/wp-content\/uploads\/2018\/07\/gener_PICT5219.jpg?fit=207%2C220&amp;ssl=1\" data-large-file=\"https:\/\/i0.wp.com\/guc.asso.fr\/gucescrime\/wp-content\/uploads\/2018\/07\/gener_PICT5219.jpg?fit=207%2C220&amp;ssl=1\" data-attachment-id=\"463\" data-permalink=\"https:\/\/guc.asso.fr\/gucescrime\/konica-minolta-digital-camera\/\" data-orig-file=\"https:\/\/i0.wp.com\/guc.asso.fr\/gucescrime\/wp-content\/uploads\/2018\/07\/gener_PICT5219.jpg?fit=207%2C220&amp;ssl=1\" data-orig-size=\"207,220\" data-comments-opened=\"0\" data-image-meta=\"{&quot;aperture&quot;:&quot;16&quot;,&quot;credit&quot;:&quot;&quot;,&quot;camera&quot;:&quot;DYNAX 5D&quot;,&quot;caption&quot;:&quot;KONICA MINOLTA DIGITAL CAMERA&quot;,&quot;created_timestamp&quot;:&quot;1180352244&quot;,&quot;copyright&quot;:&quot;&quot;,&quot;focal_length&quot;:&quot;26&quot;,&quot;iso&quot;:&quot;100&quot;,&quot;shutter_speed&quot;:&quot;0.016666666666667&quot;,&quot;title&quot;:&quot;KONICA MINOLTA DIGITAL CAMERA&quot;,&quot;orientation&quot;:&quot;1&quot;}\" data-image-title=\"\" data-image-description=\"\" data-image-caption=\"\" data-medium-file=\"https:\/\/i0.wp.com\/guc.asso.fr\/gucescrime\/wp-content\/uploads\/2018\/07\/gener_PICT5219.jpg?fit=207%2C220&amp;ssl=1\" data-large-file=\"https:\/\/i0.wp.com\/guc.asso.fr\/gucescrime\/wp-content\/uploads\/2018\/07\/gener_PICT5219.jpg?fit=207%2C220&amp;ssl=1\" role=\"button\" tabindex=\"0\" aria-label=\"Ouvrir l\u2019image 1 sur 3 en plein \u00e9cran\"srcset=\"https:\/\/i1.wp.com\/guc.asso.fr\/gucescrime\/wp-content\/uploads\/2018\/07\/gener_PICT5219.jpg?strip=info&#038;w=207 207w\" alt=\"\" data-height=\"220\" data-id=\"463\" data-link=\"http:\/\/guc.asso.fr\/gucescrime\/?attachment_id=463\" data-url=\"http:\/\/guc.asso.fr\/gucescrime\/wp-content\/uploads\/2018\/07\/gener_PICT5219.jpg\" data-width=\"207\" src=\"https:\/\/i1.wp.com\/guc.asso.fr\/gucescrime\/wp-content\/uploads\/2018\/07\/gener_PICT5219.jpg\"\/><\/figure><\/div><div class=\"tiled-gallery__col\"><figure class=\"tiled-gallery__item\"><img decoding=\"async\" data-attachment-id=\"461\" data-permalink=\"https:\/\/guc.asso.fr\/gucescrime\/sony-dsc-4\/\" data-orig-file=\"https:\/\/i0.wp.com\/guc.asso.fr\/gucescrime\/wp-content\/uploads\/2018\/07\/gener_FI10_DSC00630f.jpg?fit=344%2C500&amp;ssl=1\" data-orig-size=\"344,500\" data-comments-opened=\"0\" data-image-meta=\"{&quot;aperture&quot;:&quot;5&quot;,&quot;credit&quot;:&quot;&quot;,&quot;camera&quot;:&quot;DSLR-A500&quot;,&quot;caption&quot;:&quot;SONY DSC&quot;,&quot;created_timestamp&quot;:&quot;1266160604&quot;,&quot;copyright&quot;:&quot;&quot;,&quot;focal_length&quot;:&quot;28&quot;,&quot;iso&quot;:&quot;3200&quot;,&quot;shutter_speed&quot;:&quot;0.003125&quot;,&quot;title&quot;:&quot;SONY DSC&quot;,&quot;orientation&quot;:&quot;1&quot;}\" data-image-title=\"\" data-image-description=\"\" data-image-caption=\"\" data-medium-file=\"https:\/\/i0.wp.com\/guc.asso.fr\/gucescrime\/wp-content\/uploads\/2018\/07\/gener_FI10_DSC00630f.jpg?fit=206%2C300&amp;ssl=1\" data-large-file=\"https:\/\/i0.wp.com\/guc.asso.fr\/gucescrime\/wp-content\/uploads\/2018\/07\/gener_FI10_DSC00630f.jpg?fit=344%2C500&amp;ssl=1\" data-attachment-id=\"461\" data-permalink=\"https:\/\/guc.asso.fr\/gucescrime\/sony-dsc-4\/\" data-orig-file=\"https:\/\/i0.wp.com\/guc.asso.fr\/gucescrime\/wp-content\/uploads\/2018\/07\/gener_FI10_DSC00630f.jpg?fit=344%2C500&amp;ssl=1\" data-orig-size=\"344,500\" data-comments-opened=\"0\" data-image-meta=\"{&quot;aperture&quot;:&quot;5&quot;,&quot;credit&quot;:&quot;&quot;,&quot;camera&quot;:&quot;DSLR-A500&quot;,&quot;caption&quot;:&quot;SONY DSC&quot;,&quot;created_timestamp&quot;:&quot;1266160604&quot;,&quot;copyright&quot;:&quot;&quot;,&quot;focal_length&quot;:&quot;28&quot;,&quot;iso&quot;:&quot;3200&quot;,&quot;shutter_speed&quot;:&quot;0.003125&quot;,&quot;title&quot;:&quot;SONY DSC&quot;,&quot;orientation&quot;:&quot;1&quot;}\" data-image-title=\"\" data-image-description=\"\" data-image-caption=\"\" data-medium-file=\"https:\/\/i0.wp.com\/guc.asso.fr\/gucescrime\/wp-content\/uploads\/2018\/07\/gener_FI10_DSC00630f.jpg?fit=206%2C300&amp;ssl=1\" data-large-file=\"https:\/\/i0.wp.com\/guc.asso.fr\/gucescrime\/wp-content\/uploads\/2018\/07\/gener_FI10_DSC00630f.jpg?fit=344%2C500&amp;ssl=1\" role=\"button\" tabindex=\"0\" aria-label=\"Ouvrir l\u2019image 2 sur 3 en plein \u00e9cran\"srcset=\"https:\/\/i2.wp.com\/guc.asso.fr\/gucescrime\/wp-content\/uploads\/2018\/07\/gener_FI10_DSC00630f.jpg?strip=info&#038;w=344 344w\" alt=\"\" data-height=\"500\" data-id=\"461\" data-link=\"http:\/\/guc.asso.fr\/gucescrime\/?attachment_id=461\" data-url=\"http:\/\/guc.asso.fr\/gucescrime\/wp-content\/uploads\/2018\/07\/gener_FI10_DSC00630f.jpg\" data-width=\"344\" src=\"https:\/\/i2.wp.com\/guc.asso.fr\/gucescrime\/wp-content\/uploads\/2018\/07\/gener_FI10_DSC00630f.jpg\"\/><\/figure><\/div><div class=\"tiled-gallery__col\"><figure class=\"tiled-gallery__item\"><img decoding=\"async\" data-attachment-id=\"462\" data-permalink=\"https:\/\/guc.asso.fr\/gucescrime\/gener_gandalf_epee_seult\/\" data-orig-file=\"https:\/\/i0.wp.com\/guc.asso.fr\/gucescrime\/wp-content\/uploads\/2018\/07\/gener_gandalf_epee_seult.jpg?fit=341%2C588&amp;ssl=1\" data-orig-size=\"341,588\" data-comments-opened=\"0\" data-image-meta=\"{&quot;aperture&quot;:&quot;6.9&quot;,&quot;credit&quot;:&quot;&quot;,&quot;camera&quot;:&quot;E5700&quot;,&quot;caption&quot;:&quot;&quot;,&quot;created_timestamp&quot;:&quot;1115608205&quot;,&quot;copyright&quot;:&quot;&quot;,&quot;focal_length&quot;:&quot;13.7&quot;,&quot;iso&quot;:&quot;100&quot;,&quot;shutter_speed&quot;:&quot;0.12345679012346&quot;,&quot;title&quot;:&quot;&quot;,&quot;orientation&quot;:&quot;1&quot;}\" data-image-title=\"\" data-image-description=\"\" data-image-caption=\"\" data-medium-file=\"https:\/\/i0.wp.com\/guc.asso.fr\/gucescrime\/wp-content\/uploads\/2018\/07\/gener_gandalf_epee_seult.jpg?fit=174%2C300&amp;ssl=1\" data-large-file=\"https:\/\/i0.wp.com\/guc.asso.fr\/gucescrime\/wp-content\/uploads\/2018\/07\/gener_gandalf_epee_seult.jpg?fit=341%2C588&amp;ssl=1\" data-attachment-id=\"462\" data-permalink=\"https:\/\/guc.asso.fr\/gucescrime\/gener_gandalf_epee_seult\/\" data-orig-file=\"https:\/\/i0.wp.com\/guc.asso.fr\/gucescrime\/wp-content\/uploads\/2018\/07\/gener_gandalf_epee_seult.jpg?fit=341%2C588&amp;ssl=1\" data-orig-size=\"341,588\" data-comments-opened=\"0\" data-image-meta=\"{&quot;aperture&quot;:&quot;6.9&quot;,&quot;credit&quot;:&quot;&quot;,&quot;camera&quot;:&quot;E5700&quot;,&quot;caption&quot;:&quot;&quot;,&quot;created_timestamp&quot;:&quot;1115608205&quot;,&quot;copyright&quot;:&quot;&quot;,&quot;focal_length&quot;:&quot;13.7&quot;,&quot;iso&quot;:&quot;100&quot;,&quot;shutter_speed&quot;:&quot;0.12345679012346&quot;,&quot;title&quot;:&quot;&quot;,&quot;orientation&quot;:&quot;1&quot;}\" data-image-title=\"\" data-image-description=\"\" data-image-caption=\"\" data-medium-file=\"https:\/\/i0.wp.com\/guc.asso.fr\/gucescrime\/wp-content\/uploads\/2018\/07\/gener_gandalf_epee_seult.jpg?fit=174%2C300&amp;ssl=1\" data-large-file=\"https:\/\/i0.wp.com\/guc.asso.fr\/gucescrime\/wp-content\/uploads\/2018\/07\/gener_gandalf_epee_seult.jpg?fit=341%2C588&amp;ssl=1\" role=\"button\" tabindex=\"0\" aria-label=\"Ouvrir l\u2019image 3 sur 3 en plein \u00e9cran\"srcset=\"https:\/\/i0.wp.com\/guc.asso.fr\/gucescrime\/wp-content\/uploads\/2018\/07\/gener_gandalf_epee_seult.jpg?strip=info&#038;w=341 341w\" alt=\"\" data-height=\"588\" data-id=\"462\" data-link=\"http:\/\/guc.asso.fr\/gucescrime\/?attachment_id=462\" data-url=\"http:\/\/guc.asso.fr\/gucescrime\/wp-content\/uploads\/2018\/07\/gener_gandalf_epee_seult.jpg\" data-width=\"341\" src=\"https:\/\/i0.wp.com\/guc.asso.fr\/gucescrime\/wp-content\/uploads\/2018\/07\/gener_gandalf_epee_seult.jpg\"\/><\/figure><\/div><\/div><\/div><\/div>\n\n\n\n<p>Le GUC Escrime accueille toutes les g\u00e9n\u00e9rations !&nbsp;&nbsp;<\/p>\n\n\n\n<div style=\"height:20px\" aria-hidden=\"true\" class=\"wp-block-spacer\"><\/div>\n\n\n\n<div style=\"height:20px\" aria-hidden=\"true\" class=\"wp-block-spacer\"><\/div>\n","protected":false},"excerpt":{"rendered":"<p>Le Grenoble Universit\u00e9 Club (GUC) f\u00e9d\u00e8re 23 associations sportives \u00e0 but non lucratif (loi de 1901) ouvertes \u00e0 tous et \u00e0 tous les \u00e2ges. Le GUC Escrime est sp\u00e9cialis\u00e9 dans la pratique du fleuret. Son objectif est de permettre \u00e0 chacun de progresser selon son niveau, son \u00e2ge et ses attentes, pour obtenir la r\u00e9ussite &hellip; <a href=\"https:\/\/guc.asso.fr\/gucescrime\/index.php\/guc-escrime\/le-club\/\" class=\"more-link\">Lire la suite <span class=\"screen-reader-text\">Le club<\/span><\/a><\/p>\n","protected":false},"author":1,"featured_media":0,"parent":1862,"menu_order":0,"comment_status":"closed","ping_status":"closed","template":"","meta":{"jetpack_post_was_ever_published":false,"footnotes":""},"class_list":["post-1779","page","type-page","status-publish","hentry"],"yoast_head":"<!-- This site is optimized with the Yoast SEO plugin v24.2 - https:\/\/yoast.com\/wordpress\/plugins\/seo\/ -->\n<title>Le club - GUC-Escrime<\/title>\n<meta name=\"robots\" content=\"index, follow, max-snippet:-1, max-image-preview:large, max-video-preview:-1\" \/>\n<link rel=\"canonical\" href=\"http:\/\/guc.asso.fr\/gucescrime\/index.php\/guc-escrime\/le-club\/\" \/>\n<meta property=\"og:locale\" content=\"fr_FR\" \/>\n<meta property=\"og:type\" content=\"article\" \/>\n<meta property=\"og:title\" content=\"Le club - GUC-Escrime\" \/>\n<meta property=\"og:description\" content=\"Le Grenoble Universit\u00e9 Club (GUC) f\u00e9d\u00e8re 23 associations sportives \u00e0 but non lucratif (loi de 1901) ouvertes \u00e0 tous et \u00e0 tous les \u00e2ges. Le GUC Escrime est sp\u00e9cialis\u00e9 dans la pratique du fleuret. Son objectif est de permettre \u00e0 chacun de progresser selon son niveau, son \u00e2ge et ses attentes, pour obtenir la r\u00e9ussite &hellip; Lire la suite Le club\" \/>\n<meta property=\"og:url\" content=\"http:\/\/guc.asso.fr\/gucescrime\/index.php\/guc-escrime\/le-club\/\" \/>\n<meta property=\"og:site_name\" content=\"GUC-Escrime\" \/>\n<meta property=\"article:publisher\" content=\"https:\/\/www.facebook.com\/gucescrime\" \/>\n<meta property=\"article:modified_time\" content=\"2020-06-26T21:38:43+00:00\" \/>\n<meta property=\"og:image\" content=\"https:\/\/i1.wp.com\/guc.asso.fr\/gucescrime\/wp-content\/uploads\/2018\/07\/gener_PICT5219.jpg\" \/>\n<meta name=\"twitter:card\" content=\"summary_large_image\" \/>\n<script type=\"application\/ld+json\" class=\"yoast-schema-graph\">{\"@context\":\"https:\/\/schema.org\",\"@graph\":[{\"@type\":\"WebPage\",\"@id\":\"http:\/\/guc.asso.fr\/gucescrime\/index.php\/guc-escrime\/le-club\/\",\"url\":\"http:\/\/guc.asso.fr\/gucescrime\/index.php\/guc-escrime\/le-club\/\",\"name\":\"Le club - GUC-Escrime\",\"isPartOf\":{\"@id\":\"https:\/\/guc.asso.fr\/gucescrime\/#website\"},\"primaryImageOfPage\":{\"@id\":\"http:\/\/guc.asso.fr\/gucescrime\/index.php\/guc-escrime\/le-club\/#primaryimage\"},\"image\":{\"@id\":\"http:\/\/guc.asso.fr\/gucescrime\/index.php\/guc-escrime\/le-club\/#primaryimage\"},\"thumbnailUrl\":\"https:\/\/i1.wp.com\/guc.asso.fr\/gucescrime\/wp-content\/uploads\/2018\/07\/gener_PICT5219.jpg\",\"datePublished\":\"2020-06-07T14:57:03+00:00\",\"dateModified\":\"2020-06-26T21:38:43+00:00\",\"breadcrumb\":{\"@id\":\"http:\/\/guc.asso.fr\/gucescrime\/index.php\/guc-escrime\/le-club\/#breadcrumb\"},\"inLanguage\":\"fr-FR\",\"potentialAction\":[{\"@type\":\"ReadAction\",\"target\":[\"http:\/\/guc.asso.fr\/gucescrime\/index.php\/guc-escrime\/le-club\/\"]}]},{\"@type\":\"ImageObject\",\"inLanguage\":\"fr-FR\",\"@id\":\"http:\/\/guc.asso.fr\/gucescrime\/index.php\/guc-escrime\/le-club\/#primaryimage\",\"url\":\"https:\/\/i1.wp.com\/guc.asso.fr\/gucescrime\/wp-content\/uploads\/2018\/07\/gener_PICT5219.jpg\",\"contentUrl\":\"https:\/\/i1.wp.com\/guc.asso.fr\/gucescrime\/wp-content\/uploads\/2018\/07\/gener_PICT5219.jpg\"},{\"@type\":\"BreadcrumbList\",\"@id\":\"http:\/\/guc.asso.fr\/gucescrime\/index.php\/guc-escrime\/le-club\/#breadcrumb\",\"itemListElement\":[{\"@type\":\"ListItem\",\"position\":1,\"name\":\"Accueil\",\"item\":\"https:\/\/guc.asso.fr\/gucescrime\/\"},{\"@type\":\"ListItem\",\"position\":2,\"name\":\"GUC Escrime\",\"item\":\"https:\/\/guc.asso.fr\/gucescrime\/\"},{\"@type\":\"ListItem\",\"position\":3,\"name\":\"Le club\"}]},{\"@type\":\"WebSite\",\"@id\":\"https:\/\/guc.asso.fr\/gucescrime\/#website\",\"url\":\"https:\/\/guc.asso.fr\/gucescrime\/\",\"name\":\"GUC-Escrime\",\"description\":\"L&#039;art du fleuret et l&#039;esprit du sport \u00e0 Grenoble\",\"publisher\":{\"@id\":\"https:\/\/guc.asso.fr\/gucescrime\/#organization\"},\"potentialAction\":[{\"@type\":\"SearchAction\",\"target\":{\"@type\":\"EntryPoint\",\"urlTemplate\":\"https:\/\/guc.asso.fr\/gucescrime\/?s={search_term_string}\"},\"query-input\":{\"@type\":\"PropertyValueSpecification\",\"valueRequired\":true,\"valueName\":\"search_term_string\"}}],\"inLanguage\":\"fr-FR\"},{\"@type\":\"Organization\",\"@id\":\"https:\/\/guc.asso.fr\/gucescrime\/#organization\",\"name\":\"GUC-Escrime\",\"url\":\"https:\/\/guc.asso.fr\/gucescrime\/\",\"logo\":{\"@type\":\"ImageObject\",\"inLanguage\":\"fr-FR\",\"@id\":\"https:\/\/guc.asso.fr\/gucescrime\/#\/schema\/logo\/image\/\",\"url\":\"https:\/\/i0.wp.com\/guc.asso.fr\/gucescrime\/wp-content\/uploads\/2018\/06\/logo_GUC2014_JV_h0250.png?fit=186%2C250\",\"contentUrl\":\"https:\/\/i0.wp.com\/guc.asso.fr\/gucescrime\/wp-content\/uploads\/2018\/06\/logo_GUC2014_JV_h0250.png?fit=186%2C250\",\"width\":186,\"height\":250,\"caption\":\"GUC-Escrime\"},\"image\":{\"@id\":\"https:\/\/guc.asso.fr\/gucescrime\/#\/schema\/logo\/image\/\"},\"sameAs\":[\"https:\/\/www.facebook.com\/gucescrime\"]}]}<\/script>\n<!-- \/ Yoast SEO plugin. -->","yoast_head_json":{"title":"Le club - GUC-Escrime","robots":{"index":"index","follow":"follow","max-snippet":"max-snippet:-1","max-image-preview":"max-image-preview:large","max-video-preview":"max-video-preview:-1"},"canonical":"http:\/\/guc.asso.fr\/gucescrime\/index.php\/guc-escrime\/le-club\/","og_locale":"fr_FR","og_type":"article","og_title":"Le club - GUC-Escrime","og_description":"Le Grenoble Universit\u00e9 Club (GUC) f\u00e9d\u00e8re 23 associations sportives \u00e0 but non lucratif (loi de 1901) ouvertes \u00e0 tous et \u00e0 tous les \u00e2ges. Le GUC Escrime est sp\u00e9cialis\u00e9 dans la pratique du fleuret. Son objectif est de permettre \u00e0 chacun de progresser selon son niveau, son \u00e2ge et ses attentes, pour obtenir la r\u00e9ussite &hellip; Lire la suite Le club","og_url":"http:\/\/guc.asso.fr\/gucescrime\/index.php\/guc-escrime\/le-club\/","og_site_name":"GUC-Escrime","article_publisher":"https:\/\/www.facebook.com\/gucescrime","article_modified_time":"2020-06-26T21:38:43+00:00","og_image":[{"url":"https:\/\/i1.wp.com\/guc.asso.fr\/gucescrime\/wp-content\/uploads\/2018\/07\/gener_PICT5219.jpg","type":"","width":"","height":""}],"twitter_card":"summary_large_image","schema":{"@context":"https:\/\/schema.org","@graph":[{"@type":"WebPage","@id":"http:\/\/guc.asso.fr\/gucescrime\/index.php\/guc-escrime\/le-club\/","url":"http:\/\/guc.asso.fr\/gucescrime\/index.php\/guc-escrime\/le-club\/","name":"Le club - GUC-Escrime","isPartOf":{"@id":"https:\/\/guc.asso.fr\/gucescrime\/#website"},"primaryImageOfPage":{"@id":"http:\/\/guc.asso.fr\/gucescrime\/index.php\/guc-escrime\/le-club\/#primaryimage"},"image":{"@id":"http:\/\/guc.asso.fr\/gucescrime\/index.php\/guc-escrime\/le-club\/#primaryimage"},"thumbnailUrl":"https:\/\/i1.wp.com\/guc.asso.fr\/gucescrime\/wp-content\/uploads\/2018\/07\/gener_PICT5219.jpg","datePublished":"2020-06-07T14:57:03+00:00","dateModified":"2020-06-26T21:38:43+00:00","breadcrumb":{"@id":"http:\/\/guc.asso.fr\/gucescrime\/index.php\/guc-escrime\/le-club\/#breadcrumb"},"inLanguage":"fr-FR","potentialAction":[{"@type":"ReadAction","target":["http:\/\/guc.asso.fr\/gucescrime\/index.php\/guc-escrime\/le-club\/"]}]},{"@type":"ImageObject","inLanguage":"fr-FR","@id":"http:\/\/guc.asso.fr\/gucescrime\/index.php\/guc-escrime\/le-club\/#primaryimage","url":"https:\/\/i1.wp.com\/guc.asso.fr\/gucescrime\/wp-content\/uploads\/2018\/07\/gener_PICT5219.jpg","contentUrl":"https:\/\/i1.wp.com\/guc.asso.fr\/gucescrime\/wp-content\/uploads\/2018\/07\/gener_PICT5219.jpg"},{"@type":"BreadcrumbList","@id":"http:\/\/guc.asso.fr\/gucescrime\/index.php\/guc-escrime\/le-club\/#breadcrumb","itemListElement":[{"@type":"ListItem","position":1,"name":"Accueil","item":"https:\/\/guc.asso.fr\/gucescrime\/"},{"@type":"ListItem","position":2,"name":"GUC Escrime","item":"https:\/\/guc.asso.fr\/gucescrime\/"},{"@type":"ListItem","position":3,"name":"Le club"}]},{"@type":"WebSite","@id":"https:\/\/guc.asso.fr\/gucescrime\/#website","url":"https:\/\/guc.asso.fr\/gucescrime\/","name":"GUC-Escrime","description":"L&#039;art du fleuret et l&#039;esprit du sport \u00e0 Grenoble","publisher":{"@id":"https:\/\/guc.asso.fr\/gucescrime\/#organization"},"potentialAction":[{"@type":"SearchAction","target":{"@type":"EntryPoint","urlTemplate":"https:\/\/guc.asso.fr\/gucescrime\/?s={search_term_string}"},"query-input":{"@type":"PropertyValueSpecification","valueRequired":true,"valueName":"search_term_string"}}],"inLanguage":"fr-FR"},{"@type":"Organization","@id":"https:\/\/guc.asso.fr\/gucescrime\/#organization","name":"GUC-Escrime","url":"https:\/\/guc.asso.fr\/gucescrime\/","logo":{"@type":"ImageObject","inLanguage":"fr-FR","@id":"https:\/\/guc.asso.fr\/gucescrime\/#\/schema\/logo\/image\/","url":"https:\/\/i0.wp.com\/guc.asso.fr\/gucescrime\/wp-content\/uploads\/2018\/06\/logo_GUC2014_JV_h0250.png?fit=186%2C250","contentUrl":"https:\/\/i0.wp.com\/guc.asso.fr\/gucescrime\/wp-content\/uploads\/2018\/06\/logo_GUC2014_JV_h0250.png?fit=186%2C250","width":186,"height":250,"caption":"GUC-Escrime"},"image":{"@id":"https:\/\/guc.asso.fr\/gucescrime\/#\/schema\/logo\/image\/"},"sameAs":["https:\/\/www.facebook.com\/gucescrime"]}]}},"jetpack_sharing_enabled":true,"jetpack_shortlink":"https:\/\/wp.me\/Pa0KHz-sH","_links":{"self":[{"href":"https:\/\/guc.asso.fr\/gucescrime\/index.php\/wp-json\/wp\/v2\/pages\/1779","targetHints":{"allow":["GET"]}}],"collection":[{"href":"https:\/\/guc.asso.fr\/gucescrime\/index.php\/wp-json\/wp\/v2\/pages"}],"about":[{"href":"https:\/\/guc.asso.fr\/gucescrime\/index.php\/wp-json\/wp\/v2\/types\/page"}],"author":[{"embeddable":true,"href":"https:\/\/guc.asso.fr\/gucescrime\/index.php\/wp-json\/wp\/v2\/users\/1"}],"replies":[{"embeddable":true,"href":"https:\/\/guc.asso.fr\/gucescrime\/index.php\/wp-json\/wp\/v2\/comments?post=1779"}],"version-history":[{"count":10,"href":"https:\/\/guc.asso.fr\/gucescrime\/index.php\/wp-json\/wp\/v2\/pages\/1779\/revisions"}],"predecessor-version":[{"id":2029,"href":"https:\/\/guc.asso.fr\/gucescrime\/index.php\/wp-json\/wp\/v2\/pages\/1779\/revisions\/2029"}],"up":[{"embeddable":true,"href":"https:\/\/guc.asso.fr\/gucescrime\/index.php\/wp-json\/wp\/v2\/pages\/1862"}],"wp:attachment":[{"href":"https:\/\/guc.asso.fr\/gucescrime\/index.php\/wp-json\/wp\/v2\/media?parent=1779"}],"curies":[{"name":"wp","href":"https:\/\/api.w.org\/{rel}","templated":true}]}}