{"id":19,"date":"2018-06-13T20:47:30","date_gmt":"2018-06-13T20:47:30","guid":{"rendered":"https:\/\/gucescrime.wordpress.com\/?page_id=3"},"modified":"2020-06-26T23:45:09","modified_gmt":"2020-06-26T21:45:09","slug":"contact","status":"publish","type":"page","link":"http:\/\/guc.asso.fr\/gucescrime\/index.php\/guc-escrime\/contact\/","title":{"rendered":"Vos questions"},"content":{"rendered":"<p>N&rsquo;h\u00e9sitez pas \u00e0 utiliser ce formulaire pour poser vos questions ou communiquer vos remarques. Nous vous r\u00e9pondrons dans les plus brefs d\u00e9lais.<\/p>\n<div data-test='contact-form'\n\t\t\tid='contact-form-19'\n\t\t\tclass='wp-block-jetpack-contact-form-container '\n\t\t\tdata-wp-interactive='jetpack\/form' data-wp-context='{\"formId\":\"19\",\"formHash\":\"68776aec81c7abbdf2c1bd9ad82d028092d70998\",\"showErrors\":false,\"errors\":[],\"fields\":[],\"isMultiStep\":false,\"useAjax\":true,\"submissionData\":null,\"formattedSubmissionData\":[],\"submissionSuccess\":false,\"submissionError\":null,\"elementId\":\"jp-form-68776aec81c7abbdf2c1bd9ad82d028092d70998\"}'\n\t\t\tdata-wp-watch--scroll-to-wrapper=\"callbacks.scrollToWrapper\"\n\t\t>\n<div class=\"contact-form-submission contact-form-ajax-submission\" data-wp-class--submission-success=\"context.submissionSuccess\"><p class=\"go-back-message\"><a class=\"link\" role=\"button\" tabindex=\"0\" data-wp-on--click=\"actions.goBack\" href=\"\/gucescrime\/index.php\/wp-json\/wp\/v2\/pages\/19\">Retour<\/a><\/p><h4 id=\"contact-form-success-header\">Votre message a \u00e9t\u00e9 envoy\u00e9<\/h4>\n\n<template data-wp-each--submission=\"context.formattedSubmissionData\">\n\t\t\t\t<div>\n\t\t\t\t\t<div class=\"field-name\" data-wp-text=\"context.submission.label\" data-wp-bind--hidden=\"!context.submission.label\"><\/div>\n\t\t\t\t\t<div class=\"field-value\" data-wp-text=\"context.submission.value\"><\/div>\n\t\t\t\t\t<div class=\"field-images\" data-wp-bind--hidden=\"!context.submission.images\">\n\t\t\t\t\t\t<template data-wp-each--image=\"context.submission.images\">\n\t\t\t\t\t\t\t<img class=\"field-image\" data-wp-bind--src=\"context.image\" data-wp-bind--hidden=\"!context.image\"\/>\n\t\t\t\t\t\t<\/template>\n\t\t\t\t\t<\/div>\n\t\t\t\t<\/div>\n\t\t\t<\/template><\/div><form action='http:\/\/guc.asso.fr\/gucescrime\/index.php\/guc-escrime\/contact\/'\n\t\t\t\tid='jp-form-68776aec81c7abbdf2c1bd9ad82d028092d70998'\n\t\t\t\tmethod='post'\n\t\t\t\tclass='contact-form commentsblock' aria-label=\"Vos questions\"\n\t\t\t\tdata-wp-on--submit=\"actions.onFormSubmit\"\n\t\t\t\tdata-wp-on--reset=\"actions.onFormReset\"\n\t\t\t\tdata-wp-class--submission-success=\"context.submissionSuccess\"\n\t\t\t\tdata-wp-class--is-first-step=\"state.isFirstStep\"\n\t\t\t\tdata-wp-class--is-last-step=\"state.isLastStep\"\n\t\t\t\tdata-wp-class--is-ajax-form=\"context.useAjax\"\n\t\t\t\tnovalidate >\n<input type='hidden' name='jetpack_contact_form_jwt' value='eyJ0eXAiOiJKV1QiLCJhbGciOiJIUzI1NiJ9.eyJhdHRyaWJ1dGVzIjp7InRvIjoiZ3VjLWVzY3JpbWVAbGFwb3N0ZS5uZXQiLCJzdWJqZWN0IjoiR1VDLUVzY3JpbWUgOiBkZW1hbmRlIGQnaW5mb3JtYXRpb24iLCJzaG93X3N1YmplY3QiOiJubyIsIndpZGdldCI6IiIsImJsb2NrX3RlbXBsYXRlIjoiIiwiYmxvY2tfdGVtcGxhdGVfcGFydCI6IiIsImlkIjoiMTkiLCJzdWJtaXRfYnV0dG9uX3RleHQiOiJFbnZveWVyIiwiY3VzdG9tVGhhbmt5b3UiOiIiLCJjdXN0b21UaGFua3lvdUhlYWRpbmciOiJWb3RyZSBtZXNzYWdlIGEgXHUwMGU5dFx1MDBlOSBlbnZveVx1MDBlOSIsImN1c3RvbVRoYW5reW91TWVzc2FnZSI6Ik1lcmNpIHBvdXIgdm90cmUgc291bWlzc2lvblx1MDBhMCEiLCJjdXN0b21UaGFua3lvdVJlZGlyZWN0IjoiIiwiamV0cGFja0NSTSI6IjEiLCJtYWlscG9ldCI6IiIsImNsYXNzTmFtZSI6IiIsInBvc3RUb1VybCI6IiIsInNhbGVzZm9yY2VEYXRhIjoiIiwiaGlkZGVuRmllbGRzIjoiIiwic3RlcFRyYW5zaXRpb24iOiJmYWRlLXNsaWRlIiwic2F2ZVJlc3BvbnNlcyI6InllcyIsImVtYWlsTm90aWZpY2F0aW9ucyI6InllcyIsImRpc2FibGVHb0JhY2siOiIifSwiY29udGVudCI6Iltjb250YWN0LWZpZWxkIGxhYmVsPVwiVm90cmUgbm9tXCIgdHlwZT1cIm5hbWVcIl1bY29udGFjdC1maWVsZCBsYWJlbD1cIlZvdHJlIHByXHUwMGU5bm9tXCIgdHlwZT1cIm5hbWVcIl1bY29udGFjdC1maWVsZCBsYWJlbD1cIlZvdHJlIGFkcmVzc2UgZGUgY291cnJpZWxcIiB0eXBlPVwiZW1haWxcIiByZXF1aXJlZD1cIjFcIl1bY29udGFjdC1maWVsZCBsYWJlbD1cIk1lc3NhZ2VcIiB0eXBlPVwidGV4dGFyZWFcIiByZXF1aXJlZD1cIjFcIl0iLCJoYXNoIjoiNjg3NzZhZWM4MWM3YWJiZGYyYzFiZDlhZDgyZDAyODA5MmQ3MDk5OCJ9.Hbw1aQA3_V3G9tlekGfFVj3nOCalDV_qkKORAfEc6YU' \/>\n\n<div style=\"\"  data-wp-interactive=\"jetpack\/form\" data-wp-context='{\"fieldId\":\"g19-votrenom\",\"fieldType\":\"name\",\"fieldLabel\":\"Votre nom\",\"fieldValue\":\"\",\"fieldPlaceholder\":\"\",\"fieldIsRequired\":\"\",\"fieldErrorMessage\":\"\",\"fieldExtra\":[],\"formHash\":\"68776aec81c7abbdf2c1bd9ad82d028092d70998\"}'  class='grunion-field-name-wrap grunion-field-wrap'  data-wp-init='callbacks.initializeField' data-wp-on--jetpack-form-reset='callbacks.initializeField' >\n<label\n\t\t\t\tfor='g19-votrenom' class=\"grunion-field-label name\" >Votre nom<\/label>\n<input\n\t\t\t\t\ttype='text'\n\t\t\t\t\tname='g19-votrenom'\n\t\t\t\t\tid='g19-votrenom'\n\t\t\t\t\tvalue=''\n\n\t\t\t\t\tdata-wp-bind--aria-invalid='state.fieldHasErrors'\n\t\t\t\t\tdata-wp-bind--value='state.getFieldValue'\n\t\t\t\t\taria-errormessage='g19-votrenom-text-error-message'\n\t\t\t\t\tdata-wp-on--input='actions.onFieldChange'\n\t\t\t\t\tdata-wp-on--blur='actions.onFieldBlur'\n\t\t\t\t\tdata-wp-class--has-value='state.hasFieldValue'\n\n\t\t\t\t\tclass='name  grunion-field' \n\t\t\t\t\t \/>\n \n\t\t\t<div id=\"g19-votrenom-text-error\" class=\"contact-form__input-error\" data-wp-class--has-errors=\"state.fieldHasErrors\">\n\t\t\t\t<span class=\"contact-form__warning-icon\">\n\t\t\t\t\t<svg width=\"16\" height=\"16\" viewBox=\"0 0 16 16\" fill=\"none\" xmlns=\"http:\/\/www.w3.org\/2000\/svg\">\n\t\t\t\t\t\t<path d=\"M8.50015 11.6402H7.50015V10.6402H8.50015V11.6402Z\" \/>\n\t\t\t\t\t\t<path d=\"M7.50015 9.64018H8.50015V6.30684H7.50015V9.64018Z\" \/>\n\t\t\t\t\t\t<path fill-rule=\"evenodd\" clip-rule=\"evenodd\" d=\"M6.98331 3.0947C7.42933 2.30177 8.57096 2.30177 9.01698 3.09469L13.8771 11.7349C14.3145 12.5126 13.7525 13.4735 12.8602 13.4735H3.14004C2.24774 13.4735 1.68575 12.5126 2.12321 11.7349L6.98331 3.0947ZM8.14541 3.58496C8.08169 3.47168 7.9186 3.47168 7.85488 3.58496L2.99478 12.2251C2.93229 12.3362 3.01257 12.4735 3.14004 12.4735H12.8602C12.9877 12.4735 13.068 12.3362 13.0055 12.2251L8.14541 3.58496Z\" \/>\n\t\t\t\t\t<\/svg>\n\t\t\t\t\t<span class=\"visually-hidden\">Attention<\/span>\n\t\t\t\t<\/span>\n\t\t\t\t<span data-wp-text=\"state.errorMessage\" id=\"g19-votrenom-text-error-message\"><\/span>\n\t\t\t<\/div> \n\t<\/div>\n\n<div style=\"\"  data-wp-interactive=\"jetpack\/form\" data-wp-context='{\"fieldId\":\"g19-votreprnom\",\"fieldType\":\"name\",\"fieldLabel\":\"Votre pr\\u00e9nom\",\"fieldValue\":\"\",\"fieldPlaceholder\":\"\",\"fieldIsRequired\":\"\",\"fieldErrorMessage\":\"\",\"fieldExtra\":[],\"formHash\":\"68776aec81c7abbdf2c1bd9ad82d028092d70998\"}'  class='grunion-field-name-wrap grunion-field-wrap'  data-wp-init='callbacks.initializeField' data-wp-on--jetpack-form-reset='callbacks.initializeField' >\n<label\n\t\t\t\tfor='g19-votreprnom' class=\"grunion-field-label name\" >Votre pr\u00e9nom<\/label>\n<input\n\t\t\t\t\ttype='text'\n\t\t\t\t\tname='g19-votreprnom'\n\t\t\t\t\tid='g19-votreprnom'\n\t\t\t\t\tvalue=''\n\n\t\t\t\t\tdata-wp-bind--aria-invalid='state.fieldHasErrors'\n\t\t\t\t\tdata-wp-bind--value='state.getFieldValue'\n\t\t\t\t\taria-errormessage='g19-votreprnom-text-error-message'\n\t\t\t\t\tdata-wp-on--input='actions.onFieldChange'\n\t\t\t\t\tdata-wp-on--blur='actions.onFieldBlur'\n\t\t\t\t\tdata-wp-class--has-value='state.hasFieldValue'\n\n\t\t\t\t\tclass='name  grunion-field' \n\t\t\t\t\t \/>\n \n\t\t\t<div id=\"g19-votreprnom-text-error\" class=\"contact-form__input-error\" data-wp-class--has-errors=\"state.fieldHasErrors\">\n\t\t\t\t<span class=\"contact-form__warning-icon\">\n\t\t\t\t\t<svg width=\"16\" height=\"16\" viewBox=\"0 0 16 16\" fill=\"none\" xmlns=\"http:\/\/www.w3.org\/2000\/svg\">\n\t\t\t\t\t\t<path d=\"M8.50015 11.6402H7.50015V10.6402H8.50015V11.6402Z\" \/>\n\t\t\t\t\t\t<path d=\"M7.50015 9.64018H8.50015V6.30684H7.50015V9.64018Z\" \/>\n\t\t\t\t\t\t<path fill-rule=\"evenodd\" clip-rule=\"evenodd\" d=\"M6.98331 3.0947C7.42933 2.30177 8.57096 2.30177 9.01698 3.09469L13.8771 11.7349C14.3145 12.5126 13.7525 13.4735 12.8602 13.4735H3.14004C2.24774 13.4735 1.68575 12.5126 2.12321 11.7349L6.98331 3.0947ZM8.14541 3.58496C8.08169 3.47168 7.9186 3.47168 7.85488 3.58496L2.99478 12.2251C2.93229 12.3362 3.01257 12.4735 3.14004 12.4735H12.8602C12.9877 12.4735 13.068 12.3362 13.0055 12.2251L8.14541 3.58496Z\" \/>\n\t\t\t\t\t<\/svg>\n\t\t\t\t\t<span class=\"visually-hidden\">Attention<\/span>\n\t\t\t\t<\/span>\n\t\t\t\t<span data-wp-text=\"state.errorMessage\" id=\"g19-votreprnom-text-error-message\"><\/span>\n\t\t\t<\/div> \n\t<\/div>\n\n<div style=\"\"  data-wp-interactive=\"jetpack\/form\" data-wp-context='{\"fieldId\":\"g19-votreadressedecourriel\",\"fieldType\":\"email\",\"fieldLabel\":\"Votre adresse de courriel\",\"fieldValue\":\"\",\"fieldPlaceholder\":\"\",\"fieldIsRequired\":\"1\",\"fieldErrorMessage\":\"\",\"fieldExtra\":[],\"formHash\":\"68776aec81c7abbdf2c1bd9ad82d028092d70998\"}'  class='grunion-field-email-wrap grunion-field-wrap'  data-wp-init='callbacks.initializeField' data-wp-on--jetpack-form-reset='callbacks.initializeField' >\n<label\n\t\t\t\tfor='g19-votreadressedecourriel' class=\"grunion-field-label email\" >Votre adresse de courriel<span class=\"grunion-label-required\" aria-hidden=\"true\">(obligatoire)<\/span><\/label>\n<input\n\t\t\t\t\ttype='email'\n\t\t\t\t\tname='g19-votreadressedecourriel'\n\t\t\t\t\tid='g19-votreadressedecourriel'\n\t\t\t\t\tvalue=''\n\n\t\t\t\t\tdata-wp-bind--aria-invalid='state.fieldHasErrors'\n\t\t\t\t\tdata-wp-bind--value='state.getFieldValue'\n\t\t\t\t\taria-errormessage='g19-votreadressedecourriel-email-error-message'\n\t\t\t\t\tdata-wp-on--input='actions.onFieldChange'\n\t\t\t\t\tdata-wp-on--blur='actions.onFieldBlur'\n\t\t\t\t\tdata-wp-class--has-value='state.hasFieldValue'\n\n\t\t\t\t\tclass='email  grunion-field' \n\t\t\t\t\trequired='true' aria-required='true'  \/>\n \n\t\t\t<div id=\"g19-votreadressedecourriel-email-error\" class=\"contact-form__input-error\" data-wp-class--has-errors=\"state.fieldHasErrors\">\n\t\t\t\t<span class=\"contact-form__warning-icon\">\n\t\t\t\t\t<svg width=\"16\" height=\"16\" viewBox=\"0 0 16 16\" fill=\"none\" xmlns=\"http:\/\/www.w3.org\/2000\/svg\">\n\t\t\t\t\t\t<path d=\"M8.50015 11.6402H7.50015V10.6402H8.50015V11.6402Z\" \/>\n\t\t\t\t\t\t<path d=\"M7.50015 9.64018H8.50015V6.30684H7.50015V9.64018Z\" \/>\n\t\t\t\t\t\t<path fill-rule=\"evenodd\" clip-rule=\"evenodd\" d=\"M6.98331 3.0947C7.42933 2.30177 8.57096 2.30177 9.01698 3.09469L13.8771 11.7349C14.3145 12.5126 13.7525 13.4735 12.8602 13.4735H3.14004C2.24774 13.4735 1.68575 12.5126 2.12321 11.7349L6.98331 3.0947ZM8.14541 3.58496C8.08169 3.47168 7.9186 3.47168 7.85488 3.58496L2.99478 12.2251C2.93229 12.3362 3.01257 12.4735 3.14004 12.4735H12.8602C12.9877 12.4735 13.068 12.3362 13.0055 12.2251L8.14541 3.58496Z\" \/>\n\t\t\t\t\t<\/svg>\n\t\t\t\t\t<span class=\"visually-hidden\">Attention<\/span>\n\t\t\t\t<\/span>\n\t\t\t\t<span data-wp-text=\"state.errorMessage\" id=\"g19-votreadressedecourriel-email-error-message\"><\/span>\n\t\t\t<\/div> \n\t<\/div>\n\n<div style=\"\"  data-wp-interactive=\"jetpack\/form\" data-wp-context='{\"fieldId\":\"g19-message\",\"fieldType\":\"textarea\",\"fieldLabel\":\"Message\",\"fieldValue\":\"\",\"fieldPlaceholder\":\"\",\"fieldIsRequired\":\"1\",\"fieldErrorMessage\":\"\",\"fieldExtra\":[],\"formHash\":\"68776aec81c7abbdf2c1bd9ad82d028092d70998\"}'  class='grunion-field-textarea-wrap grunion-field-wrap'  data-wp-init='callbacks.initializeField' data-wp-on--jetpack-form-reset='callbacks.initializeField' >\n<label\n\t\t\t\tfor='contact-form-comment-g19-message' class=\"grunion-field-label textarea\" >Message<span class=\"grunion-label-required\" aria-hidden=\"true\">(obligatoire)<\/span><\/label>\n<textarea\n\t\t                style=''\n\t\t                name='g19-message'\n\t\t                id='contact-form-comment-g19-message'\n\t\t                rows='20'\n\t\t\t\t\t\tdata-wp-text='state.getFieldValue'\n\t\t\t\t\t\tdata-wp-on--input='actions.onFieldChange'\n\t\t\t\t\t\tdata-wp-on--blur='actions.onFieldBlur'\n\t\t\t\t\t\tdata-wp-class--has-value='state.hasFieldValue'\n\t\t\t\t\t\tdata-wp-bind--aria-invalid='state.fieldHasErrors'\n\t\t\t\t\t\tdata-wp-on--keydown='actions.onKeyDownTextarea'\n\t\t\t\t\t\taria-errormessage='g19-message-textarea-error-message'\n\t\t\t\t\t\tclass='textarea  grunion-field'  required aria-required='true'><\/textarea>\n \n\t\t\t<div id=\"g19-message-textarea-error\" class=\"contact-form__input-error\" data-wp-class--has-errors=\"state.fieldHasErrors\">\n\t\t\t\t<span class=\"contact-form__warning-icon\">\n\t\t\t\t\t<svg width=\"16\" height=\"16\" viewBox=\"0 0 16 16\" fill=\"none\" xmlns=\"http:\/\/www.w3.org\/2000\/svg\">\n\t\t\t\t\t\t<path d=\"M8.50015 11.6402H7.50015V10.6402H8.50015V11.6402Z\" \/>\n\t\t\t\t\t\t<path d=\"M7.50015 9.64018H8.50015V6.30684H7.50015V9.64018Z\" \/>\n\t\t\t\t\t\t<path fill-rule=\"evenodd\" clip-rule=\"evenodd\" d=\"M6.98331 3.0947C7.42933 2.30177 8.57096 2.30177 9.01698 3.09469L13.8771 11.7349C14.3145 12.5126 13.7525 13.4735 12.8602 13.4735H3.14004C2.24774 13.4735 1.68575 12.5126 2.12321 11.7349L6.98331 3.0947ZM8.14541 3.58496C8.08169 3.47168 7.9186 3.47168 7.85488 3.58496L2.99478 12.2251C2.93229 12.3362 3.01257 12.4735 3.14004 12.4735H12.8602C12.9877 12.4735 13.068 12.3362 13.0055 12.2251L8.14541 3.58496Z\" \/>\n\t\t\t\t\t<\/svg>\n\t\t\t\t\t<span class=\"visually-hidden\">Attention<\/span>\n\t\t\t\t<\/span>\n\t\t\t\t<span data-wp-text=\"state.errorMessage\" id=\"g19-message-textarea-error-message\"><\/span>\n\t\t\t<\/div>\n\t<\/div>\n\t<p class='contact-submit'>\n<div class=\"contact-form__error\" data-wp-class--show-errors=\"state.showFormErrors\"><span class=\"contact-form__warning-icon\"><span class=\"visually-hidden\">Attention.<\/span><i aria-hidden=\"true\"><\/i><\/span>\n\t\t\t\t<span data-wp-text=\"state.getFormErrorMessage\"><\/span>\n\t\t\t\t<ul>\n\t\t\t\t<template data-wp-each=\"state.getErrorList\" data-wp-key=\"context.item.id\">\n\t\t\t\t\t<li><a data-wp-bind--href=\"context.item.anchor\" data-wp-on--click=\"actions.scrollIntoView\" data-wp-text=\"context.item.label\"><\/a><\/li>\n\t\t\t\t<\/template>\n\t\t\t\t<\/ul><\/div><div class=\"contact-form__error\" data-wp-class--show-errors=\"state.showSubmissionError\" data-wp-text=\"context.submissionError\"><\/div>\t\t<button type='submit' class='pushbutton-wide'>Envoyer<\/button>\t\t<input type='hidden' name='contact-form-id' value='19' \/>\n\t\t<input type='hidden' name='action' value='grunion-contact-form' \/>\n\t\t<input type='hidden' name='contact-form-hash' value='68776aec81c7abbdf2c1bd9ad82d028092d70998' \/>\n\t<\/p>\n<\/form>\n<\/div>\n","protected":false},"excerpt":{"rendered":"<p>N&rsquo;h\u00e9sitez pas \u00e0 utiliser ce formulaire pour poser vos questions ou communiquer vos remarques. Nous vous r\u00e9pondrons dans les plus brefs d\u00e9lais.<\/p>\n","protected":false},"author":1,"featured_media":0,"parent":1862,"menu_order":0,"comment_status":"closed","ping_status":"closed","template":"","meta":{"jetpack_post_was_ever_published":false,"footnotes":""},"class_list":["post-19","page","type-page","status-publish","hentry"],"yoast_head":"<!-- This site is optimized with the Yoast SEO plugin v24.2 - https:\/\/yoast.com\/wordpress\/plugins\/seo\/ -->\n<title>Vos questions - GUC-Escrime<\/title>\n<meta name=\"robots\" content=\"index, follow, max-snippet:-1, max-image-preview:large, max-video-preview:-1\" \/>\n<link rel=\"canonical\" href=\"http:\/\/guc.asso.fr\/gucescrime\/index.php\/guc-escrime\/contact\/\" \/>\n<meta property=\"og:locale\" content=\"fr_FR\" \/>\n<meta property=\"og:type\" content=\"article\" \/>\n<meta property=\"og:title\" content=\"Vos questions - GUC-Escrime\" \/>\n<meta property=\"og:description\" content=\"N&rsquo;h\u00e9sitez pas \u00e0 utiliser ce formulaire pour poser vos questions ou communiquer vos remarques. Nous vous r\u00e9pondrons dans les plus brefs d\u00e9lais.\" \/>\n<meta property=\"og:url\" content=\"http:\/\/guc.asso.fr\/gucescrime\/index.php\/guc-escrime\/contact\/\" \/>\n<meta property=\"og:site_name\" content=\"GUC-Escrime\" \/>\n<meta property=\"article:publisher\" content=\"https:\/\/www.facebook.com\/gucescrime\" \/>\n<meta property=\"article:modified_time\" content=\"2020-06-26T21:45:09+00:00\" \/>\n<meta name=\"twitter:card\" content=\"summary_large_image\" \/>\n<script type=\"application\/ld+json\" class=\"yoast-schema-graph\">{\"@context\":\"https:\/\/schema.org\",\"@graph\":[{\"@type\":\"WebPage\",\"@id\":\"http:\/\/guc.asso.fr\/gucescrime\/index.php\/guc-escrime\/contact\/\",\"url\":\"http:\/\/guc.asso.fr\/gucescrime\/index.php\/guc-escrime\/contact\/\",\"name\":\"Vos questions - GUC-Escrime\",\"isPartOf\":{\"@id\":\"http:\/\/guc.asso.fr\/gucescrime\/#website\"},\"datePublished\":\"2018-06-13T20:47:30+00:00\",\"dateModified\":\"2020-06-26T21:45:09+00:00\",\"breadcrumb\":{\"@id\":\"http:\/\/guc.asso.fr\/gucescrime\/index.php\/guc-escrime\/contact\/#breadcrumb\"},\"inLanguage\":\"fr-FR\",\"potentialAction\":[{\"@type\":\"ReadAction\",\"target\":[\"http:\/\/guc.asso.fr\/gucescrime\/index.php\/guc-escrime\/contact\/\"]}]},{\"@type\":\"BreadcrumbList\",\"@id\":\"http:\/\/guc.asso.fr\/gucescrime\/index.php\/guc-escrime\/contact\/#breadcrumb\",\"itemListElement\":[{\"@type\":\"ListItem\",\"position\":1,\"name\":\"Accueil\",\"item\":\"http:\/\/guc.asso.fr\/gucescrime\/\"},{\"@type\":\"ListItem\",\"position\":2,\"name\":\"GUC Escrime\",\"item\":\"http:\/\/guc.asso.fr\/gucescrime\/\"},{\"@type\":\"ListItem\",\"position\":3,\"name\":\"Vos questions\"}]},{\"@type\":\"WebSite\",\"@id\":\"http:\/\/guc.asso.fr\/gucescrime\/#website\",\"url\":\"http:\/\/guc.asso.fr\/gucescrime\/\",\"name\":\"GUC-Escrime\",\"description\":\"L&#039;art du fleuret et l&#039;esprit du sport \u00e0 Grenoble\",\"publisher\":{\"@id\":\"http:\/\/guc.asso.fr\/gucescrime\/#organization\"},\"potentialAction\":[{\"@type\":\"SearchAction\",\"target\":{\"@type\":\"EntryPoint\",\"urlTemplate\":\"http:\/\/guc.asso.fr\/gucescrime\/?s={search_term_string}\"},\"query-input\":{\"@type\":\"PropertyValueSpecification\",\"valueRequired\":true,\"valueName\":\"search_term_string\"}}],\"inLanguage\":\"fr-FR\"},{\"@type\":\"Organization\",\"@id\":\"http:\/\/guc.asso.fr\/gucescrime\/#organization\",\"name\":\"GUC-Escrime\",\"url\":\"http:\/\/guc.asso.fr\/gucescrime\/\",\"logo\":{\"@type\":\"ImageObject\",\"inLanguage\":\"fr-FR\",\"@id\":\"http:\/\/guc.asso.fr\/gucescrime\/#\/schema\/logo\/image\/\",\"url\":\"https:\/\/i0.wp.com\/guc.asso.fr\/gucescrime\/wp-content\/uploads\/2018\/06\/logo_GUC2014_JV_h0250.png?fit=186%2C250\",\"contentUrl\":\"https:\/\/i0.wp.com\/guc.asso.fr\/gucescrime\/wp-content\/uploads\/2018\/06\/logo_GUC2014_JV_h0250.png?fit=186%2C250\",\"width\":186,\"height\":250,\"caption\":\"GUC-Escrime\"},\"image\":{\"@id\":\"http:\/\/guc.asso.fr\/gucescrime\/#\/schema\/logo\/image\/\"},\"sameAs\":[\"https:\/\/www.facebook.com\/gucescrime\"]}]}<\/script>\n<!-- \/ Yoast SEO plugin. -->","yoast_head_json":{"title":"Vos questions - GUC-Escrime","robots":{"index":"index","follow":"follow","max-snippet":"max-snippet:-1","max-image-preview":"max-image-preview:large","max-video-preview":"max-video-preview:-1"},"canonical":"http:\/\/guc.asso.fr\/gucescrime\/index.php\/guc-escrime\/contact\/","og_locale":"fr_FR","og_type":"article","og_title":"Vos questions - GUC-Escrime","og_description":"N&rsquo;h\u00e9sitez pas \u00e0 utiliser ce formulaire pour poser vos questions ou communiquer vos remarques. Nous vous r\u00e9pondrons dans les plus brefs d\u00e9lais.","og_url":"http:\/\/guc.asso.fr\/gucescrime\/index.php\/guc-escrime\/contact\/","og_site_name":"GUC-Escrime","article_publisher":"https:\/\/www.facebook.com\/gucescrime","article_modified_time":"2020-06-26T21:45:09+00:00","twitter_card":"summary_large_image","schema":{"@context":"https:\/\/schema.org","@graph":[{"@type":"WebPage","@id":"http:\/\/guc.asso.fr\/gucescrime\/index.php\/guc-escrime\/contact\/","url":"http:\/\/guc.asso.fr\/gucescrime\/index.php\/guc-escrime\/contact\/","name":"Vos questions - GUC-Escrime","isPartOf":{"@id":"http:\/\/guc.asso.fr\/gucescrime\/#website"},"datePublished":"2018-06-13T20:47:30+00:00","dateModified":"2020-06-26T21:45:09+00:00","breadcrumb":{"@id":"http:\/\/guc.asso.fr\/gucescrime\/index.php\/guc-escrime\/contact\/#breadcrumb"},"inLanguage":"fr-FR","potentialAction":[{"@type":"ReadAction","target":["http:\/\/guc.asso.fr\/gucescrime\/index.php\/guc-escrime\/contact\/"]}]},{"@type":"BreadcrumbList","@id":"http:\/\/guc.asso.fr\/gucescrime\/index.php\/guc-escrime\/contact\/#breadcrumb","itemListElement":[{"@type":"ListItem","position":1,"name":"Accueil","item":"http:\/\/guc.asso.fr\/gucescrime\/"},{"@type":"ListItem","position":2,"name":"GUC Escrime","item":"http:\/\/guc.asso.fr\/gucescrime\/"},{"@type":"ListItem","position":3,"name":"Vos questions"}]},{"@type":"WebSite","@id":"http:\/\/guc.asso.fr\/gucescrime\/#website","url":"http:\/\/guc.asso.fr\/gucescrime\/","name":"GUC-Escrime","description":"L&#039;art du fleuret et l&#039;esprit du sport \u00e0 Grenoble","publisher":{"@id":"http:\/\/guc.asso.fr\/gucescrime\/#organization"},"potentialAction":[{"@type":"SearchAction","target":{"@type":"EntryPoint","urlTemplate":"http:\/\/guc.asso.fr\/gucescrime\/?s={search_term_string}"},"query-input":{"@type":"PropertyValueSpecification","valueRequired":true,"valueName":"search_term_string"}}],"inLanguage":"fr-FR"},{"@type":"Organization","@id":"http:\/\/guc.asso.fr\/gucescrime\/#organization","name":"GUC-Escrime","url":"http:\/\/guc.asso.fr\/gucescrime\/","logo":{"@type":"ImageObject","inLanguage":"fr-FR","@id":"http:\/\/guc.asso.fr\/gucescrime\/#\/schema\/logo\/image\/","url":"https:\/\/i0.wp.com\/guc.asso.fr\/gucescrime\/wp-content\/uploads\/2018\/06\/logo_GUC2014_JV_h0250.png?fit=186%2C250","contentUrl":"https:\/\/i0.wp.com\/guc.asso.fr\/gucescrime\/wp-content\/uploads\/2018\/06\/logo_GUC2014_JV_h0250.png?fit=186%2C250","width":186,"height":250,"caption":"GUC-Escrime"},"image":{"@id":"http:\/\/guc.asso.fr\/gucescrime\/#\/schema\/logo\/image\/"},"sameAs":["https:\/\/www.facebook.com\/gucescrime"]}]}},"jetpack_sharing_enabled":false,"jetpack_shortlink":"https:\/\/wp.me\/Pa0KHz-j","_links":{"self":[{"href":"http:\/\/guc.asso.fr\/gucescrime\/index.php\/wp-json\/wp\/v2\/pages\/19","targetHints":{"allow":["GET"]}}],"collection":[{"href":"http:\/\/guc.asso.fr\/gucescrime\/index.php\/wp-json\/wp\/v2\/pages"}],"about":[{"href":"http:\/\/guc.asso.fr\/gucescrime\/index.php\/wp-json\/wp\/v2\/types\/page"}],"author":[{"embeddable":true,"href":"http:\/\/guc.asso.fr\/gucescrime\/index.php\/wp-json\/wp\/v2\/users\/1"}],"replies":[{"embeddable":true,"href":"http:\/\/guc.asso.fr\/gucescrime\/index.php\/wp-json\/wp\/v2\/comments?post=19"}],"version-history":[{"count":10,"href":"http:\/\/guc.asso.fr\/gucescrime\/index.php\/wp-json\/wp\/v2\/pages\/19\/revisions"}],"predecessor-version":[{"id":456,"href":"http:\/\/guc.asso.fr\/gucescrime\/index.php\/wp-json\/wp\/v2\/pages\/19\/revisions\/456"}],"up":[{"embeddable":true,"href":"http:\/\/guc.asso.fr\/gucescrime\/index.php\/wp-json\/wp\/v2\/pages\/1862"}],"wp:attachment":[{"href":"http:\/\/guc.asso.fr\/gucescrime\/index.php\/wp-json\/wp\/v2\/media?parent=19"}],"curies":[{"name":"wp","href":"https:\/\/api.w.org\/{rel}","templated":true}]}}