{"id":1831,"date":"2020-06-07T16:58:14","date_gmt":"2020-06-07T14:58:14","guid":{"rendered":"https:\/\/guc.asso.fr\/gucescrime\/?page_id=1831"},"modified":"2025-11-26T14:36:54","modified_gmt":"2025-11-26T13:36:54","slug":"le-bureau","status":"publish","type":"page","link":"http:\/\/guc.asso.fr\/gucescrime\/index.php\/guc-escrime\/le-club\/le-bureau\/","title":{"rendered":"Le CA et le bureau"},"content":{"rendered":"\n<p>L&rsquo;Association est g\u00e9r\u00e9e par un groupe de b\u00e9n\u00e9voles \u00e9lus en Assembl\u00e9e G\u00e9n\u00e9rale, compos\u00e9 de tireurs et de parents de tireurs.<\/p>\n\n\n<div class=\"wp-block-image\">\n<figure class=\"aligncenter size-medium is-resized\"><img data-recalc-dims=\"1\" loading=\"lazy\" decoding=\"async\" width=\"269\" height=\"300\" data-attachment-id=\"245\" data-permalink=\"http:\/\/guc.asso.fr\/gucescrime\/ca_laurent_2015_1\/\" data-orig-file=\"https:\/\/i0.wp.com\/guc.asso.fr\/gucescrime\/wp-content\/uploads\/2018\/06\/ca_laurent_2015_1.jpg?fit=424%2C472\" data-orig-size=\"424,472\" data-comments-opened=\"1\" data-image-meta=\"{&quot;aperture&quot;:&quot;0&quot;,&quot;credit&quot;:&quot;Alexandre VANOTTI&quot;,&quot;camera&quot;:&quot;&quot;,&quot;caption&quot;:&quot;&quot;,&quot;created_timestamp&quot;:&quot;0&quot;,&quot;copyright&quot;:&quot;&quot;,&quot;focal_length&quot;:&quot;0&quot;,&quot;iso&quot;:&quot;0&quot;,&quot;shutter_speed&quot;:&quot;0&quot;,&quot;title&quot;:&quot;&quot;,&quot;orientation&quot;:&quot;1&quot;}\" data-image-title=\"\" data-image-description=\"\" data-image-caption=\"&lt;p&gt;Laurent BONNOT, Pr\u00e9sident&lt;\/p&gt;\n\" data-medium-file=\"https:\/\/i0.wp.com\/guc.asso.fr\/gucescrime\/wp-content\/uploads\/2018\/06\/ca_laurent_2015_1.jpg?fit=269%2C300\" data-large-file=\"https:\/\/i0.wp.com\/guc.asso.fr\/gucescrime\/wp-content\/uploads\/2018\/06\/ca_laurent_2015_1.jpg?fit=424%2C472\" src=\"https:\/\/i0.wp.com\/guc.asso.fr\/gucescrime\/wp-content\/uploads\/2018\/06\/ca_laurent_2015_1.jpg?resize=269%2C300\" alt=\"\" class=\"wp-image-245\" style=\"width:320px;height:358px\" srcset=\"https:\/\/i0.wp.com\/guc.asso.fr\/gucescrime\/wp-content\/uploads\/2018\/06\/ca_laurent_2015_1.jpg?resize=269%2C300 269w, https:\/\/i0.wp.com\/guc.asso.fr\/gucescrime\/wp-content\/uploads\/2018\/06\/ca_laurent_2015_1.jpg?w=424 424w\" sizes=\"auto, (max-width: 269px) 100vw, 269px\" \/><figcaption class=\"wp-element-caption\">Laurent BONNOT, Pr\u00e9sident<\/figcaption><\/figure><\/div>\n\n\n<div class=\"wp-block-group\"><div class=\"wp-block-group__inner-container is-layout-flow wp-block-group-is-layout-flow\">\n<div class=\"wp-block-group\"><div class=\"wp-block-group__inner-container is-layout-flow wp-block-group-is-layout-flow\">\n<figure class=\"wp-block-gallery aligncenter has-nested-images columns-2 is-cropped wp-block-gallery-1 is-layout-flex wp-block-gallery-is-layout-flex\">\n<figure class=\"wp-block-image size-medium\"><img data-recalc-dims=\"1\" loading=\"lazy\" decoding=\"async\" width=\"269\" height=\"300\" data-attachment-id=\"3316\" data-permalink=\"http:\/\/guc.asso.fr\/gucescrime\/index.php\/guc-escrime\/le-club\/le-bureau\/ca_marieb_2022_269x300\/\" data-orig-file=\"https:\/\/i0.wp.com\/guc.asso.fr\/gucescrime\/wp-content\/uploads\/2023\/10\/ca_marieB_2022_269x300.jpg?fit=271%2C302\" data-orig-size=\"271,302\" data-comments-opened=\"0\" data-image-meta=\"{&quot;aperture&quot;:&quot;0&quot;,&quot;credit&quot;:&quot;&quot;,&quot;camera&quot;:&quot;&quot;,&quot;caption&quot;:&quot;&quot;,&quot;created_timestamp&quot;:&quot;0&quot;,&quot;copyright&quot;:&quot;&quot;,&quot;focal_length&quot;:&quot;0&quot;,&quot;iso&quot;:&quot;0&quot;,&quot;shutter_speed&quot;:&quot;0&quot;,&quot;title&quot;:&quot;&quot;,&quot;orientation&quot;:&quot;0&quot;}\" data-image-title=\"ca_marieB_2022_269x300\" data-image-description=\"\" data-image-caption=\"\" data-medium-file=\"https:\/\/i0.wp.com\/guc.asso.fr\/gucescrime\/wp-content\/uploads\/2023\/10\/ca_marieB_2022_269x300.jpg?fit=269%2C300\" data-large-file=\"https:\/\/i0.wp.com\/guc.asso.fr\/gucescrime\/wp-content\/uploads\/2023\/10\/ca_marieB_2022_269x300.jpg?fit=271%2C302\" data-id=\"3316\" src=\"https:\/\/i0.wp.com\/guc.asso.fr\/gucescrime\/wp-content\/uploads\/2023\/10\/ca_marieB_2022_269x300.jpg?resize=269%2C300\" alt=\"\" class=\"wp-image-3316\" srcset=\"https:\/\/i0.wp.com\/guc.asso.fr\/gucescrime\/wp-content\/uploads\/2023\/10\/ca_marieB_2022_269x300.jpg?resize=269%2C300 269w, https:\/\/i0.wp.com\/guc.asso.fr\/gucescrime\/wp-content\/uploads\/2023\/10\/ca_marieB_2022_269x300.jpg?w=271 271w\" sizes=\"auto, (max-width: 269px) 100vw, 269px\" \/><figcaption class=\"wp-element-caption\">Marie BERTHOUD (Tr\u00e9sori\u00e8re)<\/figcaption><\/figure>\n\n\n\n<figure class=\"wp-block-image size-full\"><img data-recalc-dims=\"1\" loading=\"lazy\" decoding=\"async\" width=\"263\" height=\"300\" data-attachment-id=\"3709\" data-permalink=\"http:\/\/guc.asso.fr\/gucescrime\/index.php\/guc-escrime\/le-club\/le-bureau\/ca_laura_2025_263x300\/\" data-orig-file=\"https:\/\/i0.wp.com\/guc.asso.fr\/gucescrime\/wp-content\/uploads\/2025\/11\/CA_Laura_2025_263x300.jpg?fit=263%2C300\" data-orig-size=\"263,300\" data-comments-opened=\"0\" data-image-meta=\"{&quot;aperture&quot;:&quot;4&quot;,&quot;credit&quot;:&quot;&quot;,&quot;camera&quot;:&quot;DSC-RX100M6&quot;,&quot;caption&quot;:&quot;&quot;,&quot;created_timestamp&quot;:&quot;1748735549&quot;,&quot;copyright&quot;:&quot;&quot;,&quot;focal_length&quot;:&quot;36&quot;,&quot;iso&quot;:&quot;125&quot;,&quot;shutter_speed&quot;:&quot;0.001&quot;,&quot;title&quot;:&quot;&quot;,&quot;orientation&quot;:&quot;1&quot;}\" data-image-title=\"CA_Laura_2025_263x300\" data-image-description=\"\" data-image-caption=\"\" data-medium-file=\"https:\/\/i0.wp.com\/guc.asso.fr\/gucescrime\/wp-content\/uploads\/2025\/11\/CA_Laura_2025_263x300.jpg?fit=263%2C300\" data-large-file=\"https:\/\/i0.wp.com\/guc.asso.fr\/gucescrime\/wp-content\/uploads\/2025\/11\/CA_Laura_2025_263x300.jpg?fit=263%2C300\" data-id=\"3709\" src=\"https:\/\/i0.wp.com\/guc.asso.fr\/gucescrime\/wp-content\/uploads\/2025\/11\/CA_Laura_2025_263x300.jpg?resize=263%2C300&#038;ssl=1\" alt=\"\" class=\"wp-image-3709\"\/><figcaption class=\"wp-element-caption\">Laura LE GUEN (Secr\u00e9taire et R\u00e9f\u00e9rente VSS<mark style=\"background-color:rgba(0, 0, 0, 0)\" class=\"has-inline-color has-vivid-red-color\"><strong>*<\/strong><\/mark>)<\/figcaption><\/figure>\n<\/figure>\n\n\n\n<figure class=\"wp-block-gallery has-nested-images columns-default is-cropped wp-block-gallery-2 is-layout-flex wp-block-gallery-is-layout-flex\"><\/figure>\n<\/div><\/div>\n<\/div><\/div>\n\n\n\n<hr class=\"wp-block-separator has-css-opacity\"\/>\n\n\n\n<figure class=\"wp-block-gallery has-nested-images columns-default is-cropped wp-block-gallery-3 is-layout-flex wp-block-gallery-is-layout-flex\">\n<figure class=\"wp-block-image size-large\"><img data-recalc-dims=\"1\" loading=\"lazy\" decoding=\"async\" width=\"270\" height=\"304\" data-attachment-id=\"3321\" data-permalink=\"http:\/\/guc.asso.fr\/gucescrime\/index.php\/guc-escrime\/le-club\/le-bureau\/ca_julien_2022_270x300\/\" data-orig-file=\"https:\/\/i0.wp.com\/guc.asso.fr\/gucescrime\/wp-content\/uploads\/2023\/10\/ca_julien_2022_270x300.jpg?fit=270%2C304\" data-orig-size=\"270,304\" data-comments-opened=\"0\" data-image-meta=\"{&quot;aperture&quot;:&quot;2&quot;,&quot;credit&quot;:&quot;&quot;,&quot;camera&quot;:&quot;ELE-L29&quot;,&quot;caption&quot;:&quot;&quot;,&quot;created_timestamp&quot;:&quot;1638629781&quot;,&quot;copyright&quot;:&quot;&quot;,&quot;focal_length&quot;:&quot;3.36&quot;,&quot;iso&quot;:&quot;640&quot;,&quot;shutter_speed&quot;:&quot;0.03&quot;,&quot;title&quot;:&quot;&quot;,&quot;orientation&quot;:&quot;0&quot;}\" data-image-title=\"ca_julien_2022_270x300\" data-image-description=\"\" data-image-caption=\"\" data-medium-file=\"https:\/\/i0.wp.com\/guc.asso.fr\/gucescrime\/wp-content\/uploads\/2023\/10\/ca_julien_2022_270x300.jpg?fit=266%2C300\" data-large-file=\"https:\/\/i0.wp.com\/guc.asso.fr\/gucescrime\/wp-content\/uploads\/2023\/10\/ca_julien_2022_270x300.jpg?fit=270%2C304\" data-id=\"3321\" src=\"https:\/\/i0.wp.com\/guc.asso.fr\/gucescrime\/wp-content\/uploads\/2023\/10\/ca_julien_2022_270x300.jpg?resize=270%2C304\" alt=\"\" class=\"wp-image-3321\" srcset=\"https:\/\/i0.wp.com\/guc.asso.fr\/gucescrime\/wp-content\/uploads\/2023\/10\/ca_julien_2022_270x300.jpg?w=270 270w, https:\/\/i0.wp.com\/guc.asso.fr\/gucescrime\/wp-content\/uploads\/2023\/10\/ca_julien_2022_270x300.jpg?resize=266%2C300 266w\" sizes=\"auto, (max-width: 270px) 100vw, 270px\" \/><figcaption class=\"wp-element-caption\">Julien VIAL (Relations avec le GUC G\u00e9n\u00e9ral, le Comit\u00e9 D\u00e9partemental, les \u00e9tablissements scolaires et Centres de Loisirs)<\/figcaption><\/figure>\n\n\n\n<figure class=\"wp-block-image size-full\"><img data-recalc-dims=\"1\" loading=\"lazy\" decoding=\"async\" width=\"270\" height=\"301\" data-attachment-id=\"3711\" data-permalink=\"http:\/\/guc.asso.fr\/gucescrime\/index.php\/guc-escrime\/le-club\/le-bureau\/ca_sylvain_2022_269x300-2\/\" data-orig-file=\"https:\/\/i0.wp.com\/guc.asso.fr\/gucescrime\/wp-content\/uploads\/2025\/11\/ca_sylvain_2022_269x300.jpg?fit=270%2C301\" data-orig-size=\"270,301\" data-comments-opened=\"0\" data-image-meta=\"{&quot;aperture&quot;:&quot;1.8&quot;,&quot;credit&quot;:&quot;&quot;,&quot;camera&quot;:&quot;iPhone SE (2nd generation)&quot;,&quot;caption&quot;:&quot;&quot;,&quot;created_timestamp&quot;:&quot;1696438410&quot;,&quot;copyright&quot;:&quot;&quot;,&quot;focal_length&quot;:&quot;3.99&quot;,&quot;iso&quot;:&quot;40&quot;,&quot;shutter_speed&quot;:&quot;0.01&quot;,&quot;title&quot;:&quot;&quot;,&quot;orientation&quot;:&quot;1&quot;}\" data-image-title=\"ca_sylvain_2022_269x300\" data-image-description=\"\" data-image-caption=\"\" data-medium-file=\"https:\/\/i0.wp.com\/guc.asso.fr\/gucescrime\/wp-content\/uploads\/2025\/11\/ca_sylvain_2022_269x300.jpg?fit=269%2C300\" data-large-file=\"https:\/\/i0.wp.com\/guc.asso.fr\/gucescrime\/wp-content\/uploads\/2025\/11\/ca_sylvain_2022_269x300.jpg?fit=270%2C301\" data-id=\"3711\" src=\"https:\/\/i0.wp.com\/guc.asso.fr\/gucescrime\/wp-content\/uploads\/2025\/11\/ca_sylvain_2022_269x300.jpg?resize=270%2C301&#038;ssl=1\" alt=\"\" class=\"wp-image-3711\"\/><figcaption class=\"wp-element-caption\">Sylvain ANSELIN (Licences, R\u00e9servations des salles)<\/figcaption><\/figure>\n<\/figure>\n\n\n\n<p><strong>Autres membres du Conseil d\u2019Administration :<\/strong> Adeline LECLERCQ ; Walid GALAL EL DINE ; Thuy NGUYEN<\/p>\n\n\n\n<p><mark style=\"background-color:rgba(0, 0, 0, 0)\" class=\"has-inline-color has-vivid-red-color\"><strong>*<\/strong><\/mark><strong>Laura est r\u00e9f\u00e9rente VSS<\/strong> (Violences Sexuelles et Sexistes) aupr\u00e8s de la Ville de Grenoble. <\/p>\n\n\n\n<p>Le GUC Escrime est une association fonctionnant gr\u00e2ce au b\u00e9n\u00e9volat de ses adh\u00e9rents. <\/p>\n\n\n\n<p>Si vous souhaitez vous investir, quelque soit la contribution, n&rsquo;h\u00e9sitez pas \u00e0 nous contacter!<\/p>\n\n\n\n<div class=\"wp-block-group\"><div class=\"wp-block-group__inner-container is-layout-flow wp-block-group-is-layout-flow\"><\/div><\/div>\n","protected":false},"excerpt":{"rendered":"<p>L&rsquo;Association est g\u00e9r\u00e9e par un groupe de b\u00e9n\u00e9voles \u00e9lus en Assembl\u00e9e G\u00e9n\u00e9rale, compos\u00e9 de tireurs et de parents de tireurs. Autres membres du Conseil d\u2019Administration : Adeline LECLERCQ ; Walid GALAL EL DINE ; Thuy NGUYEN *Laura est r\u00e9f\u00e9rente VSS (Violences Sexuelles et Sexistes) aupr\u00e8s de la Ville de Grenoble. Le GUC Escrime est une &hellip; <a href=\"http:\/\/guc.asso.fr\/gucescrime\/index.php\/guc-escrime\/le-club\/le-bureau\/\" class=\"more-link\">Lire la suite <span class=\"screen-reader-text\">Le CA et le bureau<\/span><\/a><\/p>\n","protected":false},"author":1,"featured_media":0,"parent":1779,"menu_order":0,"comment_status":"closed","ping_status":"closed","template":"","meta":{"jetpack_post_was_ever_published":false,"footnotes":""},"class_list":["post-1831","page","type-page","status-publish","hentry"],"yoast_head":"<!-- This site is optimized with the Yoast SEO plugin v24.2 - https:\/\/yoast.com\/wordpress\/plugins\/seo\/ -->\n<title>Le CA et le bureau - GUC-Escrime<\/title>\n<meta name=\"robots\" content=\"index, follow, max-snippet:-1, max-image-preview:large, max-video-preview:-1\" \/>\n<link rel=\"canonical\" href=\"http:\/\/guc.asso.fr\/gucescrime\/index.php\/guc-escrime\/le-club\/le-bureau\/\" \/>\n<meta property=\"og:locale\" content=\"fr_FR\" \/>\n<meta property=\"og:type\" content=\"article\" \/>\n<meta property=\"og:title\" content=\"Le CA et le bureau - GUC-Escrime\" \/>\n<meta property=\"og:description\" content=\"L&rsquo;Association est g\u00e9r\u00e9e par un groupe de b\u00e9n\u00e9voles \u00e9lus en Assembl\u00e9e G\u00e9n\u00e9rale, compos\u00e9 de tireurs et de parents de tireurs. Autres membres du Conseil d\u2019Administration : Adeline LECLERCQ ; Walid GALAL EL DINE ; Thuy NGUYEN *Laura est r\u00e9f\u00e9rente VSS (Violences Sexuelles et Sexistes) aupr\u00e8s de la Ville de Grenoble. Le GUC Escrime est une &hellip; Lire la suite Le CA et le bureau\" \/>\n<meta property=\"og:url\" content=\"http:\/\/guc.asso.fr\/gucescrime\/index.php\/guc-escrime\/le-club\/le-bureau\/\" \/>\n<meta property=\"og:site_name\" content=\"GUC-Escrime\" \/>\n<meta property=\"article:publisher\" content=\"https:\/\/www.facebook.com\/gucescrime\" \/>\n<meta property=\"article:modified_time\" content=\"2025-11-26T13:36:54+00:00\" \/>\n<meta property=\"og:image\" content=\"http:\/\/guc.asso.fr\/gucescrime\/wp-content\/uploads\/2018\/06\/ca_laurent_2015_1-269x300.jpg\" \/>\n<meta name=\"twitter:card\" content=\"summary_large_image\" \/>\n<meta name=\"twitter:label1\" content=\"Dur\u00e9e de lecture estim\u00e9e\" \/>\n\t<meta name=\"twitter:data1\" content=\"2 minutes\" \/>\n<script type=\"application\/ld+json\" class=\"yoast-schema-graph\">{\"@context\":\"https:\/\/schema.org\",\"@graph\":[{\"@type\":\"WebPage\",\"@id\":\"http:\/\/guc.asso.fr\/gucescrime\/index.php\/guc-escrime\/le-club\/le-bureau\/\",\"url\":\"http:\/\/guc.asso.fr\/gucescrime\/index.php\/guc-escrime\/le-club\/le-bureau\/\",\"name\":\"Le CA et le bureau - GUC-Escrime\",\"isPartOf\":{\"@id\":\"http:\/\/guc.asso.fr\/gucescrime\/#website\"},\"primaryImageOfPage\":{\"@id\":\"http:\/\/guc.asso.fr\/gucescrime\/index.php\/guc-escrime\/le-club\/le-bureau\/#primaryimage\"},\"image\":{\"@id\":\"http:\/\/guc.asso.fr\/gucescrime\/index.php\/guc-escrime\/le-club\/le-bureau\/#primaryimage\"},\"thumbnailUrl\":\"http:\/\/guc.asso.fr\/gucescrime\/wp-content\/uploads\/2018\/06\/ca_laurent_2015_1-269x300.jpg\",\"datePublished\":\"2020-06-07T14:58:14+00:00\",\"dateModified\":\"2025-11-26T13:36:54+00:00\",\"breadcrumb\":{\"@id\":\"http:\/\/guc.asso.fr\/gucescrime\/index.php\/guc-escrime\/le-club\/le-bureau\/#breadcrumb\"},\"inLanguage\":\"fr-FR\",\"potentialAction\":[{\"@type\":\"ReadAction\",\"target\":[\"http:\/\/guc.asso.fr\/gucescrime\/index.php\/guc-escrime\/le-club\/le-bureau\/\"]}]},{\"@type\":\"ImageObject\",\"inLanguage\":\"fr-FR\",\"@id\":\"http:\/\/guc.asso.fr\/gucescrime\/index.php\/guc-escrime\/le-club\/le-bureau\/#primaryimage\",\"url\":\"https:\/\/i0.wp.com\/guc.asso.fr\/gucescrime\/wp-content\/uploads\/2018\/06\/ca_laurent_2015_1.jpg?fit=424%2C472\",\"contentUrl\":\"https:\/\/i0.wp.com\/guc.asso.fr\/gucescrime\/wp-content\/uploads\/2018\/06\/ca_laurent_2015_1.jpg?fit=424%2C472\",\"width\":424,\"height\":472,\"caption\":\"Laurent BONNOT, Pr\u00e9sident\"},{\"@type\":\"BreadcrumbList\",\"@id\":\"http:\/\/guc.asso.fr\/gucescrime\/index.php\/guc-escrime\/le-club\/le-bureau\/#breadcrumb\",\"itemListElement\":[{\"@type\":\"ListItem\",\"position\":1,\"name\":\"Accueil\",\"item\":\"http:\/\/guc.asso.fr\/gucescrime\/\"},{\"@type\":\"ListItem\",\"position\":2,\"name\":\"GUC Escrime\",\"item\":\"http:\/\/guc.asso.fr\/gucescrime\/\"},{\"@type\":\"ListItem\",\"position\":3,\"name\":\"Le club\",\"item\":\"http:\/\/guc.asso.fr\/gucescrime\/index.php\/guc-escrime\/le-club\/\"},{\"@type\":\"ListItem\",\"position\":4,\"name\":\"Le CA et le bureau\"}]},{\"@type\":\"WebSite\",\"@id\":\"http:\/\/guc.asso.fr\/gucescrime\/#website\",\"url\":\"http:\/\/guc.asso.fr\/gucescrime\/\",\"name\":\"GUC-Escrime\",\"description\":\"L&#039;art du fleuret et l&#039;esprit du sport \u00e0 Grenoble\",\"publisher\":{\"@id\":\"http:\/\/guc.asso.fr\/gucescrime\/#organization\"},\"potentialAction\":[{\"@type\":\"SearchAction\",\"target\":{\"@type\":\"EntryPoint\",\"urlTemplate\":\"http:\/\/guc.asso.fr\/gucescrime\/?s={search_term_string}\"},\"query-input\":{\"@type\":\"PropertyValueSpecification\",\"valueRequired\":true,\"valueName\":\"search_term_string\"}}],\"inLanguage\":\"fr-FR\"},{\"@type\":\"Organization\",\"@id\":\"http:\/\/guc.asso.fr\/gucescrime\/#organization\",\"name\":\"GUC-Escrime\",\"url\":\"http:\/\/guc.asso.fr\/gucescrime\/\",\"logo\":{\"@type\":\"ImageObject\",\"inLanguage\":\"fr-FR\",\"@id\":\"http:\/\/guc.asso.fr\/gucescrime\/#\/schema\/logo\/image\/\",\"url\":\"https:\/\/i0.wp.com\/guc.asso.fr\/gucescrime\/wp-content\/uploads\/2018\/06\/logo_GUC2014_JV_h0250.png?fit=186%2C250\",\"contentUrl\":\"https:\/\/i0.wp.com\/guc.asso.fr\/gucescrime\/wp-content\/uploads\/2018\/06\/logo_GUC2014_JV_h0250.png?fit=186%2C250\",\"width\":186,\"height\":250,\"caption\":\"GUC-Escrime\"},\"image\":{\"@id\":\"http:\/\/guc.asso.fr\/gucescrime\/#\/schema\/logo\/image\/\"},\"sameAs\":[\"https:\/\/www.facebook.com\/gucescrime\"]}]}<\/script>\n<!-- \/ Yoast SEO plugin. -->","yoast_head_json":{"title":"Le CA et le bureau - GUC-Escrime","robots":{"index":"index","follow":"follow","max-snippet":"max-snippet:-1","max-image-preview":"max-image-preview:large","max-video-preview":"max-video-preview:-1"},"canonical":"http:\/\/guc.asso.fr\/gucescrime\/index.php\/guc-escrime\/le-club\/le-bureau\/","og_locale":"fr_FR","og_type":"article","og_title":"Le CA et le bureau - GUC-Escrime","og_description":"L&rsquo;Association est g\u00e9r\u00e9e par un groupe de b\u00e9n\u00e9voles \u00e9lus en Assembl\u00e9e G\u00e9n\u00e9rale, compos\u00e9 de tireurs et de parents de tireurs. Autres membres du Conseil d\u2019Administration : Adeline LECLERCQ ; Walid GALAL EL DINE ; Thuy NGUYEN *Laura est r\u00e9f\u00e9rente VSS (Violences Sexuelles et Sexistes) aupr\u00e8s de la Ville de Grenoble. Le GUC Escrime est une &hellip; Lire la suite Le CA et le bureau","og_url":"http:\/\/guc.asso.fr\/gucescrime\/index.php\/guc-escrime\/le-club\/le-bureau\/","og_site_name":"GUC-Escrime","article_publisher":"https:\/\/www.facebook.com\/gucescrime","article_modified_time":"2025-11-26T13:36:54+00:00","og_image":[{"url":"http:\/\/guc.asso.fr\/gucescrime\/wp-content\/uploads\/2018\/06\/ca_laurent_2015_1-269x300.jpg","type":"","width":"","height":""}],"twitter_card":"summary_large_image","twitter_misc":{"Dur\u00e9e de lecture estim\u00e9e":"2 minutes"},"schema":{"@context":"https:\/\/schema.org","@graph":[{"@type":"WebPage","@id":"http:\/\/guc.asso.fr\/gucescrime\/index.php\/guc-escrime\/le-club\/le-bureau\/","url":"http:\/\/guc.asso.fr\/gucescrime\/index.php\/guc-escrime\/le-club\/le-bureau\/","name":"Le CA et le bureau - GUC-Escrime","isPartOf":{"@id":"http:\/\/guc.asso.fr\/gucescrime\/#website"},"primaryImageOfPage":{"@id":"http:\/\/guc.asso.fr\/gucescrime\/index.php\/guc-escrime\/le-club\/le-bureau\/#primaryimage"},"image":{"@id":"http:\/\/guc.asso.fr\/gucescrime\/index.php\/guc-escrime\/le-club\/le-bureau\/#primaryimage"},"thumbnailUrl":"http:\/\/guc.asso.fr\/gucescrime\/wp-content\/uploads\/2018\/06\/ca_laurent_2015_1-269x300.jpg","datePublished":"2020-06-07T14:58:14+00:00","dateModified":"2025-11-26T13:36:54+00:00","breadcrumb":{"@id":"http:\/\/guc.asso.fr\/gucescrime\/index.php\/guc-escrime\/le-club\/le-bureau\/#breadcrumb"},"inLanguage":"fr-FR","potentialAction":[{"@type":"ReadAction","target":["http:\/\/guc.asso.fr\/gucescrime\/index.php\/guc-escrime\/le-club\/le-bureau\/"]}]},{"@type":"ImageObject","inLanguage":"fr-FR","@id":"http:\/\/guc.asso.fr\/gucescrime\/index.php\/guc-escrime\/le-club\/le-bureau\/#primaryimage","url":"https:\/\/i0.wp.com\/guc.asso.fr\/gucescrime\/wp-content\/uploads\/2018\/06\/ca_laurent_2015_1.jpg?fit=424%2C472","contentUrl":"https:\/\/i0.wp.com\/guc.asso.fr\/gucescrime\/wp-content\/uploads\/2018\/06\/ca_laurent_2015_1.jpg?fit=424%2C472","width":424,"height":472,"caption":"Laurent BONNOT, Pr\u00e9sident"},{"@type":"BreadcrumbList","@id":"http:\/\/guc.asso.fr\/gucescrime\/index.php\/guc-escrime\/le-club\/le-bureau\/#breadcrumb","itemListElement":[{"@type":"ListItem","position":1,"name":"Accueil","item":"http:\/\/guc.asso.fr\/gucescrime\/"},{"@type":"ListItem","position":2,"name":"GUC Escrime","item":"http:\/\/guc.asso.fr\/gucescrime\/"},{"@type":"ListItem","position":3,"name":"Le club","item":"http:\/\/guc.asso.fr\/gucescrime\/index.php\/guc-escrime\/le-club\/"},{"@type":"ListItem","position":4,"name":"Le CA et le bureau"}]},{"@type":"WebSite","@id":"http:\/\/guc.asso.fr\/gucescrime\/#website","url":"http:\/\/guc.asso.fr\/gucescrime\/","name":"GUC-Escrime","description":"L&#039;art du fleuret et l&#039;esprit du sport \u00e0 Grenoble","publisher":{"@id":"http:\/\/guc.asso.fr\/gucescrime\/#organization"},"potentialAction":[{"@type":"SearchAction","target":{"@type":"EntryPoint","urlTemplate":"http:\/\/guc.asso.fr\/gucescrime\/?s={search_term_string}"},"query-input":{"@type":"PropertyValueSpecification","valueRequired":true,"valueName":"search_term_string"}}],"inLanguage":"fr-FR"},{"@type":"Organization","@id":"http:\/\/guc.asso.fr\/gucescrime\/#organization","name":"GUC-Escrime","url":"http:\/\/guc.asso.fr\/gucescrime\/","logo":{"@type":"ImageObject","inLanguage":"fr-FR","@id":"http:\/\/guc.asso.fr\/gucescrime\/#\/schema\/logo\/image\/","url":"https:\/\/i0.wp.com\/guc.asso.fr\/gucescrime\/wp-content\/uploads\/2018\/06\/logo_GUC2014_JV_h0250.png?fit=186%2C250","contentUrl":"https:\/\/i0.wp.com\/guc.asso.fr\/gucescrime\/wp-content\/uploads\/2018\/06\/logo_GUC2014_JV_h0250.png?fit=186%2C250","width":186,"height":250,"caption":"GUC-Escrime"},"image":{"@id":"http:\/\/guc.asso.fr\/gucescrime\/#\/schema\/logo\/image\/"},"sameAs":["https:\/\/www.facebook.com\/gucescrime"]}]}},"jetpack_sharing_enabled":true,"jetpack_shortlink":"https:\/\/wp.me\/Pa0KHz-tx","_links":{"self":[{"href":"http:\/\/guc.asso.fr\/gucescrime\/index.php\/wp-json\/wp\/v2\/pages\/1831","targetHints":{"allow":["GET"]}}],"collection":[{"href":"http:\/\/guc.asso.fr\/gucescrime\/index.php\/wp-json\/wp\/v2\/pages"}],"about":[{"href":"http:\/\/guc.asso.fr\/gucescrime\/index.php\/wp-json\/wp\/v2\/types\/page"}],"author":[{"embeddable":true,"href":"http:\/\/guc.asso.fr\/gucescrime\/index.php\/wp-json\/wp\/v2\/users\/1"}],"replies":[{"embeddable":true,"href":"http:\/\/guc.asso.fr\/gucescrime\/index.php\/wp-json\/wp\/v2\/comments?post=1831"}],"version-history":[{"count":14,"href":"http:\/\/guc.asso.fr\/gucescrime\/index.php\/wp-json\/wp\/v2\/pages\/1831\/revisions"}],"predecessor-version":[{"id":3712,"href":"http:\/\/guc.asso.fr\/gucescrime\/index.php\/wp-json\/wp\/v2\/pages\/1831\/revisions\/3712"}],"up":[{"embeddable":true,"href":"http:\/\/guc.asso.fr\/gucescrime\/index.php\/wp-json\/wp\/v2\/pages\/1779"}],"wp:attachment":[{"href":"http:\/\/guc.asso.fr\/gucescrime\/index.php\/wp-json\/wp\/v2\/media?parent=1831"}],"curies":[{"name":"wp","href":"https:\/\/api.w.org\/{rel}","templated":true}]}}