{"id":1813,"date":"2020-06-07T20:52:55","date_gmt":"2020-06-07T18:52:55","guid":{"rendered":"https:\/\/guc.asso.fr\/gucescrime\/?page_id=1813"},"modified":"2026-04-10T07:51:49","modified_gmt":"2026-04-10T05:51:49","slug":"stages","status":"publish","type":"page","link":"http:\/\/guc.asso.fr\/gucescrime\/index.php\/guc-escrime\/plans-dacces\/stages\/","title":{"rendered":"Stages"},"content":{"rendered":"\n<p><strong>Des stages de fleuret <\/strong>sont organis\u00e9s pendant les vacances scolaires de Toussaint, Hiver et Printemps \u00e0 <strong>Grenoble, Centre Sportif Hoche<\/strong>.<br>20 places pour les enfants licenci\u00e9s et \u00e2g\u00e9s de 7 \u00e0 13 ans + 4 places pour les non-licenci\u00e9s FFE, \u00e2g\u00e9s de plus de 10 ans.<br><em>Inscriptions:<\/em> envoyer un courriel \u00e0 <a href=\"mailto:guc.escrime@laposte.net\" target=\"_blank\" rel=\"noreferrer noopener nofollow\">guc.escrime@laposte.net<\/a><br><em>Tarif pour les licenci\u00e9s :<\/em> 24 \u20ac par jour  (72 \u20ac les 3 jours) <br><em>Tarif pour les non-licenci\u00e9s FFE :<\/em> 26 \u20ac par jour \/ 78 \u20ac les 3 jours.<\/p>\n\n\n\n<p><mark style=\"background-color:rgba(0, 0, 0, 0)\" class=\"has-inline-color has-cyan-bluish-gray-color\"><strong><span style=\"text-decoration: underline;\">Vacances de Toussaint 2025 :<\/span><\/strong>   Lundi 20, Mardi 21, Mercredi 22 octobre 2025    <\/mark><\/p>\n\n\n\n<p><mark style=\"background-color:rgba(0, 0, 0, 0)\" class=\"has-inline-color has-cyan-bluish-gray-color\"><span style=\"text-decoration: underline;\">Vacances de No\u00ebl 2025-26 :<\/span><strong> <\/strong>  Lundi 29 , Mardi 30 d\u00e9cembre 2025<\/mark><\/p>\n\n\n\n<p><mark style=\"background-color:rgba(0, 0, 0, 0)\" class=\"has-inline-color has-cyan-bluish-gray-color\"><strong><span style=\"text-decoration: underline;\">Vacances d&rsquo;Hiver 2026 :<\/span>   Lundi 16 ; Mardi 17 ; Mercredi 18 f\u00e9vrier 2026<\/strong>    9h-17h  [<a href=\"https:\/\/guc.asso.fr\/gucescrime\/wp-content\/uploads\/2025\/12\/2026_02_stage_fiche_inscription.pdf\" target=\"_blank\" rel=\"noreferrer noopener\">&#8211;<\/a>]<\/mark><mark style=\"background-color:rgba(0, 0, 0, 0)\" class=\"has-inline-color has-black-color\">   <\/mark><\/p>\n\n\n\n<p><\/p>\n\n\n\n<p><mark style=\"background-color:rgba(0, 0, 0, 0)\" class=\"has-inline-color has-black-color\"><strong><span style=\"text-decoration: underline;\">Stage de reprise, fin ao\u00fbt :<\/span><\/strong>   dates \u00e0 d\u00e9finir &#8211; R\u00e9serv\u00e9 aux licenci\u00e9s. <\/mark><\/p>\n\n\n\n<p><\/p>\n","protected":false},"excerpt":{"rendered":"<p>Des stages de fleuret sont organis\u00e9s pendant les vacances scolaires de Toussaint, Hiver et Printemps \u00e0 Grenoble, Centre Sportif Hoche.20 places pour les enfants licenci\u00e9s et \u00e2g\u00e9s de 7 \u00e0 13 ans + 4 places pour les non-licenci\u00e9s FFE, \u00e2g\u00e9s de plus de 10 ans.Inscriptions: envoyer un courriel \u00e0 guc.escrime@laposte.netTarif pour les licenci\u00e9s : 24 &hellip; <a href=\"http:\/\/guc.asso.fr\/gucescrime\/index.php\/guc-escrime\/plans-dacces\/stages\/\" class=\"more-link\">Lire la suite <span class=\"screen-reader-text\">Stages<\/span><\/a><\/p>\n","protected":false},"author":1,"featured_media":0,"parent":137,"menu_order":0,"comment_status":"closed","ping_status":"closed","template":"","meta":{"jetpack_post_was_ever_published":false,"footnotes":""},"class_list":["post-1813","page","type-page","status-publish","hentry"],"yoast_head":"<!-- This site is optimized with the Yoast SEO plugin v24.2 - https:\/\/yoast.com\/wordpress\/plugins\/seo\/ -->\n<title>Stages - GUC-Escrime<\/title>\n<meta name=\"robots\" content=\"index, follow, max-snippet:-1, max-image-preview:large, max-video-preview:-1\" \/>\n<link rel=\"canonical\" href=\"http:\/\/guc.asso.fr\/gucescrime\/index.php\/guc-escrime\/plans-dacces\/stages\/\" \/>\n<meta property=\"og:locale\" content=\"fr_FR\" \/>\n<meta property=\"og:type\" content=\"article\" \/>\n<meta property=\"og:title\" content=\"Stages - GUC-Escrime\" \/>\n<meta property=\"og:description\" content=\"Des stages de fleuret sont organis\u00e9s pendant les vacances scolaires de Toussaint, Hiver et Printemps \u00e0 Grenoble, Centre Sportif Hoche.20 places pour les enfants licenci\u00e9s et \u00e2g\u00e9s de 7 \u00e0 13 ans + 4 places pour les non-licenci\u00e9s FFE, \u00e2g\u00e9s de plus de 10 ans.Inscriptions: envoyer un courriel \u00e0 guc.escrime@laposte.netTarif pour les licenci\u00e9s : 24 &hellip; Lire la suite Stages\" \/>\n<meta property=\"og:url\" content=\"http:\/\/guc.asso.fr\/gucescrime\/index.php\/guc-escrime\/plans-dacces\/stages\/\" \/>\n<meta property=\"og:site_name\" content=\"GUC-Escrime\" \/>\n<meta property=\"article:publisher\" content=\"https:\/\/www.facebook.com\/gucescrime\" \/>\n<meta property=\"article:modified_time\" content=\"2026-04-10T05:51:49+00:00\" \/>\n<meta name=\"twitter:card\" content=\"summary_large_image\" \/>\n<meta name=\"twitter:label1\" content=\"Dur\u00e9e de lecture estim\u00e9e\" \/>\n\t<meta name=\"twitter:data1\" content=\"1 minute\" \/>\n<script type=\"application\/ld+json\" class=\"yoast-schema-graph\">{\"@context\":\"https:\/\/schema.org\",\"@graph\":[{\"@type\":\"WebPage\",\"@id\":\"http:\/\/guc.asso.fr\/gucescrime\/index.php\/guc-escrime\/plans-dacces\/stages\/\",\"url\":\"http:\/\/guc.asso.fr\/gucescrime\/index.php\/guc-escrime\/plans-dacces\/stages\/\",\"name\":\"Stages - GUC-Escrime\",\"isPartOf\":{\"@id\":\"https:\/\/guc.asso.fr\/gucescrime\/#website\"},\"datePublished\":\"2020-06-07T18:52:55+00:00\",\"dateModified\":\"2026-04-10T05:51:49+00:00\",\"breadcrumb\":{\"@id\":\"http:\/\/guc.asso.fr\/gucescrime\/index.php\/guc-escrime\/plans-dacces\/stages\/#breadcrumb\"},\"inLanguage\":\"fr-FR\",\"potentialAction\":[{\"@type\":\"ReadAction\",\"target\":[\"http:\/\/guc.asso.fr\/gucescrime\/index.php\/guc-escrime\/plans-dacces\/stages\/\"]}]},{\"@type\":\"BreadcrumbList\",\"@id\":\"http:\/\/guc.asso.fr\/gucescrime\/index.php\/guc-escrime\/plans-dacces\/stages\/#breadcrumb\",\"itemListElement\":[{\"@type\":\"ListItem\",\"position\":1,\"name\":\"Accueil\",\"item\":\"https:\/\/guc.asso.fr\/gucescrime\/\"},{\"@type\":\"ListItem\",\"position\":2,\"name\":\"GUC Escrime\",\"item\":\"https:\/\/guc.asso.fr\/gucescrime\/\"},{\"@type\":\"ListItem\",\"position\":3,\"name\":\"Nos offres\",\"item\":\"http:\/\/guc.asso.fr\/gucescrime\/index.php\/guc-escrime\/plans-dacces\/\"},{\"@type\":\"ListItem\",\"position\":4,\"name\":\"Stages\"}]},{\"@type\":\"WebSite\",\"@id\":\"https:\/\/guc.asso.fr\/gucescrime\/#website\",\"url\":\"https:\/\/guc.asso.fr\/gucescrime\/\",\"name\":\"GUC-Escrime\",\"description\":\"L&#039;art du fleuret et l&#039;esprit du sport \u00e0 Grenoble\",\"publisher\":{\"@id\":\"https:\/\/guc.asso.fr\/gucescrime\/#organization\"},\"potentialAction\":[{\"@type\":\"SearchAction\",\"target\":{\"@type\":\"EntryPoint\",\"urlTemplate\":\"https:\/\/guc.asso.fr\/gucescrime\/?s={search_term_string}\"},\"query-input\":{\"@type\":\"PropertyValueSpecification\",\"valueRequired\":true,\"valueName\":\"search_term_string\"}}],\"inLanguage\":\"fr-FR\"},{\"@type\":\"Organization\",\"@id\":\"https:\/\/guc.asso.fr\/gucescrime\/#organization\",\"name\":\"GUC-Escrime\",\"url\":\"https:\/\/guc.asso.fr\/gucescrime\/\",\"logo\":{\"@type\":\"ImageObject\",\"inLanguage\":\"fr-FR\",\"@id\":\"https:\/\/guc.asso.fr\/gucescrime\/#\/schema\/logo\/image\/\",\"url\":\"https:\/\/i0.wp.com\/guc.asso.fr\/gucescrime\/wp-content\/uploads\/2018\/06\/logo_GUC2014_JV_h0250.png?fit=186%2C250\",\"contentUrl\":\"https:\/\/i0.wp.com\/guc.asso.fr\/gucescrime\/wp-content\/uploads\/2018\/06\/logo_GUC2014_JV_h0250.png?fit=186%2C250\",\"width\":186,\"height\":250,\"caption\":\"GUC-Escrime\"},\"image\":{\"@id\":\"https:\/\/guc.asso.fr\/gucescrime\/#\/schema\/logo\/image\/\"},\"sameAs\":[\"https:\/\/www.facebook.com\/gucescrime\"]}]}<\/script>\n<!-- \/ Yoast SEO plugin. -->","yoast_head_json":{"title":"Stages - GUC-Escrime","robots":{"index":"index","follow":"follow","max-snippet":"max-snippet:-1","max-image-preview":"max-image-preview:large","max-video-preview":"max-video-preview:-1"},"canonical":"http:\/\/guc.asso.fr\/gucescrime\/index.php\/guc-escrime\/plans-dacces\/stages\/","og_locale":"fr_FR","og_type":"article","og_title":"Stages - GUC-Escrime","og_description":"Des stages de fleuret sont organis\u00e9s pendant les vacances scolaires de Toussaint, Hiver et Printemps \u00e0 Grenoble, Centre Sportif Hoche.20 places pour les enfants licenci\u00e9s et \u00e2g\u00e9s de 7 \u00e0 13 ans + 4 places pour les non-licenci\u00e9s FFE, \u00e2g\u00e9s de plus de 10 ans.Inscriptions: envoyer un courriel \u00e0 guc.escrime@laposte.netTarif pour les licenci\u00e9s : 24 &hellip; Lire la suite Stages","og_url":"http:\/\/guc.asso.fr\/gucescrime\/index.php\/guc-escrime\/plans-dacces\/stages\/","og_site_name":"GUC-Escrime","article_publisher":"https:\/\/www.facebook.com\/gucescrime","article_modified_time":"2026-04-10T05:51:49+00:00","twitter_card":"summary_large_image","twitter_misc":{"Dur\u00e9e de lecture estim\u00e9e":"1 minute"},"schema":{"@context":"https:\/\/schema.org","@graph":[{"@type":"WebPage","@id":"http:\/\/guc.asso.fr\/gucescrime\/index.php\/guc-escrime\/plans-dacces\/stages\/","url":"http:\/\/guc.asso.fr\/gucescrime\/index.php\/guc-escrime\/plans-dacces\/stages\/","name":"Stages - GUC-Escrime","isPartOf":{"@id":"https:\/\/guc.asso.fr\/gucescrime\/#website"},"datePublished":"2020-06-07T18:52:55+00:00","dateModified":"2026-04-10T05:51:49+00:00","breadcrumb":{"@id":"http:\/\/guc.asso.fr\/gucescrime\/index.php\/guc-escrime\/plans-dacces\/stages\/#breadcrumb"},"inLanguage":"fr-FR","potentialAction":[{"@type":"ReadAction","target":["http:\/\/guc.asso.fr\/gucescrime\/index.php\/guc-escrime\/plans-dacces\/stages\/"]}]},{"@type":"BreadcrumbList","@id":"http:\/\/guc.asso.fr\/gucescrime\/index.php\/guc-escrime\/plans-dacces\/stages\/#breadcrumb","itemListElement":[{"@type":"ListItem","position":1,"name":"Accueil","item":"https:\/\/guc.asso.fr\/gucescrime\/"},{"@type":"ListItem","position":2,"name":"GUC Escrime","item":"https:\/\/guc.asso.fr\/gucescrime\/"},{"@type":"ListItem","position":3,"name":"Nos offres","item":"http:\/\/guc.asso.fr\/gucescrime\/index.php\/guc-escrime\/plans-dacces\/"},{"@type":"ListItem","position":4,"name":"Stages"}]},{"@type":"WebSite","@id":"https:\/\/guc.asso.fr\/gucescrime\/#website","url":"https:\/\/guc.asso.fr\/gucescrime\/","name":"GUC-Escrime","description":"L&#039;art du fleuret et l&#039;esprit du sport \u00e0 Grenoble","publisher":{"@id":"https:\/\/guc.asso.fr\/gucescrime\/#organization"},"potentialAction":[{"@type":"SearchAction","target":{"@type":"EntryPoint","urlTemplate":"https:\/\/guc.asso.fr\/gucescrime\/?s={search_term_string}"},"query-input":{"@type":"PropertyValueSpecification","valueRequired":true,"valueName":"search_term_string"}}],"inLanguage":"fr-FR"},{"@type":"Organization","@id":"https:\/\/guc.asso.fr\/gucescrime\/#organization","name":"GUC-Escrime","url":"https:\/\/guc.asso.fr\/gucescrime\/","logo":{"@type":"ImageObject","inLanguage":"fr-FR","@id":"https:\/\/guc.asso.fr\/gucescrime\/#\/schema\/logo\/image\/","url":"https:\/\/i0.wp.com\/guc.asso.fr\/gucescrime\/wp-content\/uploads\/2018\/06\/logo_GUC2014_JV_h0250.png?fit=186%2C250","contentUrl":"https:\/\/i0.wp.com\/guc.asso.fr\/gucescrime\/wp-content\/uploads\/2018\/06\/logo_GUC2014_JV_h0250.png?fit=186%2C250","width":186,"height":250,"caption":"GUC-Escrime"},"image":{"@id":"https:\/\/guc.asso.fr\/gucescrime\/#\/schema\/logo\/image\/"},"sameAs":["https:\/\/www.facebook.com\/gucescrime"]}]}},"jetpack_sharing_enabled":true,"jetpack_shortlink":"https:\/\/wp.me\/Pa0KHz-tf","_links":{"self":[{"href":"http:\/\/guc.asso.fr\/gucescrime\/index.php\/wp-json\/wp\/v2\/pages\/1813","targetHints":{"allow":["GET"]}}],"collection":[{"href":"http:\/\/guc.asso.fr\/gucescrime\/index.php\/wp-json\/wp\/v2\/pages"}],"about":[{"href":"http:\/\/guc.asso.fr\/gucescrime\/index.php\/wp-json\/wp\/v2\/types\/page"}],"author":[{"embeddable":true,"href":"http:\/\/guc.asso.fr\/gucescrime\/index.php\/wp-json\/wp\/v2\/users\/1"}],"replies":[{"embeddable":true,"href":"http:\/\/guc.asso.fr\/gucescrime\/index.php\/wp-json\/wp\/v2\/comments?post=1813"}],"version-history":[{"count":36,"href":"http:\/\/guc.asso.fr\/gucescrime\/index.php\/wp-json\/wp\/v2\/pages\/1813\/revisions"}],"predecessor-version":[{"id":3792,"href":"http:\/\/guc.asso.fr\/gucescrime\/index.php\/wp-json\/wp\/v2\/pages\/1813\/revisions\/3792"}],"up":[{"embeddable":true,"href":"http:\/\/guc.asso.fr\/gucescrime\/index.php\/wp-json\/wp\/v2\/pages\/137"}],"wp:attachment":[{"href":"http:\/\/guc.asso.fr\/gucescrime\/index.php\/wp-json\/wp\/v2\/media?parent=1813"}],"curies":[{"name":"wp","href":"https:\/\/api.w.org\/{rel}","templated":true}]}}