{"id":1807,"date":"2020-06-07T20:48:30","date_gmt":"2020-06-07T18:48:30","guid":{"rendered":"https:\/\/guc.asso.fr\/gucescrime\/?page_id=1807"},"modified":"2021-06-21T20:48:19","modified_gmt":"2021-06-21T18:48:19","slug":"entrainements","status":"publish","type":"page","link":"http:\/\/guc.asso.fr\/gucescrime\/index.php\/guc-escrime\/le-club\/entrainements\/","title":{"rendered":"Entra\u00eenements"},"content":{"rendered":"\n<p>Le club enseigne le<strong> fleuret<\/strong>. Ce <span class=\"has-inline-color has-vivid-cyan-blue-color\"><a href=\"http:\/\/escr-photos.guc.asso.fr\/photos_th\u00e8mes\/Guc_entrainement\/index.html\">diaporama illustre le d\u00e9roulement des entra\u00eenements<\/a>.<\/span><\/p>\n\n\n\n<p><strong>A quel \u00e2ge d\u00e9buter ?<\/strong> M\u00eame si les m\u00e9daill\u00e9s olympiques commencent g\u00e9n\u00e9ralement tr\u00e8s jeunes, l&rsquo;escrime est une pratique sportive qu&rsquo;il est possible de d\u00e9marrer \u00e0 tout \u00e2ge. Notre section adultes accueille ainsi des tireurs de tous niveaux dans une ambiance tr\u00e8s amicale.<\/p>\n\n\n\n<p><a rel=\"noreferrer noopener\" href=\"http:\/\/escr-photos.guc.asso.fr\/photos_th\u00e8mes\/Guc_baby\/index.html\" target=\"_blank\"><strong><span class=\"has-inline-color has-black-color\">Qu&rsquo;est-ce que le<span style=\"text-decoration: underline;\"> <\/span><\/span><\/strong><span class=\"has-inline-color has-vivid-cyan-blue-color\"><strong>Baby Escrime ?<\/strong><\/span><\/a>   Le BABY ESCRIME est une initiation ludique \u00e0 l&rsquo;escrime qui favorise l&rsquo;\u00e9veil et la coordination des <strong>4-6 ans<\/strong>. Le jeune bretteur s&rsquo;identifie \u00e0 ses h\u00e9ros, apprend \u00e0 mener un assaut en respectant les r\u00e8gles de base, sans oublier courtoisie et saluts.<\/p>\n\n\n\n<div class=\"wp-block-image\"><figure class=\"alignleft\"><a href=\"https:\/\/www.youtube.com\/watch?v=MELogRUXmgI\" rel=\"noopener noreferrer\"><img data-recalc-dims=\"1\" loading=\"lazy\" decoding=\"async\" width=\"250\" height=\"170\" data-attachment-id=\"840\" data-permalink=\"http:\/\/guc.asso.fr\/gucescrime\/video_sab-las\/\" data-orig-file=\"https:\/\/i0.wp.com\/guc.asso.fr\/gucescrime\/wp-content\/uploads\/2018\/09\/video_sab-las.jpg?fit=250%2C170\" data-orig-size=\"250,170\" data-comments-opened=\"0\" data-image-meta=\"{&quot;aperture&quot;:&quot;4.9&quot;,&quot;credit&quot;:&quot;&quot;,&quot;camera&quot;:&quot;DMC-GM5&quot;,&quot;caption&quot;:&quot;&quot;,&quot;created_timestamp&quot;:&quot;1473509821&quot;,&quot;copyright&quot;:&quot;&quot;,&quot;focal_length&quot;:&quot;22&quot;,&quot;iso&quot;:&quot;200&quot;,&quot;shutter_speed&quot;:&quot;0.016666666666667&quot;,&quot;title&quot;:&quot;&quot;,&quot;orientation&quot;:&quot;1&quot;}\" data-image-title=\"video_sab-las\" data-image-description=\"&lt;p&gt;https:\/\/www.youtube.com\/watch?v=MELogRUXmgI&lt;\/p&gt;\n\" data-image-caption=\"&lt;p&gt;https:\/\/www.youtube.com\/watch?v=MELogRUXmgI&lt;\/p&gt;\n\" data-medium-file=\"https:\/\/i0.wp.com\/guc.asso.fr\/gucescrime\/wp-content\/uploads\/2018\/09\/video_sab-las.jpg?fit=250%2C170\" data-large-file=\"https:\/\/i0.wp.com\/guc.asso.fr\/gucescrime\/wp-content\/uploads\/2018\/09\/video_sab-las.jpg?fit=250%2C170\" src=\"https:\/\/i0.wp.com\/guc.asso.fr\/gucescrime\/wp-content\/uploads\/2018\/09\/video_sab-las.jpg?resize=250%2C170\" alt=\"\" class=\"wp-image-840\"\/><\/a><figcaption>Le sabre laser (1&prime;)<\/figcaption><\/figure><\/div>\n\n\n\n<div class=\"wp-block-image\"><figure class=\"alignleft is-resized\"><a href=\"https:\/\/www.youtube.com\/watch?v=tl67p9spED4&amp;feature=youtu.be\" rel=\"noopener noreferrer\"><img data-recalc-dims=\"1\" loading=\"lazy\" decoding=\"async\" data-attachment-id=\"839\" data-permalink=\"http:\/\/guc.asso.fr\/gucescrime\/video_jlm\/\" data-orig-file=\"https:\/\/i0.wp.com\/guc.asso.fr\/gucescrime\/wp-content\/uploads\/2018\/09\/video_JLM.jpg?fit=246%2C176\" data-orig-size=\"246,176\" data-comments-opened=\"0\" data-image-meta=\"{&quot;aperture&quot;:&quot;0&quot;,&quot;credit&quot;:&quot;&quot;,&quot;camera&quot;:&quot;&quot;,&quot;caption&quot;:&quot;&quot;,&quot;created_timestamp&quot;:&quot;0&quot;,&quot;copyright&quot;:&quot;&quot;,&quot;focal_length&quot;:&quot;0&quot;,&quot;iso&quot;:&quot;0&quot;,&quot;shutter_speed&quot;:&quot;0&quot;,&quot;title&quot;:&quot;&quot;,&quot;orientation&quot;:&quot;0&quot;}\" data-image-title=\"video_JLM\" data-image-description=\"\" data-image-caption=\"&lt;p&gt;The vid\u00e9o de Jean-Luc (9&amp;rsquo;52\u00a0\u00bb)&lt;\/p&gt;\n\" data-medium-file=\"https:\/\/i0.wp.com\/guc.asso.fr\/gucescrime\/wp-content\/uploads\/2018\/09\/video_JLM.jpg?fit=246%2C176\" data-large-file=\"https:\/\/i0.wp.com\/guc.asso.fr\/gucescrime\/wp-content\/uploads\/2018\/09\/video_JLM.jpg?fit=246%2C176\" src=\"https:\/\/i0.wp.com\/guc.asso.fr\/gucescrime\/wp-content\/uploads\/2018\/09\/video_JLM.jpg?resize=246%2C176\" alt=\"\" class=\"wp-image-839\" width=\"246\" height=\"176\"\/><\/a><figcaption>The vid\u00e9o de Jean-Luc (9&rsquo;52\u00a0\u00bb)<\/figcaption><\/figure><\/div>\n\n\n\n<p><\/p>\n\n\n\n<p><\/p>\n","protected":false},"excerpt":{"rendered":"<p>Le club enseigne le fleuret. Ce diaporama illustre le d\u00e9roulement des entra\u00eenements. A quel \u00e2ge d\u00e9buter ? M\u00eame si les m\u00e9daill\u00e9s olympiques commencent g\u00e9n\u00e9ralement tr\u00e8s jeunes, l&rsquo;escrime est une pratique sportive qu&rsquo;il est possible de d\u00e9marrer \u00e0 tout \u00e2ge. Notre section adultes accueille ainsi des tireurs de tous niveaux dans une ambiance tr\u00e8s amicale. Qu&rsquo;est-ce &hellip; <a href=\"http:\/\/guc.asso.fr\/gucescrime\/index.php\/guc-escrime\/le-club\/entrainements\/\" class=\"more-link\">Lire la suite <span class=\"screen-reader-text\">Entra\u00eenements<\/span><\/a><\/p>\n","protected":false},"author":1,"featured_media":0,"parent":1779,"menu_order":0,"comment_status":"closed","ping_status":"closed","template":"","meta":{"jetpack_post_was_ever_published":false,"footnotes":""},"class_list":["post-1807","page","type-page","status-publish","hentry"],"yoast_head":"<!-- This site is optimized with the Yoast SEO plugin v24.2 - https:\/\/yoast.com\/wordpress\/plugins\/seo\/ -->\n<title>Entra\u00eenements - GUC-Escrime<\/title>\n<meta name=\"robots\" content=\"index, follow, max-snippet:-1, max-image-preview:large, max-video-preview:-1\" \/>\n<link rel=\"canonical\" href=\"http:\/\/guc.asso.fr\/gucescrime\/index.php\/guc-escrime\/le-club\/entrainements\/\" \/>\n<meta property=\"og:locale\" content=\"fr_FR\" \/>\n<meta property=\"og:type\" content=\"article\" \/>\n<meta property=\"og:title\" content=\"Entra\u00eenements - GUC-Escrime\" \/>\n<meta property=\"og:description\" content=\"Le club enseigne le fleuret. Ce diaporama illustre le d\u00e9roulement des entra\u00eenements. A quel \u00e2ge d\u00e9buter ? M\u00eame si les m\u00e9daill\u00e9s olympiques commencent g\u00e9n\u00e9ralement tr\u00e8s jeunes, l&rsquo;escrime est une pratique sportive qu&rsquo;il est possible de d\u00e9marrer \u00e0 tout \u00e2ge. Notre section adultes accueille ainsi des tireurs de tous niveaux dans une ambiance tr\u00e8s amicale. Qu&rsquo;est-ce &hellip; Lire la suite Entra\u00eenements\" \/>\n<meta property=\"og:url\" content=\"http:\/\/guc.asso.fr\/gucescrime\/index.php\/guc-escrime\/le-club\/entrainements\/\" \/>\n<meta property=\"og:site_name\" content=\"GUC-Escrime\" \/>\n<meta property=\"article:publisher\" content=\"https:\/\/www.facebook.com\/gucescrime\" \/>\n<meta property=\"article:modified_time\" content=\"2021-06-21T18:48:19+00:00\" \/>\n<meta property=\"og:image\" content=\"http:\/\/guc.asso.fr\/gucescrime\/wp-content\/uploads\/2018\/09\/video_sab-las.jpg\" \/>\n<meta name=\"twitter:card\" content=\"summary_large_image\" \/>\n<meta name=\"twitter:label1\" content=\"Dur\u00e9e de lecture estim\u00e9e\" \/>\n\t<meta name=\"twitter:data1\" content=\"1 minute\" \/>\n<script type=\"application\/ld+json\" class=\"yoast-schema-graph\">{\"@context\":\"https:\/\/schema.org\",\"@graph\":[{\"@type\":\"WebPage\",\"@id\":\"http:\/\/guc.asso.fr\/gucescrime\/index.php\/guc-escrime\/le-club\/entrainements\/\",\"url\":\"http:\/\/guc.asso.fr\/gucescrime\/index.php\/guc-escrime\/le-club\/entrainements\/\",\"name\":\"Entra\u00eenements - GUC-Escrime\",\"isPartOf\":{\"@id\":\"https:\/\/guc.asso.fr\/gucescrime\/#website\"},\"primaryImageOfPage\":{\"@id\":\"http:\/\/guc.asso.fr\/gucescrime\/index.php\/guc-escrime\/le-club\/entrainements\/#primaryimage\"},\"image\":{\"@id\":\"http:\/\/guc.asso.fr\/gucescrime\/index.php\/guc-escrime\/le-club\/entrainements\/#primaryimage\"},\"thumbnailUrl\":\"http:\/\/guc.asso.fr\/gucescrime\/wp-content\/uploads\/2018\/09\/video_sab-las.jpg\",\"datePublished\":\"2020-06-07T18:48:30+00:00\",\"dateModified\":\"2021-06-21T18:48:19+00:00\",\"breadcrumb\":{\"@id\":\"http:\/\/guc.asso.fr\/gucescrime\/index.php\/guc-escrime\/le-club\/entrainements\/#breadcrumb\"},\"inLanguage\":\"fr-FR\",\"potentialAction\":[{\"@type\":\"ReadAction\",\"target\":[\"http:\/\/guc.asso.fr\/gucescrime\/index.php\/guc-escrime\/le-club\/entrainements\/\"]}]},{\"@type\":\"ImageObject\",\"inLanguage\":\"fr-FR\",\"@id\":\"http:\/\/guc.asso.fr\/gucescrime\/index.php\/guc-escrime\/le-club\/entrainements\/#primaryimage\",\"url\":\"https:\/\/i0.wp.com\/guc.asso.fr\/gucescrime\/wp-content\/uploads\/2018\/09\/video_sab-las.jpg?fit=250%2C170\",\"contentUrl\":\"https:\/\/i0.wp.com\/guc.asso.fr\/gucescrime\/wp-content\/uploads\/2018\/09\/video_sab-las.jpg?fit=250%2C170\",\"width\":250,\"height\":170,\"caption\":\"https:\/\/www.youtube.com\/watch?v=MELogRUXmgI\"},{\"@type\":\"BreadcrumbList\",\"@id\":\"http:\/\/guc.asso.fr\/gucescrime\/index.php\/guc-escrime\/le-club\/entrainements\/#breadcrumb\",\"itemListElement\":[{\"@type\":\"ListItem\",\"position\":1,\"name\":\"Accueil\",\"item\":\"https:\/\/guc.asso.fr\/gucescrime\/\"},{\"@type\":\"ListItem\",\"position\":2,\"name\":\"GUC Escrime\",\"item\":\"https:\/\/guc.asso.fr\/gucescrime\/\"},{\"@type\":\"ListItem\",\"position\":3,\"name\":\"Le club\",\"item\":\"https:\/\/guc.asso.fr\/gucescrime\/index.php\/guc-escrime\/le-club\/\"},{\"@type\":\"ListItem\",\"position\":4,\"name\":\"Entra\u00eenements\"}]},{\"@type\":\"WebSite\",\"@id\":\"https:\/\/guc.asso.fr\/gucescrime\/#website\",\"url\":\"https:\/\/guc.asso.fr\/gucescrime\/\",\"name\":\"GUC-Escrime\",\"description\":\"L&#039;art du fleuret et l&#039;esprit du sport \u00e0 Grenoble\",\"publisher\":{\"@id\":\"https:\/\/guc.asso.fr\/gucescrime\/#organization\"},\"potentialAction\":[{\"@type\":\"SearchAction\",\"target\":{\"@type\":\"EntryPoint\",\"urlTemplate\":\"https:\/\/guc.asso.fr\/gucescrime\/?s={search_term_string}\"},\"query-input\":{\"@type\":\"PropertyValueSpecification\",\"valueRequired\":true,\"valueName\":\"search_term_string\"}}],\"inLanguage\":\"fr-FR\"},{\"@type\":\"Organization\",\"@id\":\"https:\/\/guc.asso.fr\/gucescrime\/#organization\",\"name\":\"GUC-Escrime\",\"url\":\"https:\/\/guc.asso.fr\/gucescrime\/\",\"logo\":{\"@type\":\"ImageObject\",\"inLanguage\":\"fr-FR\",\"@id\":\"https:\/\/guc.asso.fr\/gucescrime\/#\/schema\/logo\/image\/\",\"url\":\"https:\/\/i0.wp.com\/guc.asso.fr\/gucescrime\/wp-content\/uploads\/2018\/06\/logo_GUC2014_JV_h0250.png?fit=186%2C250\",\"contentUrl\":\"https:\/\/i0.wp.com\/guc.asso.fr\/gucescrime\/wp-content\/uploads\/2018\/06\/logo_GUC2014_JV_h0250.png?fit=186%2C250\",\"width\":186,\"height\":250,\"caption\":\"GUC-Escrime\"},\"image\":{\"@id\":\"https:\/\/guc.asso.fr\/gucescrime\/#\/schema\/logo\/image\/\"},\"sameAs\":[\"https:\/\/www.facebook.com\/gucescrime\"]}]}<\/script>\n<!-- \/ Yoast SEO plugin. -->","yoast_head_json":{"title":"Entra\u00eenements - GUC-Escrime","robots":{"index":"index","follow":"follow","max-snippet":"max-snippet:-1","max-image-preview":"max-image-preview:large","max-video-preview":"max-video-preview:-1"},"canonical":"http:\/\/guc.asso.fr\/gucescrime\/index.php\/guc-escrime\/le-club\/entrainements\/","og_locale":"fr_FR","og_type":"article","og_title":"Entra\u00eenements - GUC-Escrime","og_description":"Le club enseigne le fleuret. Ce diaporama illustre le d\u00e9roulement des entra\u00eenements. A quel \u00e2ge d\u00e9buter ? M\u00eame si les m\u00e9daill\u00e9s olympiques commencent g\u00e9n\u00e9ralement tr\u00e8s jeunes, l&rsquo;escrime est une pratique sportive qu&rsquo;il est possible de d\u00e9marrer \u00e0 tout \u00e2ge. Notre section adultes accueille ainsi des tireurs de tous niveaux dans une ambiance tr\u00e8s amicale. Qu&rsquo;est-ce &hellip; Lire la suite Entra\u00eenements","og_url":"http:\/\/guc.asso.fr\/gucescrime\/index.php\/guc-escrime\/le-club\/entrainements\/","og_site_name":"GUC-Escrime","article_publisher":"https:\/\/www.facebook.com\/gucescrime","article_modified_time":"2021-06-21T18:48:19+00:00","og_image":[{"url":"http:\/\/guc.asso.fr\/gucescrime\/wp-content\/uploads\/2018\/09\/video_sab-las.jpg","type":"","width":"","height":""}],"twitter_card":"summary_large_image","twitter_misc":{"Dur\u00e9e de lecture estim\u00e9e":"1 minute"},"schema":{"@context":"https:\/\/schema.org","@graph":[{"@type":"WebPage","@id":"http:\/\/guc.asso.fr\/gucescrime\/index.php\/guc-escrime\/le-club\/entrainements\/","url":"http:\/\/guc.asso.fr\/gucescrime\/index.php\/guc-escrime\/le-club\/entrainements\/","name":"Entra\u00eenements - GUC-Escrime","isPartOf":{"@id":"https:\/\/guc.asso.fr\/gucescrime\/#website"},"primaryImageOfPage":{"@id":"http:\/\/guc.asso.fr\/gucescrime\/index.php\/guc-escrime\/le-club\/entrainements\/#primaryimage"},"image":{"@id":"http:\/\/guc.asso.fr\/gucescrime\/index.php\/guc-escrime\/le-club\/entrainements\/#primaryimage"},"thumbnailUrl":"http:\/\/guc.asso.fr\/gucescrime\/wp-content\/uploads\/2018\/09\/video_sab-las.jpg","datePublished":"2020-06-07T18:48:30+00:00","dateModified":"2021-06-21T18:48:19+00:00","breadcrumb":{"@id":"http:\/\/guc.asso.fr\/gucescrime\/index.php\/guc-escrime\/le-club\/entrainements\/#breadcrumb"},"inLanguage":"fr-FR","potentialAction":[{"@type":"ReadAction","target":["http:\/\/guc.asso.fr\/gucescrime\/index.php\/guc-escrime\/le-club\/entrainements\/"]}]},{"@type":"ImageObject","inLanguage":"fr-FR","@id":"http:\/\/guc.asso.fr\/gucescrime\/index.php\/guc-escrime\/le-club\/entrainements\/#primaryimage","url":"https:\/\/i0.wp.com\/guc.asso.fr\/gucescrime\/wp-content\/uploads\/2018\/09\/video_sab-las.jpg?fit=250%2C170","contentUrl":"https:\/\/i0.wp.com\/guc.asso.fr\/gucescrime\/wp-content\/uploads\/2018\/09\/video_sab-las.jpg?fit=250%2C170","width":250,"height":170,"caption":"https:\/\/www.youtube.com\/watch?v=MELogRUXmgI"},{"@type":"BreadcrumbList","@id":"http:\/\/guc.asso.fr\/gucescrime\/index.php\/guc-escrime\/le-club\/entrainements\/#breadcrumb","itemListElement":[{"@type":"ListItem","position":1,"name":"Accueil","item":"https:\/\/guc.asso.fr\/gucescrime\/"},{"@type":"ListItem","position":2,"name":"GUC Escrime","item":"https:\/\/guc.asso.fr\/gucescrime\/"},{"@type":"ListItem","position":3,"name":"Le club","item":"https:\/\/guc.asso.fr\/gucescrime\/index.php\/guc-escrime\/le-club\/"},{"@type":"ListItem","position":4,"name":"Entra\u00eenements"}]},{"@type":"WebSite","@id":"https:\/\/guc.asso.fr\/gucescrime\/#website","url":"https:\/\/guc.asso.fr\/gucescrime\/","name":"GUC-Escrime","description":"L&#039;art du fleuret et l&#039;esprit du sport \u00e0 Grenoble","publisher":{"@id":"https:\/\/guc.asso.fr\/gucescrime\/#organization"},"potentialAction":[{"@type":"SearchAction","target":{"@type":"EntryPoint","urlTemplate":"https:\/\/guc.asso.fr\/gucescrime\/?s={search_term_string}"},"query-input":{"@type":"PropertyValueSpecification","valueRequired":true,"valueName":"search_term_string"}}],"inLanguage":"fr-FR"},{"@type":"Organization","@id":"https:\/\/guc.asso.fr\/gucescrime\/#organization","name":"GUC-Escrime","url":"https:\/\/guc.asso.fr\/gucescrime\/","logo":{"@type":"ImageObject","inLanguage":"fr-FR","@id":"https:\/\/guc.asso.fr\/gucescrime\/#\/schema\/logo\/image\/","url":"https:\/\/i0.wp.com\/guc.asso.fr\/gucescrime\/wp-content\/uploads\/2018\/06\/logo_GUC2014_JV_h0250.png?fit=186%2C250","contentUrl":"https:\/\/i0.wp.com\/guc.asso.fr\/gucescrime\/wp-content\/uploads\/2018\/06\/logo_GUC2014_JV_h0250.png?fit=186%2C250","width":186,"height":250,"caption":"GUC-Escrime"},"image":{"@id":"https:\/\/guc.asso.fr\/gucescrime\/#\/schema\/logo\/image\/"},"sameAs":["https:\/\/www.facebook.com\/gucescrime"]}]}},"jetpack_sharing_enabled":true,"jetpack_shortlink":"https:\/\/wp.me\/Pa0KHz-t9","_links":{"self":[{"href":"http:\/\/guc.asso.fr\/gucescrime\/index.php\/wp-json\/wp\/v2\/pages\/1807","targetHints":{"allow":["GET"]}}],"collection":[{"href":"http:\/\/guc.asso.fr\/gucescrime\/index.php\/wp-json\/wp\/v2\/pages"}],"about":[{"href":"http:\/\/guc.asso.fr\/gucescrime\/index.php\/wp-json\/wp\/v2\/types\/page"}],"author":[{"embeddable":true,"href":"http:\/\/guc.asso.fr\/gucescrime\/index.php\/wp-json\/wp\/v2\/users\/1"}],"replies":[{"embeddable":true,"href":"http:\/\/guc.asso.fr\/gucescrime\/index.php\/wp-json\/wp\/v2\/comments?post=1807"}],"version-history":[{"count":8,"href":"http:\/\/guc.asso.fr\/gucescrime\/index.php\/wp-json\/wp\/v2\/pages\/1807\/revisions"}],"predecessor-version":[{"id":2669,"href":"http:\/\/guc.asso.fr\/gucescrime\/index.php\/wp-json\/wp\/v2\/pages\/1807\/revisions\/2669"}],"up":[{"embeddable":true,"href":"http:\/\/guc.asso.fr\/gucescrime\/index.php\/wp-json\/wp\/v2\/pages\/1779"}],"wp:attachment":[{"href":"http:\/\/guc.asso.fr\/gucescrime\/index.php\/wp-json\/wp\/v2\/media?parent=1807"}],"curies":[{"name":"wp","href":"https:\/\/api.w.org\/{rel}","templated":true}]}}