{"id":149,"date":"2018-06-16T23:12:16","date_gmt":"2018-06-16T21:12:16","guid":{"rendered":"https:\/\/gucescrime.wordpress.com\/?page_id=149"},"modified":"2026-02-24T07:45:13","modified_gmt":"2026-02-24T06:45:13","slug":"horaires","status":"publish","type":"page","link":"http:\/\/guc.asso.fr\/gucescrime\/index.php\/guc-escrime\/horaires\/","title":{"rendered":"Horaires et plans d&rsquo;acc\u00e8s"},"content":{"rendered":"\n<h2 class=\"wp-block-heading\">Entra\u00eenements fleuret saiso<mark style=\"background-color:rgba(0, 0, 0, 0)\" class=\"has-inline-color has-black-color\">n<\/mark> <mark style=\"background-color:rgba(0, 0, 0, 0)\" class=\"has-inline-color has-vivid-red-color\">2025-2026<\/mark> <\/h2>\n\n\n\n<p><strong><sup>hors vacances scolaires<\/sup><\/strong><\/p>\n\n\n\n<figure class=\"wp-block-image size-full is-resized\"><img data-recalc-dims=\"1\" loading=\"lazy\" decoding=\"async\" width=\"685\" height=\"401\" data-attachment-id=\"3241\" data-permalink=\"http:\/\/guc.asso.fr\/gucescrime\/index.php\/guc-escrime\/horaires\/grille_horaire_2023_2024_v1_site\/\" data-orig-file=\"https:\/\/i0.wp.com\/guc.asso.fr\/gucescrime\/wp-content\/uploads\/2023\/06\/grille_horaire_2023_2024_v1_site.jpg?fit=745%2C436\" data-orig-size=\"745,436\" data-comments-opened=\"0\" data-image-meta=\"{&quot;aperture&quot;:&quot;0&quot;,&quot;credit&quot;:&quot;&quot;,&quot;camera&quot;:&quot;&quot;,&quot;caption&quot;:&quot;&quot;,&quot;created_timestamp&quot;:&quot;0&quot;,&quot;copyright&quot;:&quot;&quot;,&quot;focal_length&quot;:&quot;0&quot;,&quot;iso&quot;:&quot;0&quot;,&quot;shutter_speed&quot;:&quot;0&quot;,&quot;title&quot;:&quot;&quot;,&quot;orientation&quot;:&quot;0&quot;}\" data-image-title=\"grille_horaire_2023_2024_v1_site\" data-image-description=\"\" data-image-caption=\"\" data-medium-file=\"https:\/\/i0.wp.com\/guc.asso.fr\/gucescrime\/wp-content\/uploads\/2023\/06\/grille_horaire_2023_2024_v1_site.jpg?fit=300%2C176\" data-large-file=\"https:\/\/i0.wp.com\/guc.asso.fr\/gucescrime\/wp-content\/uploads\/2023\/06\/grille_horaire_2023_2024_v1_site.jpg?fit=685%2C401\" src=\"https:\/\/i0.wp.com\/guc.asso.fr\/gucescrime\/wp-content\/uploads\/2023\/06\/grille_horaire_2023_2024_v1_site.jpg?resize=685%2C401\" alt=\"\" class=\"wp-image-3241\" style=\"width:840px;height:auto\" srcset=\"https:\/\/i0.wp.com\/guc.asso.fr\/gucescrime\/wp-content\/uploads\/2023\/06\/grille_horaire_2023_2024_v1_site.jpg?w=745 745w, https:\/\/i0.wp.com\/guc.asso.fr\/gucescrime\/wp-content\/uploads\/2023\/06\/grille_horaire_2023_2024_v1_site.jpg?resize=300%2C176 300w, https:\/\/i0.wp.com\/guc.asso.fr\/gucescrime\/wp-content\/uploads\/2023\/06\/grille_horaire_2023_2024_v1_site.jpg?resize=685%2C401 685w\" sizes=\"auto, (max-width: 685px) 100vw, 685px\" \/><\/figure>\n\n\n\n<hr class=\"wp-block-separator has-css-opacity\"\/>\n\n\n\n<p>Les cours d&rsquo;escrime ont lieu \u00e0 <strong>Grenoble<\/strong> aux gymnases <strong>Hoche <\/strong>ou <strong>Berthe-de-Boissieux<\/strong>, et \u00e0 <strong>Bri\u00e9-et-Angonnes<\/strong> \u00e0 la salle de sports Le Barlatier.<\/p>\n\n\n\n<h1 class=\"wp-block-heading\">Plans d&rsquo;acc\u00e8s<br><\/h1>\n\n\n\n<p id=\"block-8c1cd386-6031-4d32-b3fc-62de1012359b\"><strong>Grenoble Hoche : 7 rue Fran\u00e7ois Raoult.<\/strong><\/p>\n\n\n\n<p id=\"block-0172736e-14ff-4299-b989-41eddc621ce6\"><\/p>\n\n\n\n<figure class=\"wp-block-image\" id=\"block-c4c0c2d7-7a93-4fe5-8e7f-406560daa15c\"><img data-recalc-dims=\"1\" decoding=\"async\" src=\"https:\/\/i0.wp.com\/guc.asso.fr\/gucescrime\/wp-content\/uploads\/2021\/10\/Hoche_1_1.jpg?w=685\" alt=\"L\u2019attribut alt de cette image est vide, son nom de fichier est Hoche_1_1.jpg.\"\/><\/figure>\n\n\n\n<figure class=\"wp-block-image\" id=\"block-4d25e712-90ca-46b2-8099-e54c96deb950\"><img data-recalc-dims=\"1\" decoding=\"async\" src=\"https:\/\/i0.wp.com\/guc.asso.fr\/gucescrime\/wp-content\/uploads\/2022\/08\/plan-acces_hoche_B2B.jpg?w=685\" alt=\"L\u2019attribut alt de cette image est vide, son nom de fichier est plan-acces_hoche_B2B.jpg.\"\/><figcaption class=\"wp-element-caption\">Les mardis, jeudis et samedis : <strong>Grenoble Hoche, <\/strong>salle d&rsquo;Escrime (2e \u00e9tage)<br>Acc\u00e8s par : <strong>Tram C<\/strong> [Gustave Rivet] ou [Chavant] + 5 min \u00e0 pied<br><strong>Tram A<\/strong> [Chavant] + 5 min \u00e0 pied<br><strong>Bus C8<\/strong> &#8211; <strong>C3 <\/strong>[Championnet] + 3 min \u00e0 pied<br><strong>Bus 16<\/strong> [Caserne de Bonne] + 1 min \u00e0 pied<br><strong>Bus C1<\/strong> &#8211; <strong>C4<\/strong> [Chavant] ou [Docteur Martin] + 5 min \u00e0 pied<\/figcaption><\/figure>\n\n\n\n<p id=\"block-b44aaf53-da43-45a7-9e53-65891f37d74b\"><strong>Grenoble, Berthe-de-Boissieux : 10 rue Berthe-de-Boissieux<\/strong><\/p>\n\n\n\n<figure class=\"wp-block-image\" id=\"block-b86c8fbe-9166-4a1a-a4a3-f8fdb9450a87\"><img data-recalc-dims=\"1\" decoding=\"async\" src=\"https:\/\/i0.wp.com\/guc.asso.fr\/gucescrime\/wp-content\/uploads\/2018\/06\/b2b_dsc06839_1.jpg?w=685\" alt=\"SONY DSC\"\/><figcaption class=\"wp-element-caption\">Les mercredis : <strong>Grenoble Berthe de Boissieux<\/strong> : Salle J (3e \u00e9tage).<br>Acc\u00e8s par : <strong>Tram C<\/strong> [Gustave Rivet] ou [Foch-Ferri\u00e9] + 5 min \u00e0 pied<br><strong>Bus C8<\/strong> &#8211; <strong>C3 <\/strong>[Championnet] + 1 min \u00e0 pied<br><strong>Bus 16<\/strong> [Caserne de Bonne] + 1 min \u00e0 pied<br>\ufeff<\/figcaption><\/figure>\n\n\n\n<p id=\"block-42bdae93-90ed-4f05-9be8-f62dcbcd2f2c\"><strong>Bri\u00e9-et-Angonnes : <\/strong>salle de sports Le Barlatier<\/p>\n\n\n\n<figure class=\"wp-block-image\" id=\"block-78d4b846-36d4-4d75-a635-246dc3d83874\"><img data-recalc-dims=\"1\" decoding=\"async\" src=\"https:\/\/i0.wp.com\/guc.asso.fr\/gucescrime\/wp-content\/uploads\/2018\/06\/brie_barlatier.jpg?w=685\" alt=\"Escrime Bri\u00e9, Vizille, Jarrie, Champagnier, Herbeys, Bresson, Vaulnaveys\"\/><figcaption class=\"wp-element-caption\">Les vendredis: <strong>Bri\u00e9 et Angonnes<\/strong>, salle de sports Le Barlatier<\/figcaption><\/figure>\n\n\n\n<figure class=\"wp-block-image\" id=\"block-3cd41f9f-317c-4f2c-a22d-e203bee2bb48\"><img data-recalc-dims=\"1\" decoding=\"async\" src=\"https:\/\/i0.wp.com\/guc.asso.fr\/gucescrime\/wp-content\/uploads\/2018\/06\/brie_dsc00741.jpg?w=685\" alt=\"Bri\u00e9-et-Angonnes, GUC Escrime\"\/><figcaption class=\"wp-element-caption\">L<\/figcaption><\/figure>\n\n\n\n<p><\/p>\n\n\n\n<hr class=\"wp-block-separator has-css-opacity is-style-wide\"\/>\n\n\n\n<p><\/p>\n","protected":false},"excerpt":{"rendered":"<p>Entra\u00eenements fleuret saison 2025-2026 hors vacances scolaires Les cours d&rsquo;escrime ont lieu \u00e0 Grenoble aux gymnases Hoche ou Berthe-de-Boissieux, et \u00e0 Bri\u00e9-et-Angonnes \u00e0 la salle de sports Le Barlatier. Plans d&rsquo;acc\u00e8s Grenoble Hoche : 7 rue Fran\u00e7ois Raoult. Grenoble, Berthe-de-Boissieux : 10 rue Berthe-de-Boissieux Bri\u00e9-et-Angonnes : salle de sports Le Barlatier<\/p>\n","protected":false},"author":1,"featured_media":2853,"parent":1862,"menu_order":0,"comment_status":"closed","ping_status":"closed","template":"","meta":{"jetpack_post_was_ever_published":false,"footnotes":""},"class_list":["post-149","page","type-page","status-publish","has-post-thumbnail","hentry"],"yoast_head":"<!-- This site is optimized with the Yoast SEO plugin v24.2 - https:\/\/yoast.com\/wordpress\/plugins\/seo\/ -->\n<title>Horaires et plans d&#039;acc\u00e8s - GUC-Escrime<\/title>\n<meta name=\"description\" content=\"Horaires et plans d&#039;acc\u00e8s Grenoble Universit\u00e9 Club Escrime, \u00e0 Grenoble (Hoche, Berthe de Boissieux), Bri\u00e9-et-Angonnes (le Barlatier)\" \/>\n<meta name=\"robots\" content=\"index, follow, max-snippet:-1, max-image-preview:large, max-video-preview:-1\" \/>\n<link rel=\"canonical\" href=\"http:\/\/guc.asso.fr\/gucescrime\/index.php\/guc-escrime\/horaires\/\" \/>\n<meta property=\"og:locale\" content=\"fr_FR\" \/>\n<meta property=\"og:type\" content=\"article\" \/>\n<meta property=\"og:title\" content=\"Horaires et plans d&#039;acc\u00e8s - GUC-Escrime\" \/>\n<meta property=\"og:description\" content=\"Horaires et plans d&#039;acc\u00e8s Grenoble Universit\u00e9 Club Escrime, \u00e0 Grenoble (Hoche, Berthe de Boissieux), Bri\u00e9-et-Angonnes (le Barlatier)\" \/>\n<meta property=\"og:url\" content=\"http:\/\/guc.asso.fr\/gucescrime\/index.php\/guc-escrime\/horaires\/\" \/>\n<meta property=\"og:site_name\" content=\"GUC-Escrime\" \/>\n<meta property=\"article:publisher\" content=\"https:\/\/www.facebook.com\/gucescrime\" \/>\n<meta property=\"article:modified_time\" content=\"2026-02-24T06:45:13+00:00\" \/>\n<meta property=\"og:image\" content=\"https:\/\/i0.wp.com\/guc.asso.fr\/gucescrime\/wp-content\/uploads\/2021\/10\/Hoche_1_1.jpg?fit=1000%2C650\" \/>\n\t<meta property=\"og:image:width\" content=\"1000\" \/>\n\t<meta property=\"og:image:height\" content=\"650\" \/>\n\t<meta property=\"og:image:type\" content=\"image\/jpeg\" \/>\n<meta name=\"twitter:card\" content=\"summary_large_image\" \/>\n<meta name=\"twitter:label1\" content=\"Dur\u00e9e de lecture estim\u00e9e\" \/>\n\t<meta name=\"twitter:data1\" content=\"3 minutes\" \/>\n<script type=\"application\/ld+json\" class=\"yoast-schema-graph\">{\"@context\":\"https:\/\/schema.org\",\"@graph\":[{\"@type\":\"WebPage\",\"@id\":\"http:\/\/guc.asso.fr\/gucescrime\/index.php\/guc-escrime\/horaires\/\",\"url\":\"http:\/\/guc.asso.fr\/gucescrime\/index.php\/guc-escrime\/horaires\/\",\"name\":\"Horaires et plans d'acc\u00e8s - GUC-Escrime\",\"isPartOf\":{\"@id\":\"https:\/\/guc.asso.fr\/gucescrime\/#website\"},\"primaryImageOfPage\":{\"@id\":\"http:\/\/guc.asso.fr\/gucescrime\/index.php\/guc-escrime\/horaires\/#primaryimage\"},\"image\":{\"@id\":\"http:\/\/guc.asso.fr\/gucescrime\/index.php\/guc-escrime\/horaires\/#primaryimage\"},\"thumbnailUrl\":\"https:\/\/i0.wp.com\/guc.asso.fr\/gucescrime\/wp-content\/uploads\/2021\/10\/Hoche_1_1.jpg?fit=1000%2C650\",\"datePublished\":\"2018-06-16T21:12:16+00:00\",\"dateModified\":\"2026-02-24T06:45:13+00:00\",\"description\":\"Horaires et plans d'acc\u00e8s Grenoble Universit\u00e9 Club Escrime, \u00e0 Grenoble (Hoche, Berthe de Boissieux), Bri\u00e9-et-Angonnes (le Barlatier)\",\"breadcrumb\":{\"@id\":\"http:\/\/guc.asso.fr\/gucescrime\/index.php\/guc-escrime\/horaires\/#breadcrumb\"},\"inLanguage\":\"fr-FR\",\"potentialAction\":[{\"@type\":\"ReadAction\",\"target\":[\"http:\/\/guc.asso.fr\/gucescrime\/index.php\/guc-escrime\/horaires\/\"]}]},{\"@type\":\"ImageObject\",\"inLanguage\":\"fr-FR\",\"@id\":\"http:\/\/guc.asso.fr\/gucescrime\/index.php\/guc-escrime\/horaires\/#primaryimage\",\"url\":\"https:\/\/i0.wp.com\/guc.asso.fr\/gucescrime\/wp-content\/uploads\/2021\/10\/Hoche_1_1.jpg?fit=1000%2C650\",\"contentUrl\":\"https:\/\/i0.wp.com\/guc.asso.fr\/gucescrime\/wp-content\/uploads\/2021\/10\/Hoche_1_1.jpg?fit=1000%2C650\",\"width\":1000,\"height\":650},{\"@type\":\"BreadcrumbList\",\"@id\":\"http:\/\/guc.asso.fr\/gucescrime\/index.php\/guc-escrime\/horaires\/#breadcrumb\",\"itemListElement\":[{\"@type\":\"ListItem\",\"position\":1,\"name\":\"Accueil\",\"item\":\"https:\/\/guc.asso.fr\/gucescrime\/\"},{\"@type\":\"ListItem\",\"position\":2,\"name\":\"GUC Escrime\",\"item\":\"https:\/\/guc.asso.fr\/gucescrime\/\"},{\"@type\":\"ListItem\",\"position\":3,\"name\":\"Horaires et plans d&rsquo;acc\u00e8s\"}]},{\"@type\":\"WebSite\",\"@id\":\"https:\/\/guc.asso.fr\/gucescrime\/#website\",\"url\":\"https:\/\/guc.asso.fr\/gucescrime\/\",\"name\":\"GUC-Escrime\",\"description\":\"L&#039;art du fleuret et l&#039;esprit du sport \u00e0 Grenoble\",\"publisher\":{\"@id\":\"https:\/\/guc.asso.fr\/gucescrime\/#organization\"},\"potentialAction\":[{\"@type\":\"SearchAction\",\"target\":{\"@type\":\"EntryPoint\",\"urlTemplate\":\"https:\/\/guc.asso.fr\/gucescrime\/?s={search_term_string}\"},\"query-input\":{\"@type\":\"PropertyValueSpecification\",\"valueRequired\":true,\"valueName\":\"search_term_string\"}}],\"inLanguage\":\"fr-FR\"},{\"@type\":\"Organization\",\"@id\":\"https:\/\/guc.asso.fr\/gucescrime\/#organization\",\"name\":\"GUC-Escrime\",\"url\":\"https:\/\/guc.asso.fr\/gucescrime\/\",\"logo\":{\"@type\":\"ImageObject\",\"inLanguage\":\"fr-FR\",\"@id\":\"https:\/\/guc.asso.fr\/gucescrime\/#\/schema\/logo\/image\/\",\"url\":\"https:\/\/i0.wp.com\/guc.asso.fr\/gucescrime\/wp-content\/uploads\/2018\/06\/logo_GUC2014_JV_h0250.png?fit=186%2C250\",\"contentUrl\":\"https:\/\/i0.wp.com\/guc.asso.fr\/gucescrime\/wp-content\/uploads\/2018\/06\/logo_GUC2014_JV_h0250.png?fit=186%2C250\",\"width\":186,\"height\":250,\"caption\":\"GUC-Escrime\"},\"image\":{\"@id\":\"https:\/\/guc.asso.fr\/gucescrime\/#\/schema\/logo\/image\/\"},\"sameAs\":[\"https:\/\/www.facebook.com\/gucescrime\"]}]}<\/script>\n<!-- \/ Yoast SEO plugin. -->","yoast_head_json":{"title":"Horaires et plans d'acc\u00e8s - GUC-Escrime","description":"Horaires et plans d'acc\u00e8s Grenoble Universit\u00e9 Club Escrime, \u00e0 Grenoble (Hoche, Berthe de Boissieux), Bri\u00e9-et-Angonnes (le Barlatier)","robots":{"index":"index","follow":"follow","max-snippet":"max-snippet:-1","max-image-preview":"max-image-preview:large","max-video-preview":"max-video-preview:-1"},"canonical":"http:\/\/guc.asso.fr\/gucescrime\/index.php\/guc-escrime\/horaires\/","og_locale":"fr_FR","og_type":"article","og_title":"Horaires et plans d'acc\u00e8s - GUC-Escrime","og_description":"Horaires et plans d'acc\u00e8s Grenoble Universit\u00e9 Club Escrime, \u00e0 Grenoble (Hoche, Berthe de Boissieux), Bri\u00e9-et-Angonnes (le Barlatier)","og_url":"http:\/\/guc.asso.fr\/gucescrime\/index.php\/guc-escrime\/horaires\/","og_site_name":"GUC-Escrime","article_publisher":"https:\/\/www.facebook.com\/gucescrime","article_modified_time":"2026-02-24T06:45:13+00:00","og_image":[{"width":1000,"height":650,"url":"https:\/\/i0.wp.com\/guc.asso.fr\/gucescrime\/wp-content\/uploads\/2021\/10\/Hoche_1_1.jpg?fit=1000%2C650","type":"image\/jpeg"}],"twitter_card":"summary_large_image","twitter_misc":{"Dur\u00e9e de lecture estim\u00e9e":"3 minutes"},"schema":{"@context":"https:\/\/schema.org","@graph":[{"@type":"WebPage","@id":"http:\/\/guc.asso.fr\/gucescrime\/index.php\/guc-escrime\/horaires\/","url":"http:\/\/guc.asso.fr\/gucescrime\/index.php\/guc-escrime\/horaires\/","name":"Horaires et plans d'acc\u00e8s - GUC-Escrime","isPartOf":{"@id":"https:\/\/guc.asso.fr\/gucescrime\/#website"},"primaryImageOfPage":{"@id":"http:\/\/guc.asso.fr\/gucescrime\/index.php\/guc-escrime\/horaires\/#primaryimage"},"image":{"@id":"http:\/\/guc.asso.fr\/gucescrime\/index.php\/guc-escrime\/horaires\/#primaryimage"},"thumbnailUrl":"https:\/\/i0.wp.com\/guc.asso.fr\/gucescrime\/wp-content\/uploads\/2021\/10\/Hoche_1_1.jpg?fit=1000%2C650","datePublished":"2018-06-16T21:12:16+00:00","dateModified":"2026-02-24T06:45:13+00:00","description":"Horaires et plans d'acc\u00e8s Grenoble Universit\u00e9 Club Escrime, \u00e0 Grenoble (Hoche, Berthe de Boissieux), Bri\u00e9-et-Angonnes (le Barlatier)","breadcrumb":{"@id":"http:\/\/guc.asso.fr\/gucescrime\/index.php\/guc-escrime\/horaires\/#breadcrumb"},"inLanguage":"fr-FR","potentialAction":[{"@type":"ReadAction","target":["http:\/\/guc.asso.fr\/gucescrime\/index.php\/guc-escrime\/horaires\/"]}]},{"@type":"ImageObject","inLanguage":"fr-FR","@id":"http:\/\/guc.asso.fr\/gucescrime\/index.php\/guc-escrime\/horaires\/#primaryimage","url":"https:\/\/i0.wp.com\/guc.asso.fr\/gucescrime\/wp-content\/uploads\/2021\/10\/Hoche_1_1.jpg?fit=1000%2C650","contentUrl":"https:\/\/i0.wp.com\/guc.asso.fr\/gucescrime\/wp-content\/uploads\/2021\/10\/Hoche_1_1.jpg?fit=1000%2C650","width":1000,"height":650},{"@type":"BreadcrumbList","@id":"http:\/\/guc.asso.fr\/gucescrime\/index.php\/guc-escrime\/horaires\/#breadcrumb","itemListElement":[{"@type":"ListItem","position":1,"name":"Accueil","item":"https:\/\/guc.asso.fr\/gucescrime\/"},{"@type":"ListItem","position":2,"name":"GUC Escrime","item":"https:\/\/guc.asso.fr\/gucescrime\/"},{"@type":"ListItem","position":3,"name":"Horaires et plans d&rsquo;acc\u00e8s"}]},{"@type":"WebSite","@id":"https:\/\/guc.asso.fr\/gucescrime\/#website","url":"https:\/\/guc.asso.fr\/gucescrime\/","name":"GUC-Escrime","description":"L&#039;art du fleuret et l&#039;esprit du sport \u00e0 Grenoble","publisher":{"@id":"https:\/\/guc.asso.fr\/gucescrime\/#organization"},"potentialAction":[{"@type":"SearchAction","target":{"@type":"EntryPoint","urlTemplate":"https:\/\/guc.asso.fr\/gucescrime\/?s={search_term_string}"},"query-input":{"@type":"PropertyValueSpecification","valueRequired":true,"valueName":"search_term_string"}}],"inLanguage":"fr-FR"},{"@type":"Organization","@id":"https:\/\/guc.asso.fr\/gucescrime\/#organization","name":"GUC-Escrime","url":"https:\/\/guc.asso.fr\/gucescrime\/","logo":{"@type":"ImageObject","inLanguage":"fr-FR","@id":"https:\/\/guc.asso.fr\/gucescrime\/#\/schema\/logo\/image\/","url":"https:\/\/i0.wp.com\/guc.asso.fr\/gucescrime\/wp-content\/uploads\/2018\/06\/logo_GUC2014_JV_h0250.png?fit=186%2C250","contentUrl":"https:\/\/i0.wp.com\/guc.asso.fr\/gucescrime\/wp-content\/uploads\/2018\/06\/logo_GUC2014_JV_h0250.png?fit=186%2C250","width":186,"height":250,"caption":"GUC-Escrime"},"image":{"@id":"https:\/\/guc.asso.fr\/gucescrime\/#\/schema\/logo\/image\/"},"sameAs":["https:\/\/www.facebook.com\/gucescrime"]}]}},"jetpack_sharing_enabled":true,"jetpack_shortlink":"https:\/\/wp.me\/Pa0KHz-2p","_links":{"self":[{"href":"http:\/\/guc.asso.fr\/gucescrime\/index.php\/wp-json\/wp\/v2\/pages\/149","targetHints":{"allow":["GET"]}}],"collection":[{"href":"http:\/\/guc.asso.fr\/gucescrime\/index.php\/wp-json\/wp\/v2\/pages"}],"about":[{"href":"http:\/\/guc.asso.fr\/gucescrime\/index.php\/wp-json\/wp\/v2\/types\/page"}],"author":[{"embeddable":true,"href":"http:\/\/guc.asso.fr\/gucescrime\/index.php\/wp-json\/wp\/v2\/users\/1"}],"replies":[{"embeddable":true,"href":"http:\/\/guc.asso.fr\/gucescrime\/index.php\/wp-json\/wp\/v2\/comments?post=149"}],"version-history":[{"count":43,"href":"http:\/\/guc.asso.fr\/gucescrime\/index.php\/wp-json\/wp\/v2\/pages\/149\/revisions"}],"predecessor-version":[{"id":3778,"href":"http:\/\/guc.asso.fr\/gucescrime\/index.php\/wp-json\/wp\/v2\/pages\/149\/revisions\/3778"}],"up":[{"embeddable":true,"href":"http:\/\/guc.asso.fr\/gucescrime\/index.php\/wp-json\/wp\/v2\/pages\/1862"}],"wp:featuredmedia":[{"embeddable":true,"href":"http:\/\/guc.asso.fr\/gucescrime\/index.php\/wp-json\/wp\/v2\/media\/2853"}],"wp:attachment":[{"href":"http:\/\/guc.asso.fr\/gucescrime\/index.php\/wp-json\/wp\/v2\/media?parent=149"}],"curies":[{"name":"wp","href":"https:\/\/api.w.org\/{rel}","templated":true}]}}