{"id":137,"date":"2018-06-16T22:01:17","date_gmt":"2018-06-16T20:01:17","guid":{"rendered":"https:\/\/gucescrime.wordpress.com\/?page_id=137"},"modified":"2025-11-26T15:14:07","modified_gmt":"2025-11-26T14:14:07","slug":"plans-dacces","status":"publish","type":"page","link":"http:\/\/guc.asso.fr\/gucescrime\/index.php\/guc-escrime\/plans-dacces\/","title":{"rendered":"Nos offres"},"content":{"rendered":"\n<p>En cours de construction<\/p>\n\n\n\n<p>Pratique r\u00e9guli\u00e8re : inscription \u00e0 l&rsquo;\u00e9cole d&rsquo;escrime + licence f\u00e9d\u00e9rale : voir les pages \u00ab\u00a0Inscriptions\u00a0\u00bb et \u00ab\u00a0Horaires\u00a0\u00bb.<\/p>\n\n\n\n<p>Cycles d&rsquo;initiations en \u00e9tablissement scolaire :<\/p>\n\n\n\n<p>S\u00e9ances d\u00e9couvertes en milieu scolaire, centres de loisirs, comit\u00e9s d&rsquo;entreprises<\/p>\n\n\n\n<p>Team building<\/p>\n\n\n\n<p>Ev\u00e9nements priv\u00e9s<\/p>\n","protected":false},"excerpt":{"rendered":"<p>En cours de construction Pratique r\u00e9guli\u00e8re : inscription \u00e0 l&rsquo;\u00e9cole d&rsquo;escrime + licence f\u00e9d\u00e9rale : voir les pages \u00ab\u00a0Inscriptions\u00a0\u00bb et \u00ab\u00a0Horaires\u00a0\u00bb. Cycles d&rsquo;initiations en \u00e9tablissement scolaire : S\u00e9ances d\u00e9couvertes en milieu scolaire, centres de loisirs, comit\u00e9s d&rsquo;entreprises Team building Ev\u00e9nements priv\u00e9s<\/p>\n","protected":false},"author":1,"featured_media":0,"parent":1862,"menu_order":0,"comment_status":"closed","ping_status":"closed","template":"","meta":{"jetpack_post_was_ever_published":false,"footnotes":""},"class_list":["post-137","page","type-page","status-publish","hentry"],"yoast_head":"<!-- This site is optimized with the Yoast SEO plugin v24.2 - https:\/\/yoast.com\/wordpress\/plugins\/seo\/ -->\n<title>Nos offres - GUC-Escrime<\/title>\n<meta name=\"description\" content=\"Acc\u00e8s aux salles d&#039;escrime Grenoble Universit\u00e9 Club Escrime : Hoche, Berthe de Boissieux, Bri\u00e9 le Barlatier\" \/>\n<meta name=\"robots\" content=\"index, follow, max-snippet:-1, max-image-preview:large, max-video-preview:-1\" \/>\n<link rel=\"canonical\" href=\"http:\/\/guc.asso.fr\/gucescrime\/index.php\/guc-escrime\/plans-dacces\/\" \/>\n<meta property=\"og:locale\" content=\"fr_FR\" \/>\n<meta property=\"og:type\" content=\"article\" \/>\n<meta property=\"og:title\" content=\"Nos offres - GUC-Escrime\" \/>\n<meta property=\"og:description\" content=\"Acc\u00e8s aux salles d&#039;escrime Grenoble Universit\u00e9 Club Escrime : Hoche, Berthe de Boissieux, Bri\u00e9 le Barlatier\" \/>\n<meta property=\"og:url\" content=\"http:\/\/guc.asso.fr\/gucescrime\/index.php\/guc-escrime\/plans-dacces\/\" \/>\n<meta property=\"og:site_name\" content=\"GUC-Escrime\" \/>\n<meta property=\"article:publisher\" content=\"https:\/\/www.facebook.com\/gucescrime\" \/>\n<meta property=\"article:modified_time\" content=\"2025-11-26T14:14:07+00:00\" \/>\n<meta name=\"twitter:card\" content=\"summary_large_image\" \/>\n<meta name=\"twitter:label1\" content=\"Dur\u00e9e de lecture estim\u00e9e\" \/>\n\t<meta name=\"twitter:data1\" content=\"1 minute\" \/>\n<script type=\"application\/ld+json\" class=\"yoast-schema-graph\">{\"@context\":\"https:\/\/schema.org\",\"@graph\":[{\"@type\":\"WebPage\",\"@id\":\"http:\/\/guc.asso.fr\/gucescrime\/index.php\/guc-escrime\/plans-dacces\/\",\"url\":\"http:\/\/guc.asso.fr\/gucescrime\/index.php\/guc-escrime\/plans-dacces\/\",\"name\":\"Nos offres - GUC-Escrime\",\"isPartOf\":{\"@id\":\"http:\/\/guc.asso.fr\/gucescrime\/#website\"},\"datePublished\":\"2018-06-16T20:01:17+00:00\",\"dateModified\":\"2025-11-26T14:14:07+00:00\",\"description\":\"Acc\u00e8s aux salles d'escrime Grenoble Universit\u00e9 Club Escrime : Hoche, Berthe de Boissieux, Bri\u00e9 le Barlatier\",\"breadcrumb\":{\"@id\":\"http:\/\/guc.asso.fr\/gucescrime\/index.php\/guc-escrime\/plans-dacces\/#breadcrumb\"},\"inLanguage\":\"fr-FR\",\"potentialAction\":[{\"@type\":\"ReadAction\",\"target\":[\"http:\/\/guc.asso.fr\/gucescrime\/index.php\/guc-escrime\/plans-dacces\/\"]}]},{\"@type\":\"BreadcrumbList\",\"@id\":\"http:\/\/guc.asso.fr\/gucescrime\/index.php\/guc-escrime\/plans-dacces\/#breadcrumb\",\"itemListElement\":[{\"@type\":\"ListItem\",\"position\":1,\"name\":\"Accueil\",\"item\":\"http:\/\/guc.asso.fr\/gucescrime\/\"},{\"@type\":\"ListItem\",\"position\":2,\"name\":\"GUC Escrime\",\"item\":\"http:\/\/guc.asso.fr\/gucescrime\/\"},{\"@type\":\"ListItem\",\"position\":3,\"name\":\"Nos offres\"}]},{\"@type\":\"WebSite\",\"@id\":\"http:\/\/guc.asso.fr\/gucescrime\/#website\",\"url\":\"http:\/\/guc.asso.fr\/gucescrime\/\",\"name\":\"GUC-Escrime\",\"description\":\"L&#039;art du fleuret et l&#039;esprit du sport \u00e0 Grenoble\",\"publisher\":{\"@id\":\"http:\/\/guc.asso.fr\/gucescrime\/#organization\"},\"potentialAction\":[{\"@type\":\"SearchAction\",\"target\":{\"@type\":\"EntryPoint\",\"urlTemplate\":\"http:\/\/guc.asso.fr\/gucescrime\/?s={search_term_string}\"},\"query-input\":{\"@type\":\"PropertyValueSpecification\",\"valueRequired\":true,\"valueName\":\"search_term_string\"}}],\"inLanguage\":\"fr-FR\"},{\"@type\":\"Organization\",\"@id\":\"http:\/\/guc.asso.fr\/gucescrime\/#organization\",\"name\":\"GUC-Escrime\",\"url\":\"http:\/\/guc.asso.fr\/gucescrime\/\",\"logo\":{\"@type\":\"ImageObject\",\"inLanguage\":\"fr-FR\",\"@id\":\"http:\/\/guc.asso.fr\/gucescrime\/#\/schema\/logo\/image\/\",\"url\":\"https:\/\/i0.wp.com\/guc.asso.fr\/gucescrime\/wp-content\/uploads\/2018\/06\/logo_GUC2014_JV_h0250.png?fit=186%2C250\",\"contentUrl\":\"https:\/\/i0.wp.com\/guc.asso.fr\/gucescrime\/wp-content\/uploads\/2018\/06\/logo_GUC2014_JV_h0250.png?fit=186%2C250\",\"width\":186,\"height\":250,\"caption\":\"GUC-Escrime\"},\"image\":{\"@id\":\"http:\/\/guc.asso.fr\/gucescrime\/#\/schema\/logo\/image\/\"},\"sameAs\":[\"https:\/\/www.facebook.com\/gucescrime\"]}]}<\/script>\n<!-- \/ Yoast SEO plugin. -->","yoast_head_json":{"title":"Nos offres - GUC-Escrime","description":"Acc\u00e8s aux salles d'escrime Grenoble Universit\u00e9 Club Escrime : Hoche, Berthe de Boissieux, Bri\u00e9 le Barlatier","robots":{"index":"index","follow":"follow","max-snippet":"max-snippet:-1","max-image-preview":"max-image-preview:large","max-video-preview":"max-video-preview:-1"},"canonical":"http:\/\/guc.asso.fr\/gucescrime\/index.php\/guc-escrime\/plans-dacces\/","og_locale":"fr_FR","og_type":"article","og_title":"Nos offres - GUC-Escrime","og_description":"Acc\u00e8s aux salles d'escrime Grenoble Universit\u00e9 Club Escrime : Hoche, Berthe de Boissieux, Bri\u00e9 le Barlatier","og_url":"http:\/\/guc.asso.fr\/gucescrime\/index.php\/guc-escrime\/plans-dacces\/","og_site_name":"GUC-Escrime","article_publisher":"https:\/\/www.facebook.com\/gucescrime","article_modified_time":"2025-11-26T14:14:07+00:00","twitter_card":"summary_large_image","twitter_misc":{"Dur\u00e9e de lecture estim\u00e9e":"1 minute"},"schema":{"@context":"https:\/\/schema.org","@graph":[{"@type":"WebPage","@id":"http:\/\/guc.asso.fr\/gucescrime\/index.php\/guc-escrime\/plans-dacces\/","url":"http:\/\/guc.asso.fr\/gucescrime\/index.php\/guc-escrime\/plans-dacces\/","name":"Nos offres - GUC-Escrime","isPartOf":{"@id":"http:\/\/guc.asso.fr\/gucescrime\/#website"},"datePublished":"2018-06-16T20:01:17+00:00","dateModified":"2025-11-26T14:14:07+00:00","description":"Acc\u00e8s aux salles d'escrime Grenoble Universit\u00e9 Club Escrime : Hoche, Berthe de Boissieux, Bri\u00e9 le Barlatier","breadcrumb":{"@id":"http:\/\/guc.asso.fr\/gucescrime\/index.php\/guc-escrime\/plans-dacces\/#breadcrumb"},"inLanguage":"fr-FR","potentialAction":[{"@type":"ReadAction","target":["http:\/\/guc.asso.fr\/gucescrime\/index.php\/guc-escrime\/plans-dacces\/"]}]},{"@type":"BreadcrumbList","@id":"http:\/\/guc.asso.fr\/gucescrime\/index.php\/guc-escrime\/plans-dacces\/#breadcrumb","itemListElement":[{"@type":"ListItem","position":1,"name":"Accueil","item":"http:\/\/guc.asso.fr\/gucescrime\/"},{"@type":"ListItem","position":2,"name":"GUC Escrime","item":"http:\/\/guc.asso.fr\/gucescrime\/"},{"@type":"ListItem","position":3,"name":"Nos offres"}]},{"@type":"WebSite","@id":"http:\/\/guc.asso.fr\/gucescrime\/#website","url":"http:\/\/guc.asso.fr\/gucescrime\/","name":"GUC-Escrime","description":"L&#039;art du fleuret et l&#039;esprit du sport \u00e0 Grenoble","publisher":{"@id":"http:\/\/guc.asso.fr\/gucescrime\/#organization"},"potentialAction":[{"@type":"SearchAction","target":{"@type":"EntryPoint","urlTemplate":"http:\/\/guc.asso.fr\/gucescrime\/?s={search_term_string}"},"query-input":{"@type":"PropertyValueSpecification","valueRequired":true,"valueName":"search_term_string"}}],"inLanguage":"fr-FR"},{"@type":"Organization","@id":"http:\/\/guc.asso.fr\/gucescrime\/#organization","name":"GUC-Escrime","url":"http:\/\/guc.asso.fr\/gucescrime\/","logo":{"@type":"ImageObject","inLanguage":"fr-FR","@id":"http:\/\/guc.asso.fr\/gucescrime\/#\/schema\/logo\/image\/","url":"https:\/\/i0.wp.com\/guc.asso.fr\/gucescrime\/wp-content\/uploads\/2018\/06\/logo_GUC2014_JV_h0250.png?fit=186%2C250","contentUrl":"https:\/\/i0.wp.com\/guc.asso.fr\/gucescrime\/wp-content\/uploads\/2018\/06\/logo_GUC2014_JV_h0250.png?fit=186%2C250","width":186,"height":250,"caption":"GUC-Escrime"},"image":{"@id":"http:\/\/guc.asso.fr\/gucescrime\/#\/schema\/logo\/image\/"},"sameAs":["https:\/\/www.facebook.com\/gucescrime"]}]}},"jetpack_sharing_enabled":false,"jetpack_shortlink":"https:\/\/wp.me\/Pa0KHz-2d","_links":{"self":[{"href":"http:\/\/guc.asso.fr\/gucescrime\/index.php\/wp-json\/wp\/v2\/pages\/137","targetHints":{"allow":["GET"]}}],"collection":[{"href":"http:\/\/guc.asso.fr\/gucescrime\/index.php\/wp-json\/wp\/v2\/pages"}],"about":[{"href":"http:\/\/guc.asso.fr\/gucescrime\/index.php\/wp-json\/wp\/v2\/types\/page"}],"author":[{"embeddable":true,"href":"http:\/\/guc.asso.fr\/gucescrime\/index.php\/wp-json\/wp\/v2\/users\/1"}],"replies":[{"embeddable":true,"href":"http:\/\/guc.asso.fr\/gucescrime\/index.php\/wp-json\/wp\/v2\/comments?post=137"}],"version-history":[{"count":18,"href":"http:\/\/guc.asso.fr\/gucescrime\/index.php\/wp-json\/wp\/v2\/pages\/137\/revisions"}],"predecessor-version":[{"id":3723,"href":"http:\/\/guc.asso.fr\/gucescrime\/index.php\/wp-json\/wp\/v2\/pages\/137\/revisions\/3723"}],"up":[{"embeddable":true,"href":"http:\/\/guc.asso.fr\/gucescrime\/index.php\/wp-json\/wp\/v2\/pages\/1862"}],"wp:attachment":[{"href":"http:\/\/guc.asso.fr\/gucescrime\/index.php\/wp-json\/wp\/v2\/media?parent=137"}],"curies":[{"name":"wp","href":"https:\/\/api.w.org\/{rel}","templated":true}]}}