{"id":127,"date":"2018-06-16T21:45:29","date_gmt":"2018-06-16T19:45:29","guid":{"rendered":"https:\/\/gucescrime.wordpress.com\/?page_id=127"},"modified":"2025-10-01T08:39:16","modified_gmt":"2025-10-01T06:39:16","slug":"tarifs-et-inscriptions","status":"publish","type":"page","link":"http:\/\/guc.asso.fr\/gucescrime\/index.php\/guc-escrime\/tarifs-et-inscriptions\/","title":{"rendered":"Tarifs et inscriptions"},"content":{"rendered":"\n<h3 class=\"wp-block-heading has-very-dark-gray-color has-text-color\"><mark><mark style=\"background-color:rgba(0, 0, 0, 0)\" class=\"has-inline-color has-vivid-red-color\">2025-26<\/mark><\/mark> Licence FFE incluse, pr\u00eat des fleurets inclus,<br>location de la tenue non incluse&nbsp;&nbsp;<\/h3>\n\n\n\n<figure class=\"wp-block-table is-style-regular\"><table class=\"has-background\" style=\"background-color:#e7f5fe\"><thead><tr><th class=\"has-text-align-left\" data-align=\"left\"><em><strong>Cat\u00e9gorie<\/strong><\/em><br><strong><sup><em>(<mark style=\"background-color:rgba(0, 0, 0, 0)\" class=\"has-inline-color has-vivid-red-color\">\u00e2ge au 1er janvier 2026<\/mark>)<\/em><\/sup><\/strong><\/th><th class=\"has-text-align-left\" data-align=\"left\"><em><strong>Tarif saison compl\u00e8te<\/strong><\/em><br>(R\u00e8glement possible en 3 ch\u00e8ques, <sub><strong>remis \u00e0 l&rsquo;inscription, encaissements diff\u00e9r\u00e9s<\/strong><\/sub>)<\/th><\/tr><\/thead><tbody><tr><td class=\"has-text-align-left\" data-align=\"left\">4 \u00e0 6 ans<\/td><td class=\"has-text-align-left\" data-align=\"left\"><strong>228 \u20ac<\/strong><small>      (76 \u20ac en octobre, 76 en janvier, 76 en avril)<\/small><\/td><\/tr><tr><td class=\"has-text-align-left\" data-align=\"left\">7 \u00e0 9 ans<\/td><td class=\"has-text-align-left\" data-align=\"left\"><strong>287 \u20ac<\/strong> <small>   (96 \u20ac en octobre, 96 en janvier<\/small>, <small>95 en avril<\/small>)<\/td><\/tr><tr><td class=\"has-text-align-left\" data-align=\"left\">10 &#8211; 11 ans<\/td><td class=\"has-text-align-left\" data-align=\"left\"><strong>302 \u20ac<\/strong> <small>   (101 \u20ac en octobre, 101 en janvier<\/small>, <small>100 en avril<\/small>)<\/td><\/tr><tr><td class=\"has-text-align-left\" data-align=\"left\">12 &#8211; 16 ans<\/td><td class=\"has-text-align-left\" data-align=\"left\"><strong>311 \u20ac<\/strong> <small>(104 \u20ac en octobre, 104 en janvier, 103 en avril)<\/small><\/td><\/tr><tr><td class=\"has-text-align-left\" data-align=\"left\">17 ans et plus<\/td><td class=\"has-text-align-left\" data-align=\"left\"><strong>318,50 \u20ac<\/strong> <small>(107 \u20ac en octobre, 107 en janvier, 104,50 en avril)<\/small><\/td><\/tr><tr><td class=\"has-text-align-left\" data-align=\"left\">\u00c9tudiants et ch\u00f4meurs<\/td><td class=\"has-text-align-left\" data-align=\"left\"><strong>218,50 \u20ac<\/strong> <small>(73 \u20ac en octobre, 73 en janvier, 72,50 en avril)<\/small><\/td><\/tr><\/tbody><\/table><figcaption class=\"wp-element-caption\"> Questions ==&gt;  <a href=\"http:\/\/guc.asso.fr\/gucescrime\/index.php\/guc-escrime\/contact\/\">Formulaire de contact<\/a><\/figcaption><\/figure>\n\n\n\n<p><strong><span style=\"text-decoration: underline;\">Location de la tenue <\/span>:<\/strong> gratuit pour les Babies, <strong>80\u20ac<\/strong> pour les autres cat\u00e9gories (27 + 27 + 26)<br><em>(Pantalon, sous-cuirasse, veste, cuirasse \u00e9lectrique, masque et bustier pour les dames) <\/em><\/p>\n\n\n\n<h3 class=\"wp-block-heading\"><strong><mark style=\"background-color:rgba(0, 0, 0, 0)\" class=\"has-inline-color has-vivid-cyan-blue-color\">Avantages GUC-Escrime<\/mark><\/strong><\/h3>\n\n\n\n<ul class=\"wp-block-list\">\n<li><mark style=\"background-color:rgba(0, 0, 0, 0)\" class=\"has-inline-color has-vivid-cyan-blue-color\"><strong>Plusieurs entra\u00eenements dans la semaine, sans suppl\u00e9ment de prix<\/strong><\/mark><\/li>\n\n\n\n<li><mark style=\"background-color:rgba(0, 0, 0, 0)\" class=\"has-inline-color has-vivid-cyan-blue-color\"><strong>R\u00e9duction<\/strong> pour le 2e tireur de la famille : <\/mark><strong><mark style=\"background-color:rgba(0, 0, 0, 0)\" class=\"has-inline-color has-black-color\">&#8211; 50 \u20ac<\/mark><\/strong><\/li>\n\n\n\n<li><mark style=\"background-color:rgba(0, 0, 0, 0)\" class=\"has-inline-color has-vivid-cyan-blue-color\"><strong>R\u00e9duction<\/strong> pour le 3e tireur de la famille : <\/mark><strong><mark style=\"background-color:rgba(0, 0, 0, 0)\" class=\"has-inline-color has-black-color\">&#8211; 100 \u20ac<\/mark><\/strong><mark style=\"background-color:rgba(0, 0, 0, 0)\" class=\"has-inline-color has-vivid-cyan-blue-color\"><\/mark><sup><mark style=\"background-color:rgba(0, 0, 0, 0)\" class=\"has-inline-color has-vivid-cyan-blue-color\"><\/mark><\/sup><\/li>\n\n\n\n<li><mark style=\"background-color:rgba(0, 0, 0, 0)\" class=\"has-inline-color has-vivid-cyan-blue-color\">Pr\u00eat du fleuret gratuit<\/mark><\/li>\n\n\n\n<li><mark style=\"background-color:rgba(0, 0, 0, 0)\" class=\"has-inline-color has-vivid-cyan-blue-color\">Licence incluse<\/mark><\/li>\n\n\n\n<li><mark style=\"background-color:rgba(0, 0, 0, 0)\" class=\"has-inline-color has-vivid-cyan-blue-color\">R\u00e8glement en 3 ch\u00e8ques encaiss\u00e9s en Octobre, Janvier et Avril<\/mark><\/li>\n<\/ul>\n\n\n\n<hr class=\"wp-block-separator has-css-opacity is-style-wide\"\/>\n\n\n\n<h4 class=\"wp-block-heading\"><mark style=\"background-color:rgba(0, 0, 0, 0)\" class=\"has-inline-color has-vivid-cyan-blue-color\">Nous acceptons :<\/mark><\/h4>\n\n\n\n<ul class=\"wp-block-list\">\n<li><mark style=\"background-color:rgba(0, 0, 0, 0)\" class=\"has-inline-color has-vivid-cyan-blue-color\">Les Ch\u00e8ques Vacances et Coupons Sport ANCV<\/mark> <\/li>\n\n\n\n<li><mark style=\"background-color:rgba(0, 0, 0, 0)\" class=\"has-inline-color has-vivid-cyan-blue-color\"><strong>La Carte <em>TATTOO Is\u00e8re<\/em><\/strong> <\/mark><mark style=\"background-color:rgba(0, 0, 0, 0)\" class=\"has-inline-color has-black-color\"><strong>pour les coll\u00e9giens<\/strong> : <\/mark><strong>cagnotte de 60\u20ac<\/strong><br>Il suffit de s&rsquo;inscrire sur <a href=\"https:\/\/www.isere.fr\/carte-tattoo\" target=\"_blank\" rel=\"noreferrer noopener\">www.isere.fr<\/a>.<\/li>\n\n\n\n<li><mark style=\"background-color:rgba(0, 0, 0, 0)\" class=\"has-inline-color has-vivid-cyan-blue-color\"><strong>Le <em>Pass&rsquo;R\u00e9gions<\/em> <\/strong><\/mark><strong><mark style=\"background-color:rgba(0, 0, 0, 0)\" class=\"has-inline-color has-black-color\">pour les Lyc\u00e9ens<\/mark><\/strong> <strong>-30\u20ac<\/strong> : gratuit, il suffit de le demander sur <a href=\"https:\/\/www.auvergnerhonealpes.fr\/passregion\">www.auvergnerhonealpes.fr\/passregion<\/a><br><\/li>\n\n\n\n<li><strong><a href=\"https:\/\/www.sports.gouv.fr\/pratiques-sportives\/sports-pour-tous\/pass-sport\/article\/le-pass-sport\">Pass&rsquo;sport :<\/a><\/strong> l&rsquo;allocation de rentr\u00e9e sportive est <mark style=\"background-color:rgba(0, 0, 0, 0)\" class=\"has-inline-color has-vivid-red-color\"><strong>partiellement reconduite<\/strong><\/mark> en 2025-26 mais est <strong><mark style=\"background-color:rgba(0, 0, 0, 0)\" class=\"has-inline-color has-vivid-green-cyan-color\">port\u00e9e \u00e0 70\u20ac<\/mark><\/strong> <mark style=\"background-color:rgba(0, 0, 0, 0)\" class=\"has-inline-color has-cyan-bluish-gray-color\">(au lieu de 50)<\/mark> pour :\n<ul class=\"wp-block-list\">\n<li>les <mark style=\"background-color:rgba(0, 0, 0, 0)\" class=\"has-inline-color has-vivid-cyan-blue-color\"><strong>jeunes de 14 \u00e0 17 ans r\u00e9volus<\/strong><\/mark> et b\u00e9n\u00e9ficiaires de l\u2019allocation de rentr\u00e9e scolaire (ARS),<\/li>\n\n\n\n<li>les jeunes en situation de handicap jusqu&rsquo;\u00e0 30 ans b\u00e9n\u00e9ficiaires d&rsquo;une allocation aux handicap\u00e9s (enfants ou adultes)<\/li>\n\n\n\n<li>les \u00e9tudiants boursiers de 18 \u00e0 28 ans<br><em>=&gt; remettre au club le document du Minist\u00e8re de l\u2019\u00c9ducation qui d\u00e9signe nominativement le b\u00e9n\u00e9ficiaire<\/em><\/li>\n<\/ul>\n<\/li>\n<\/ul>\n\n\n\n<figure class=\"wp-block-image size-full\"><img data-recalc-dims=\"1\" loading=\"lazy\" decoding=\"async\" width=\"250\" height=\"190\" data-attachment-id=\"2950\" data-permalink=\"http:\/\/guc.asso.fr\/gucescrime\/index.php\/guc-escrime\/tarifs-et-inscriptions\/isere_tatoo_zoom_250\/\" data-orig-file=\"https:\/\/i0.wp.com\/guc.asso.fr\/gucescrime\/wp-content\/uploads\/2022\/05\/Isere_tatoo_zoom_250.jpg?fit=250%2C190\" data-orig-size=\"250,190\" data-comments-opened=\"0\" data-image-meta=\"{&quot;aperture&quot;:&quot;0&quot;,&quot;credit&quot;:&quot;Eric CHAMPION&quot;,&quot;camera&quot;:&quot;&quot;,&quot;caption&quot;:&quot;&quot;,&quot;created_timestamp&quot;:&quot;0&quot;,&quot;copyright&quot;:&quot;&quot;,&quot;focal_length&quot;:&quot;0&quot;,&quot;iso&quot;:&quot;0&quot;,&quot;shutter_speed&quot;:&quot;0&quot;,&quot;title&quot;:&quot;&quot;,&quot;orientation&quot;:&quot;0&quot;}\" data-image-title=\"Isere_tatoo_zoom_250\" data-image-description=\"\" data-image-caption=\"\" data-medium-file=\"https:\/\/i0.wp.com\/guc.asso.fr\/gucescrime\/wp-content\/uploads\/2022\/05\/Isere_tatoo_zoom_250.jpg?fit=250%2C190\" data-large-file=\"https:\/\/i0.wp.com\/guc.asso.fr\/gucescrime\/wp-content\/uploads\/2022\/05\/Isere_tatoo_zoom_250.jpg?fit=250%2C190\" src=\"https:\/\/i0.wp.com\/guc.asso.fr\/gucescrime\/wp-content\/uploads\/2022\/05\/Isere_tatoo_zoom_250.jpg?resize=250%2C190\" alt=\"\" class=\"wp-image-2950\"\/><\/figure>\n\n\n\n<p><\/p>\n\n\n\n<hr class=\"wp-block-separator has-css-opacity is-style-wide\"\/>\n\n\n\n<p><strong><span class=\"has-inline-color has-vivid-cyan-blue-color\">L<\/span><\/strong><span class=\"has-inline-color has-vivid-cyan-blue-color\"><strong>es essais sont gratuits.<\/strong> Les inscriptions sont effectives apr\u00e8s r\u00e8glement de la cotisation et remise d&rsquo;un certificat m\u00e9dical.<\/span><\/p>\n\n\n\n<hr class=\"wp-block-separator has-css-opacity is-style-wide\"\/>\n\n\n\n<h4 class=\"wp-block-heading\">Une question ?&nbsp;&nbsp; <\/h4>\n\n\n\n<p>Contactez nous par <a href=\"http:\/\/guc.asso.fr\/gucescrime\/index.php\/home\/contact\/\"><span class=\"has-inline-color has-vivid-cyan-blue-color\">courriel<\/span><\/a> ou par t\u00e9l\u00e9phone (<span class=\"has-inline-color has-vivid-cyan-blue-color\">06 01 11 32 35<\/span>)<\/p>\n\n\n\n<hr class=\"wp-block-separator has-css-opacity is-style-wide\"\/>\n\n\n\n<h2 class=\"wp-block-heading\">3 solutions pour s&rsquo;inscrire<\/h2>\n\n\n\n<ul class=\"wp-block-list\">\n<li><strong><a href=\"https:\/\/docs.google.com\/forms\/d\/e\/1FAIpQLSfteNRSDD0yWUs1ilOO8Ee-U8Q4Z_D-znG4rf1HGEGR8TMnFQ\/viewform?c=0&amp;w=1?+target%3D?+target%3D?%20target=\" target=\"_blank\" rel=\"noreferrer noopener\"><mark style=\"background-color:rgba(0, 0, 0, 0)\" class=\"has-inline-color has-vivid-cyan-blue-color\">Formulaire \u00e0 remplir en ligne<\/mark><\/a> :<\/strong> vous recevrez votre fiche pr\u00e9-remplie sous 48h avec le montant de la cotisation.<\/li>\n\n\n\n<li>T\u00e9l\u00e9charger le <strong><mark style=\"background-color:rgba(0, 0, 0, 0)\" class=\"has-inline-color has-vivid-cyan-blue-color\"><a href=\"http:\/\/guc.asso.fr\/gucescrime\/wp-content\/uploads\/2025\/10\/Fiche_inscription_sep25.pdf\">formulaire PDF<\/a><\/mark><\/strong>, remplissez le et renvoyez le scan \u00e0 <a href=\"mailto:guc-escrime@laposte.net\"><mark style=\"background-color:rgba(0, 0, 0, 0)\" class=\"has-inline-color has-vivid-cyan-blue-color\">guc-escrime@laposte.net<\/mark><\/a>.<\/li>\n\n\n\n<li>Remplir une <strong>fiche papier<\/strong> aux bureaux d&rsquo;inscription organis\u00e9s \u00e0 la rentr\u00e9e.  <\/li>\n<\/ul>\n\n\n\n<hr class=\"wp-block-separator has-css-opacity is-style-wide\"\/>\n\n\n\n<h2 class=\"wp-block-heading\">Certificat m\u00e9dical : <\/h2>\n\n\n\n<ul class=\"wp-block-list\">\n<li><strong><mark style=\"background-color:rgba(0, 0, 0, 0)\" class=\"has-inline-color has-black-color\"><span style=\"text-decoration: underline;\">Mineurs :<\/span> <\/mark><\/strong><mark style=\"background-color:rgba(0, 0, 0, 0)\" class=\"has-inline-color has-vivid-red-color\">le certificat m\u00e9dical est remplac\u00e9 par un <\/mark><strong><mark style=\"background-color:rgba(0, 0, 0, 0)\" class=\"has-inline-color has-vivid-red-color\">questionnaire<\/mark> <\/strong>[<strong><a href=\"http:\/\/guc.asso.fr\/gucescrime\/wp-content\/uploads\/2024\/09\/sportif-mineur.pdf\">t\u00e9l\u00e9charger le questionnaire \u00ab\u00a0Mineurs\u00a0\u00bb<\/a><\/strong>].<\/li>\n\n\n\n<li><span style=\"text-decoration: underline;\"><strong>Majeurs<\/strong> de moins de 40 ans :<\/span> <br>Premi\u00e8re inscription: il faut consulter un m\u00e9decin et fournir un certificat m\u00e9dical.<br>Renouvellements: s\u2019auto-\u00e9valuer avec le questionnaire CERFA. [<strong><a href=\"http:\/\/guc.asso.fr\/gucescrime\/wp-content\/uploads\/2024\/09\/QS-Sport.pdf\" target=\"_blank\" rel=\"noreferrer noopener\">t\u00e9l\u00e9charger le formulaire et l&rsquo;attestation \u00ab\u00a0Majeurs\u00a0\u00bb<\/a><\/strong><a href=\"http:\/\/guc.asso.fr\/gucescrime\/wp-content\/uploads\/2018\/07\/2018_certif_cerfa.pdf\">]<\/a><br>.<br><mark style=\"background-color:rgba(0, 0, 0, 0)\" class=\"has-inline-color has-vivid-red-color\"><strong>!<\/strong> Questionnaires : <\/mark><em><mark style=\"background-color:rgba(0, 0, 0, 0)\" class=\"has-inline-color has-vivid-red-color\">Si l&rsquo;une des r\u00e9ponses est positive, il faut consulter un m\u00e9decin et fournir un certificat m\u00e9dical.<\/mark><\/em><br>.<\/li>\n\n\n\n<li><em><strong><span style=\"text-decoration: underline;\">Pour les plus de 40 ans<\/span><\/strong><\/em> : utiliser ce mod\u00e8le de certificat m\u00e9dical :<br> [<strong><mark style=\"background-color:rgba(0, 0, 0, 0)\" class=\"has-inline-color has-vivid-cyan-blue-color\"><a href=\"http:\/\/guc.asso.fr\/gucescrime\/wp-content\/uploads\/2024\/09\/certificat-veterans-sans-competition-1.pdf\">Certificat m\u00e9dical 40 ans et plus SANS comp\u00e9tition<\/a><\/mark><\/strong>] &#8211; [<strong><mark style=\"background-color:rgba(0, 0, 0, 0)\" class=\"has-inline-color has-vivid-cyan-blue-color\"><a href=\"http:\/\/guc.asso.fr\/gucescrime\/wp-content\/uploads\/2024\/09\/certificat-veterans-competitions.pdf\">Certificat m\u00e9dical 40 ans et plus AVEC comp\u00e9tition<\/a><\/mark><\/strong>] <br><span style=\"text-decoration: underline;\">&#8211; Moins de 65 ans :<\/span> consulter un m\u00e9decin et renouveler le certificat tous les 3 ans, s&rsquo;auto-\u00e9valuer les autres ann\u00e9es.<br><span style=\"text-decoration: underline;\">&#8211; 65 ans et plus :<\/span> consulter un m\u00e9decin et renouveler le certificat tous les ans<\/li>\n<\/ul>\n\n\n\n<hr class=\"wp-block-separator has-css-opacity is-style-wide\"\/>\n\n\n\n<h2 class=\"wp-block-heading\">Assurance<\/h2>\n\n\n\n<p>La licence FFE inclut une assurance. Le document <span class=\"has-inline-color has-vivid-cyan-blue-color\"><a href=\"http:\/\/guc.asso.fr\/gucescrime\/wp-content\/uploads\/2021\/08\/2021_2022_Assurance_Memento-FFE-2021-2022.pdf\" target=\"_blank\" rel=\"noreferrer noopener\">au bout de ce lien<\/a><\/span> d\u00e9crit les garanties offertes pour chacune des 2 options propos\u00e9es (\u00ab\u00a0Licence Base\u00a0\u00bb et \u00ab\u00a0Licence +\u00a0\u00bb).<\/p>\n\n\n\n<hr class=\"wp-block-separator has-css-opacity is-style-wide\"\/>\n\n\n\n<p><\/p>\n","protected":false},"excerpt":{"rendered":"<p>2025-26 Licence FFE incluse, pr\u00eat des fleurets inclus,location de la tenue non incluse&nbsp;&nbsp; Cat\u00e9gorie(\u00e2ge au 1er janvier 2026) Tarif saison compl\u00e8te(R\u00e8glement possible en 3 ch\u00e8ques, remis \u00e0 l&rsquo;inscription, encaissements diff\u00e9r\u00e9s) 4 \u00e0 6 ans 228 \u20ac (76 \u20ac en octobre, 76 en janvier, 76 en avril) 7 \u00e0 9 ans 287 \u20ac (96 \u20ac en &hellip; <a href=\"http:\/\/guc.asso.fr\/gucescrime\/index.php\/guc-escrime\/tarifs-et-inscriptions\/\" class=\"more-link\">Lire la suite <span class=\"screen-reader-text\">Tarifs et inscriptions<\/span><\/a><\/p>\n","protected":false},"author":1,"featured_media":0,"parent":1862,"menu_order":0,"comment_status":"closed","ping_status":"closed","template":"","meta":{"jetpack_post_was_ever_published":false,"footnotes":""},"class_list":["post-127","page","type-page","status-publish","hentry"],"yoast_head":"<!-- This site is optimized with the Yoast SEO plugin v24.2 - https:\/\/yoast.com\/wordpress\/plugins\/seo\/ -->\n<title>Tarifs et inscriptions - GUC-Escrime<\/title>\n<meta name=\"description\" content=\"Tarifs et inscriptions Grenoble Universit\u00e9 Club Escrime : cotisation, licence FFE et location de l&#039;\u00e9quipement. R\u00e9ductions \u00e9tudiants et familles.\" \/>\n<meta name=\"robots\" content=\"index, follow, max-snippet:-1, max-image-preview:large, max-video-preview:-1\" \/>\n<link rel=\"canonical\" href=\"https:\/\/guc.asso.fr\/gucescrime\/index.php\/guc-escrime\/tarifs-et-inscriptions\/\" \/>\n<meta property=\"og:locale\" content=\"fr_FR\" \/>\n<meta property=\"og:type\" content=\"article\" \/>\n<meta property=\"og:title\" content=\"Tarifs et inscriptions - GUC-Escrime\" \/>\n<meta property=\"og:description\" content=\"Tarifs et inscriptions Grenoble Universit\u00e9 Club Escrime : cotisation, licence FFE et location de l&#039;\u00e9quipement. R\u00e9ductions \u00e9tudiants et familles.\" \/>\n<meta property=\"og:url\" content=\"https:\/\/guc.asso.fr\/gucescrime\/index.php\/guc-escrime\/tarifs-et-inscriptions\/\" \/>\n<meta property=\"og:site_name\" content=\"GUC-Escrime\" \/>\n<meta property=\"article:publisher\" content=\"https:\/\/www.facebook.com\/gucescrime\" \/>\n<meta property=\"article:modified_time\" content=\"2025-10-01T06:39:16+00:00\" \/>\n<meta property=\"og:image\" content=\"http:\/\/guc.asso.fr\/gucescrime\/wp-content\/uploads\/2022\/05\/Isere_tatoo_zoom_250.jpg\" \/>\n<meta name=\"twitter:card\" content=\"summary_large_image\" \/>\n<meta name=\"twitter:label1\" content=\"Dur\u00e9e de lecture estim\u00e9e\" \/>\n\t<meta name=\"twitter:data1\" content=\"4 minutes\" \/>\n<script type=\"application\/ld+json\" class=\"yoast-schema-graph\">{\"@context\":\"https:\/\/schema.org\",\"@graph\":[{\"@type\":\"WebPage\",\"@id\":\"https:\/\/guc.asso.fr\/gucescrime\/index.php\/guc-escrime\/tarifs-et-inscriptions\/\",\"url\":\"https:\/\/guc.asso.fr\/gucescrime\/index.php\/guc-escrime\/tarifs-et-inscriptions\/\",\"name\":\"Tarifs et inscriptions - GUC-Escrime\",\"isPartOf\":{\"@id\":\"https:\/\/guc.asso.fr\/gucescrime\/#website\"},\"primaryImageOfPage\":{\"@id\":\"https:\/\/guc.asso.fr\/gucescrime\/index.php\/guc-escrime\/tarifs-et-inscriptions\/#primaryimage\"},\"image\":{\"@id\":\"https:\/\/guc.asso.fr\/gucescrime\/index.php\/guc-escrime\/tarifs-et-inscriptions\/#primaryimage\"},\"thumbnailUrl\":\"http:\/\/guc.asso.fr\/gucescrime\/wp-content\/uploads\/2022\/05\/Isere_tatoo_zoom_250.jpg\",\"datePublished\":\"2018-06-16T19:45:29+00:00\",\"dateModified\":\"2025-10-01T06:39:16+00:00\",\"description\":\"Tarifs et inscriptions Grenoble Universit\u00e9 Club Escrime : cotisation, licence FFE et location de l'\u00e9quipement. R\u00e9ductions \u00e9tudiants et familles.\",\"breadcrumb\":{\"@id\":\"https:\/\/guc.asso.fr\/gucescrime\/index.php\/guc-escrime\/tarifs-et-inscriptions\/#breadcrumb\"},\"inLanguage\":\"fr-FR\",\"potentialAction\":[{\"@type\":\"ReadAction\",\"target\":[\"https:\/\/guc.asso.fr\/gucescrime\/index.php\/guc-escrime\/tarifs-et-inscriptions\/\"]}]},{\"@type\":\"ImageObject\",\"inLanguage\":\"fr-FR\",\"@id\":\"https:\/\/guc.asso.fr\/gucescrime\/index.php\/guc-escrime\/tarifs-et-inscriptions\/#primaryimage\",\"url\":\"https:\/\/i0.wp.com\/guc.asso.fr\/gucescrime\/wp-content\/uploads\/2022\/05\/Isere_tatoo_zoom_250.jpg?fit=250%2C190\",\"contentUrl\":\"https:\/\/i0.wp.com\/guc.asso.fr\/gucescrime\/wp-content\/uploads\/2022\/05\/Isere_tatoo_zoom_250.jpg?fit=250%2C190\",\"width\":250,\"height\":190},{\"@type\":\"BreadcrumbList\",\"@id\":\"https:\/\/guc.asso.fr\/gucescrime\/index.php\/guc-escrime\/tarifs-et-inscriptions\/#breadcrumb\",\"itemListElement\":[{\"@type\":\"ListItem\",\"position\":1,\"name\":\"Accueil\",\"item\":\"https:\/\/guc.asso.fr\/gucescrime\/\"},{\"@type\":\"ListItem\",\"position\":2,\"name\":\"GUC Escrime\",\"item\":\"https:\/\/guc.asso.fr\/gucescrime\/\"},{\"@type\":\"ListItem\",\"position\":3,\"name\":\"Tarifs et inscriptions\"}]},{\"@type\":\"WebSite\",\"@id\":\"https:\/\/guc.asso.fr\/gucescrime\/#website\",\"url\":\"https:\/\/guc.asso.fr\/gucescrime\/\",\"name\":\"GUC-Escrime\",\"description\":\"L&#039;art du fleuret et l&#039;esprit du sport \u00e0 Grenoble\",\"publisher\":{\"@id\":\"https:\/\/guc.asso.fr\/gucescrime\/#organization\"},\"potentialAction\":[{\"@type\":\"SearchAction\",\"target\":{\"@type\":\"EntryPoint\",\"urlTemplate\":\"https:\/\/guc.asso.fr\/gucescrime\/?s={search_term_string}\"},\"query-input\":{\"@type\":\"PropertyValueSpecification\",\"valueRequired\":true,\"valueName\":\"search_term_string\"}}],\"inLanguage\":\"fr-FR\"},{\"@type\":\"Organization\",\"@id\":\"https:\/\/guc.asso.fr\/gucescrime\/#organization\",\"name\":\"GUC-Escrime\",\"url\":\"https:\/\/guc.asso.fr\/gucescrime\/\",\"logo\":{\"@type\":\"ImageObject\",\"inLanguage\":\"fr-FR\",\"@id\":\"https:\/\/guc.asso.fr\/gucescrime\/#\/schema\/logo\/image\/\",\"url\":\"https:\/\/i0.wp.com\/guc.asso.fr\/gucescrime\/wp-content\/uploads\/2018\/06\/logo_GUC2014_JV_h0250.png?fit=186%2C250\",\"contentUrl\":\"https:\/\/i0.wp.com\/guc.asso.fr\/gucescrime\/wp-content\/uploads\/2018\/06\/logo_GUC2014_JV_h0250.png?fit=186%2C250\",\"width\":186,\"height\":250,\"caption\":\"GUC-Escrime\"},\"image\":{\"@id\":\"https:\/\/guc.asso.fr\/gucescrime\/#\/schema\/logo\/image\/\"},\"sameAs\":[\"https:\/\/www.facebook.com\/gucescrime\"]}]}<\/script>\n<!-- \/ Yoast SEO plugin. -->","yoast_head_json":{"title":"Tarifs et inscriptions - GUC-Escrime","description":"Tarifs et inscriptions Grenoble Universit\u00e9 Club Escrime : cotisation, licence FFE et location de l'\u00e9quipement. R\u00e9ductions \u00e9tudiants et familles.","robots":{"index":"index","follow":"follow","max-snippet":"max-snippet:-1","max-image-preview":"max-image-preview:large","max-video-preview":"max-video-preview:-1"},"canonical":"https:\/\/guc.asso.fr\/gucescrime\/index.php\/guc-escrime\/tarifs-et-inscriptions\/","og_locale":"fr_FR","og_type":"article","og_title":"Tarifs et inscriptions - GUC-Escrime","og_description":"Tarifs et inscriptions Grenoble Universit\u00e9 Club Escrime : cotisation, licence FFE et location de l'\u00e9quipement. R\u00e9ductions \u00e9tudiants et familles.","og_url":"https:\/\/guc.asso.fr\/gucescrime\/index.php\/guc-escrime\/tarifs-et-inscriptions\/","og_site_name":"GUC-Escrime","article_publisher":"https:\/\/www.facebook.com\/gucescrime","article_modified_time":"2025-10-01T06:39:16+00:00","og_image":[{"url":"http:\/\/guc.asso.fr\/gucescrime\/wp-content\/uploads\/2022\/05\/Isere_tatoo_zoom_250.jpg","type":"","width":"","height":""}],"twitter_card":"summary_large_image","twitter_misc":{"Dur\u00e9e de lecture estim\u00e9e":"4 minutes"},"schema":{"@context":"https:\/\/schema.org","@graph":[{"@type":"WebPage","@id":"https:\/\/guc.asso.fr\/gucescrime\/index.php\/guc-escrime\/tarifs-et-inscriptions\/","url":"https:\/\/guc.asso.fr\/gucescrime\/index.php\/guc-escrime\/tarifs-et-inscriptions\/","name":"Tarifs et inscriptions - GUC-Escrime","isPartOf":{"@id":"https:\/\/guc.asso.fr\/gucescrime\/#website"},"primaryImageOfPage":{"@id":"https:\/\/guc.asso.fr\/gucescrime\/index.php\/guc-escrime\/tarifs-et-inscriptions\/#primaryimage"},"image":{"@id":"https:\/\/guc.asso.fr\/gucescrime\/index.php\/guc-escrime\/tarifs-et-inscriptions\/#primaryimage"},"thumbnailUrl":"http:\/\/guc.asso.fr\/gucescrime\/wp-content\/uploads\/2022\/05\/Isere_tatoo_zoom_250.jpg","datePublished":"2018-06-16T19:45:29+00:00","dateModified":"2025-10-01T06:39:16+00:00","description":"Tarifs et inscriptions Grenoble Universit\u00e9 Club Escrime : cotisation, licence FFE et location de l'\u00e9quipement. R\u00e9ductions \u00e9tudiants et familles.","breadcrumb":{"@id":"https:\/\/guc.asso.fr\/gucescrime\/index.php\/guc-escrime\/tarifs-et-inscriptions\/#breadcrumb"},"inLanguage":"fr-FR","potentialAction":[{"@type":"ReadAction","target":["https:\/\/guc.asso.fr\/gucescrime\/index.php\/guc-escrime\/tarifs-et-inscriptions\/"]}]},{"@type":"ImageObject","inLanguage":"fr-FR","@id":"https:\/\/guc.asso.fr\/gucescrime\/index.php\/guc-escrime\/tarifs-et-inscriptions\/#primaryimage","url":"https:\/\/i0.wp.com\/guc.asso.fr\/gucescrime\/wp-content\/uploads\/2022\/05\/Isere_tatoo_zoom_250.jpg?fit=250%2C190","contentUrl":"https:\/\/i0.wp.com\/guc.asso.fr\/gucescrime\/wp-content\/uploads\/2022\/05\/Isere_tatoo_zoom_250.jpg?fit=250%2C190","width":250,"height":190},{"@type":"BreadcrumbList","@id":"https:\/\/guc.asso.fr\/gucescrime\/index.php\/guc-escrime\/tarifs-et-inscriptions\/#breadcrumb","itemListElement":[{"@type":"ListItem","position":1,"name":"Accueil","item":"https:\/\/guc.asso.fr\/gucescrime\/"},{"@type":"ListItem","position":2,"name":"GUC Escrime","item":"https:\/\/guc.asso.fr\/gucescrime\/"},{"@type":"ListItem","position":3,"name":"Tarifs et inscriptions"}]},{"@type":"WebSite","@id":"https:\/\/guc.asso.fr\/gucescrime\/#website","url":"https:\/\/guc.asso.fr\/gucescrime\/","name":"GUC-Escrime","description":"L&#039;art du fleuret et l&#039;esprit du sport \u00e0 Grenoble","publisher":{"@id":"https:\/\/guc.asso.fr\/gucescrime\/#organization"},"potentialAction":[{"@type":"SearchAction","target":{"@type":"EntryPoint","urlTemplate":"https:\/\/guc.asso.fr\/gucescrime\/?s={search_term_string}"},"query-input":{"@type":"PropertyValueSpecification","valueRequired":true,"valueName":"search_term_string"}}],"inLanguage":"fr-FR"},{"@type":"Organization","@id":"https:\/\/guc.asso.fr\/gucescrime\/#organization","name":"GUC-Escrime","url":"https:\/\/guc.asso.fr\/gucescrime\/","logo":{"@type":"ImageObject","inLanguage":"fr-FR","@id":"https:\/\/guc.asso.fr\/gucescrime\/#\/schema\/logo\/image\/","url":"https:\/\/i0.wp.com\/guc.asso.fr\/gucescrime\/wp-content\/uploads\/2018\/06\/logo_GUC2014_JV_h0250.png?fit=186%2C250","contentUrl":"https:\/\/i0.wp.com\/guc.asso.fr\/gucescrime\/wp-content\/uploads\/2018\/06\/logo_GUC2014_JV_h0250.png?fit=186%2C250","width":186,"height":250,"caption":"GUC-Escrime"},"image":{"@id":"https:\/\/guc.asso.fr\/gucescrime\/#\/schema\/logo\/image\/"},"sameAs":["https:\/\/www.facebook.com\/gucescrime"]}]}},"jetpack_sharing_enabled":true,"jetpack_shortlink":"https:\/\/wp.me\/Pa0KHz-23","_links":{"self":[{"href":"http:\/\/guc.asso.fr\/gucescrime\/index.php\/wp-json\/wp\/v2\/pages\/127","targetHints":{"allow":["GET"]}}],"collection":[{"href":"http:\/\/guc.asso.fr\/gucescrime\/index.php\/wp-json\/wp\/v2\/pages"}],"about":[{"href":"http:\/\/guc.asso.fr\/gucescrime\/index.php\/wp-json\/wp\/v2\/types\/page"}],"author":[{"embeddable":true,"href":"http:\/\/guc.asso.fr\/gucescrime\/index.php\/wp-json\/wp\/v2\/users\/1"}],"replies":[{"embeddable":true,"href":"http:\/\/guc.asso.fr\/gucescrime\/index.php\/wp-json\/wp\/v2\/comments?post=127"}],"version-history":[{"count":96,"href":"http:\/\/guc.asso.fr\/gucescrime\/index.php\/wp-json\/wp\/v2\/pages\/127\/revisions"}],"predecessor-version":[{"id":3678,"href":"http:\/\/guc.asso.fr\/gucescrime\/index.php\/wp-json\/wp\/v2\/pages\/127\/revisions\/3678"}],"up":[{"embeddable":true,"href":"http:\/\/guc.asso.fr\/gucescrime\/index.php\/wp-json\/wp\/v2\/pages\/1862"}],"wp:attachment":[{"href":"http:\/\/guc.asso.fr\/gucescrime\/index.php\/wp-json\/wp\/v2\/media?parent=127"}],"curies":[{"name":"wp","href":"https:\/\/api.w.org\/{rel}","templated":true}]}}